{"id":122,"date":"2010-02-07T20:07:53","date_gmt":"2010-02-07T20:07:53","guid":{"rendered":"http:\/\/www.interamericanstudies.net\/wordpress\/?page_id=122"},"modified":"2012-12-04T19:50:06","modified_gmt":"2012-12-04T19:50:06","slug":"metas-y-actividades","status":"publish","type":"page","link":"http:\/\/www.interamericanstudies.net\/?page_id=122","title":{"rendered":"Metas y actividades"},"content":{"rendered":"<p>La Asociaci\u00f3n Internacional de Estudios Interamericanos (EIA) tiene como objetivo fomentar la investigaci\u00f3n de asuntos interamericanos as\u00ed como estudios regionales y transregionales. Pone a disposici\u00f3n una plataforma para la coordinaci\u00f3n de proyectos individuales y de grupos. La asociaci\u00f3n quiere servir como una red global para profesores y estudiantes, as\u00ed como para iniciativas y organizaciones dedicadas a estudios interdisciplinarios de la Am\u00e9rica Latine, el Caribe, los EE.UU. y Canad\u00e1. Ambicionamos contribuir a una descentralizaci\u00f3n de geo-pol\u00edtica de conocimientos al facilitar reconocimiento com\u00fan, discusi\u00f3n y cooperaci\u00f3n. La Asociaci\u00f3n tambi\u00e9n sirve como una organizaci\u00f3n central para otras redes y asociaciones promoviendo di\u00e1logos entre ellas\u2013 m\u00e1s all\u00e1 de disciplinas acad\u00e9micos y orientaciones regionales y nacionales. Adem\u00e1s, la asociaci\u00f3n va a apoyar a academicos jovenes entr\u00e1ndose ese campo.<br \/>\nLa Asociaci\u00f3n organiza conferencias bianuales, alternativamente con las conferencias bianuales de la International American Studies Association (<a href=\"http:\/\/www.iasaweb.org\/\">IASA<\/a>). Publica tambi\u00e9n la revista electr\u00f3nica <a href=\"http:\/\/interamerica.de\">fiar<\/a>: Forum for Inter-American Research. Aparte de eso, la asociaci\u00f3n ofrece noticias y anuncios sobre proyectos y asuntos interamericanos y pone a disposici\u00f3n <a href=\"http:\/\/www.interamericanstudies.net\/?page_id=38\">recursos<\/a> como planes de cursos, rese\u00f1as de libros, y informaciones sobre publicaciones interamericanas.<\/p>\n","protected":false},"excerpt":{"rendered":"<p>La Asociaci\u00f3n Internacional de Estudios Interamericanos (EIA) tiene como objetivo fomentar la investigaci\u00f3n de asuntos interamericanos as\u00ed como estudios regionales y transregionales. Pone a disposici\u00f3n una plataforma para la coordinaci\u00f3n &#8230;<\/p>\n","protected":false},"author":1,"featured_media":0,"parent":54,"menu_order":17,"comment_status":"open","ping_status":"closed","template":"","meta":{"footnotes":""},"class_list":["post-122","page","type-page","status-publish","hentry"],"yoast_head":"<!-- This site is optimized with the Yoast SEO plugin v26.8 - https:\/\/yoast.com\/product\/yoast-seo-wordpress\/ -->\n<title>Metas y actividades - Inter-American Studies<\/title>\n<meta name=\"robots\" content=\"index, follow, max-snippet:-1, max-image-preview:large, max-video-preview:-1\" \/>\n<link rel=\"canonical\" href=\"https:\/\/www.interamericanstudies.net\/?page_id=122\" \/>\n<meta property=\"og:locale\" content=\"en_US\" \/>\n<meta property=\"og:type\" content=\"article\" \/>\n<meta property=\"og:title\" content=\"Metas y actividades - Inter-American Studies\" \/>\n<meta property=\"og:description\" content=\"La Asociaci\u00f3n Internacional de Estudios Interamericanos (EIA) tiene como objetivo fomentar la investigaci\u00f3n de asuntos interamericanos as\u00ed como estudios regionales y transregionales. Pone a disposici\u00f3n una plataforma para la coordinaci\u00f3n ...\" \/>\n<meta property=\"og:url\" content=\"https:\/\/www.interamericanstudies.net\/?page_id=122\" \/>\n<meta property=\"og:site_name\" content=\"Inter-American Studies\" \/>\n<meta property=\"article:publisher\" content=\"https:\/\/www.facebook.com\/interamericanstudies2009\" \/>\n<meta property=\"article:modified_time\" content=\"2012-12-04T19:50:06+00:00\" \/>\n<meta name=\"twitter:card\" content=\"summary_large_image\" \/>\n<meta name=\"twitter:label1\" content=\"Est. reading time\" \/>\n\t<meta name=\"twitter:data1\" content=\"1 minute\" \/>\n<script type=\"application\/ld+json\" class=\"yoast-schema-graph\">{\"@context\":\"https:\/\/schema.org\",\"@graph\":[{\"@type\":\"WebPage\",\"@id\":\"https:\/\/www.interamericanstudies.net\/?page_id=122\",\"url\":\"https:\/\/www.interamericanstudies.net\/?page_id=122\",\"name\":\"Metas y actividades - Inter-American Studies\",\"isPartOf\":{\"@id\":\"https:\/\/www.interamericanstudies.net\/#website\"},\"datePublished\":\"2010-02-07T20:07:53+00:00\",\"dateModified\":\"2012-12-04T19:50:06+00:00\",\"breadcrumb\":{\"@id\":\"https:\/\/www.interamericanstudies.net\/?page_id=122#breadcrumb\"},\"inLanguage\":\"en-US\",\"potentialAction\":[{\"@type\":\"ReadAction\",\"target\":[\"https:\/\/www.interamericanstudies.net\/?page_id=122\"]}]},{\"@type\":\"BreadcrumbList\",\"@id\":\"https:\/\/www.interamericanstudies.net\/?page_id=122#breadcrumb\",\"itemListElement\":[{\"@type\":\"ListItem\",\"position\":1,\"name\":\"Home\",\"item\":\"https:\/\/www.interamericanstudies.net\/\"},{\"@type\":\"ListItem\",\"position\":2,\"name\":\"En Espa\u00f1ol\",\"item\":\"http:\/\/www.interamericanstudies.net\/?page_id=54\"},{\"@type\":\"ListItem\",\"position\":3,\"name\":\"Metas y actividades\"}]},{\"@type\":\"WebSite\",\"@id\":\"https:\/\/www.interamericanstudies.net\/#website\",\"url\":\"https:\/\/www.interamericanstudies.net\/\",\"name\":\"Inter-American Studies\",\"description\":\"International Association of Inter-American Studies\",\"publisher\":{\"@id\":\"https:\/\/www.interamericanstudies.net\/#organization\"},\"potentialAction\":[{\"@type\":\"SearchAction\",\"target\":{\"@type\":\"EntryPoint\",\"urlTemplate\":\"https:\/\/www.interamericanstudies.net\/?s={search_term_string}\"},\"query-input\":{\"@type\":\"PropertyValueSpecification\",\"valueRequired\":true,\"valueName\":\"search_term_string\"}}],\"inLanguage\":\"en-US\"},{\"@type\":\"Organization\",\"@id\":\"https:\/\/www.interamericanstudies.net\/#organization\",\"name\":\"Inter-American Studies\",\"url\":\"https:\/\/www.interamericanstudies.net\/\",\"logo\":{\"@type\":\"ImageObject\",\"inLanguage\":\"en-US\",\"@id\":\"https:\/\/www.interamericanstudies.net\/#\/schema\/logo\/image\/\",\"url\":\"http:\/\/www.interamericanstudies.net\/wp-content\/uploads\/2024\/09\/ias_logo_ohne_kleiner.png\",\"contentUrl\":\"http:\/\/www.interamericanstudies.net\/wp-content\/uploads\/2024\/09\/ias_logo_ohne_kleiner.png\",\"width\":850,\"height\":155,\"caption\":\"Inter-American Studies\"},\"image\":{\"@id\":\"https:\/\/www.interamericanstudies.net\/#\/schema\/logo\/image\/\"},\"sameAs\":[\"https:\/\/www.facebook.com\/interamericanstudies2009\"]}]}<\/script>\n<!-- \/ Yoast SEO plugin. -->","yoast_head_json":{"title":"Metas y actividades - Inter-American Studies","robots":{"index":"index","follow":"follow","max-snippet":"max-snippet:-1","max-image-preview":"max-image-preview:large","max-video-preview":"max-video-preview:-1"},"canonical":"https:\/\/www.interamericanstudies.net\/?page_id=122","og_locale":"en_US","og_type":"article","og_title":"Metas y actividades - Inter-American Studies","og_description":"La Asociaci\u00f3n Internacional de Estudios Interamericanos (EIA) tiene como objetivo fomentar la investigaci\u00f3n de asuntos interamericanos as\u00ed como estudios regionales y transregionales. Pone a disposici\u00f3n una plataforma para la coordinaci\u00f3n ...","og_url":"https:\/\/www.interamericanstudies.net\/?page_id=122","og_site_name":"Inter-American Studies","article_publisher":"https:\/\/www.facebook.com\/interamericanstudies2009","article_modified_time":"2012-12-04T19:50:06+00:00","twitter_card":"summary_large_image","twitter_misc":{"Est. reading time":"1 minute"},"schema":{"@context":"https:\/\/schema.org","@graph":[{"@type":"WebPage","@id":"https:\/\/www.interamericanstudies.net\/?page_id=122","url":"https:\/\/www.interamericanstudies.net\/?page_id=122","name":"Metas y actividades - Inter-American Studies","isPartOf":{"@id":"https:\/\/www.interamericanstudies.net\/#website"},"datePublished":"2010-02-07T20:07:53+00:00","dateModified":"2012-12-04T19:50:06+00:00","breadcrumb":{"@id":"https:\/\/www.interamericanstudies.net\/?page_id=122#breadcrumb"},"inLanguage":"en-US","potentialAction":[{"@type":"ReadAction","target":["https:\/\/www.interamericanstudies.net\/?page_id=122"]}]},{"@type":"BreadcrumbList","@id":"https:\/\/www.interamericanstudies.net\/?page_id=122#breadcrumb","itemListElement":[{"@type":"ListItem","position":1,"name":"Home","item":"https:\/\/www.interamericanstudies.net\/"},{"@type":"ListItem","position":2,"name":"En Espa\u00f1ol","item":"http:\/\/www.interamericanstudies.net\/?page_id=54"},{"@type":"ListItem","position":3,"name":"Metas y actividades"}]},{"@type":"WebSite","@id":"https:\/\/www.interamericanstudies.net\/#website","url":"https:\/\/www.interamericanstudies.net\/","name":"Inter-American Studies","description":"International Association of Inter-American Studies","publisher":{"@id":"https:\/\/www.interamericanstudies.net\/#organization"},"potentialAction":[{"@type":"SearchAction","target":{"@type":"EntryPoint","urlTemplate":"https:\/\/www.interamericanstudies.net\/?s={search_term_string}"},"query-input":{"@type":"PropertyValueSpecification","valueRequired":true,"valueName":"search_term_string"}}],"inLanguage":"en-US"},{"@type":"Organization","@id":"https:\/\/www.interamericanstudies.net\/#organization","name":"Inter-American Studies","url":"https:\/\/www.interamericanstudies.net\/","logo":{"@type":"ImageObject","inLanguage":"en-US","@id":"https:\/\/www.interamericanstudies.net\/#\/schema\/logo\/image\/","url":"http:\/\/www.interamericanstudies.net\/wp-content\/uploads\/2024\/09\/ias_logo_ohne_kleiner.png","contentUrl":"http:\/\/www.interamericanstudies.net\/wp-content\/uploads\/2024\/09\/ias_logo_ohne_kleiner.png","width":850,"height":155,"caption":"Inter-American Studies"},"image":{"@id":"https:\/\/www.interamericanstudies.net\/#\/schema\/logo\/image\/"},"sameAs":["https:\/\/www.facebook.com\/interamericanstudies2009"]}]}},"_links":{"self":[{"href":"http:\/\/www.interamericanstudies.net\/index.php?rest_route=\/wp\/v2\/pages\/122","targetHints":{"allow":["GET"]}}],"collection":[{"href":"http:\/\/www.interamericanstudies.net\/index.php?rest_route=\/wp\/v2\/pages"}],"about":[{"href":"http:\/\/www.interamericanstudies.net\/index.php?rest_route=\/wp\/v2\/types\/page"}],"author":[{"embeddable":true,"href":"http:\/\/www.interamericanstudies.net\/index.php?rest_route=\/wp\/v2\/users\/1"}],"replies":[{"embeddable":true,"href":"http:\/\/www.interamericanstudies.net\/index.php?rest_route=%2Fwp%2Fv2%2Fcomments&post=122"}],"version-history":[{"count":3,"href":"http:\/\/www.interamericanstudies.net\/index.php?rest_route=\/wp\/v2\/pages\/122\/revisions"}],"predecessor-version":[{"id":4036,"href":"http:\/\/www.interamericanstudies.net\/index.php?rest_route=\/wp\/v2\/pages\/122\/revisions\/4036"}],"up":[{"embeddable":true,"href":"http:\/\/www.interamericanstudies.net\/index.php?rest_route=\/wp\/v2\/pages\/54"}],"wp:attachment":[{"href":"http:\/\/www.interamericanstudies.net\/index.php?rest_route=%2Fwp%2Fv2%2Fmedia&parent=122"}],"curies":[{"name":"wp","href":"https:\/\/api.w.org\/{rel}","templated":true}]}}