{"id":5433,"date":"2014-05-16T19:52:54","date_gmt":"2014-05-16T19:52:54","guid":{"rendered":"http:\/\/www.interamericanstudies.net\/?page_id=5433"},"modified":"2018-03-31T15:23:00","modified_gmt":"2018-03-31T15:23:00","slug":"ingresar-en-eia","status":"publish","type":"page","link":"http:\/\/www.interamericanstudies.net\/?page_id=5433","title":{"rendered":"Ingresar en EIA"},"content":{"rendered":"<p>Para ingresar en la EIA, for favor, rellene el siguiente formulario y elija una modalidad de pago. Recibir\u00e1 un acuse de recibo, tan pronto como hayamos recibido su pago de socio. Entonces tendr\u00e1 la oportunidad de escoger una contrase\u00f1a para entrar la parte de la p\u00e1gina web exclusiva para miembros<\/p>\n<p>Para pagar su cuota de socio con tarjeta de cr\u00e9dito utilizando PayPal, por favor <a href=\"http:\/\/www.interamericanstudies.net\/?page_id=583\">haga click aqu\u00ed<\/a>. <\/p>\n\n<div class=\"wpcf7 no-js\" id=\"wpcf7-f7117-o1\" lang=\"en-US\" dir=\"ltr\" data-wpcf7-id=\"7117\">\n<div class=\"screen-reader-response\"><p role=\"status\" aria-live=\"polite\" aria-atomic=\"true\"><\/p> <ul><\/ul><\/div>\n<form action=\"\/index.php?rest_route=%2Fwp%2Fv2%2Fpages%2F5433#wpcf7-f7117-o1\" method=\"post\" class=\"wpcf7-form init\" aria-label=\"Contact form\" novalidate=\"novalidate\" data-status=\"init\">\n<fieldset class=\"hidden-fields-container\"><input type=\"hidden\" name=\"_wpcf7\" value=\"7117\" \/><input type=\"hidden\" name=\"_wpcf7_version\" value=\"6.1.5\" \/><input type=\"hidden\" name=\"_wpcf7_locale\" value=\"en_US\" \/><input type=\"hidden\" name=\"_wpcf7_unit_tag\" value=\"wpcf7-f7117-o1\" \/><input type=\"hidden\" name=\"_wpcf7_container_post\" value=\"0\" \/><input type=\"hidden\" name=\"_wpcf7_posted_data_hash\" value=\"\" \/>\n<\/fieldset>\n<p>Appelido\n<\/p>\n<p><span class=\"wpcf7-form-control-wrap\" data-name=\"Appelido\"><input size=\"40\" maxlength=\"400\" class=\"wpcf7-form-control wpcf7-text\" aria-invalid=\"false\" value=\"\" type=\"text\" name=\"Appelido\" \/><\/span>\n<\/p>\n<p>Nombre (obligatorio)\n<\/p>\n<p><span class=\"wpcf7-form-control-wrap\" data-name=\"your-name\"><input size=\"40\" maxlength=\"400\" class=\"wpcf7-form-control wpcf7-text wpcf7-validates-as-required\" aria-required=\"true\" aria-invalid=\"false\" value=\"\" type=\"text\" name=\"your-name\" \/><\/span>\n<\/p>\n<p>Direcci\u00f3n de corr\u00e9o electr\u00f3nico (obligatorio)\n<\/p>\n<p>(Preste atenci\u00f3n que la direcci\u00f3n electr\u00f3nico tambi\u00e9n es su entrada de identificaci\u00f3n para la parte exclusiva para miembros.)\n<\/p>\n<p><span class=\"wpcf7-form-control-wrap\" data-name=\"your-email\"><input size=\"40\" maxlength=\"400\" class=\"wpcf7-form-control wpcf7-email wpcf7-validates-as-required wpcf7-text wpcf7-validates-as-email\" aria-required=\"true\" aria-invalid=\"false\" value=\"\" type=\"email\" name=\"your-email\" \/><\/span>\n<\/p>\n<p>Instituci\u00f3n\n<\/p>\n<p><span class=\"wpcf7-form-control-wrap\" data-name=\"Institucion\"><input size=\"40\" maxlength=\"400\" class=\"wpcf7-form-control wpcf7-text\" aria-invalid=\"false\" value=\"\" type=\"text\" name=\"Institucion\" \/><\/span>\n<\/p>\n<p>Direcci\u00f3n\n<\/p>\n<p><span class=\"wpcf7-form-control-wrap\" data-name=\"Direccion\"><textarea cols=\"40\" rows=\"5\" maxlength=\"2000\" class=\"wpcf7-form-control wpcf7-textarea\" aria-invalid=\"false\" name=\"Direccion\"><\/textarea><\/span>\n<\/p>\n<p>Disciplina(s) acad\u00e9mica(s)\n<\/p>\n<p><span class=\"wpcf7-form-control-wrap\" data-name=\"Disciplinas\"><textarea cols=\"40\" rows=\"4\" maxlength=\"2000\" class=\"wpcf7-form-control wpcf7-textarea\" aria-invalid=\"false\" name=\"Disciplinas\"><\/textarea><\/span>\n<\/p>\n<p> Campo(s) de investigaci\u00f3n\n<\/p>\n<p><span class=\"wpcf7-form-control-wrap\" data-name=\"Campos\"><textarea cols=\"40\" rows=\"6\" maxlength=\"2000\" class=\"wpcf7-form-control wpcf7-textarea\" aria-invalid=\"false\" name=\"Campos\"><\/textarea><\/span>\n<\/p>\n<p> Suma de cuota de socio anual\n<\/p>\n<p><span class=\"wpcf7-form-control-wrap\" data-name=\"Suma\"><span class=\"wpcf7-form-control wpcf7-radio\"><span class=\"wpcf7-list-item first\"><label><input type=\"radio\" name=\"Suma\" value=\"10 Euros\" \/><span class=\"wpcf7-list-item-label\">10 Euros<\/span><\/label><\/span><span class=\"wpcf7-list-item\"><label><input type=\"radio\" name=\"Suma\" value=\"30 Euros\" \/><span class=\"wpcf7-list-item-label\">30 Euros<\/span><\/label><\/span><span class=\"wpcf7-list-item\"><label><input type=\"radio\" name=\"Suma\" value=\"50 Euros\" \/><span class=\"wpcf7-list-item-label\">50 Euros<\/span><\/label><\/span><span class=\"wpcf7-list-item last\"><label><input type=\"radio\" name=\"Suma\" value=\"pertenencia de instituciones: 100 Euros\" \/><span class=\"wpcf7-list-item-label\">pertenencia de instituciones: 100 Euros<\/span><\/label><\/span><\/span><\/span>\n<\/p>\n<p><input class=\"wpcf7-form-control wpcf7-submit has-spinner\" type=\"submit\" value=\"Enviar\" \/>\n<\/p><p style=\"display: none !important;\" class=\"akismet-fields-container\" data-prefix=\"_wpcf7_ak_\"><label>&#916;<textarea name=\"_wpcf7_ak_hp_textarea\" cols=\"45\" rows=\"8\" maxlength=\"100\"><\/textarea><\/label><input type=\"hidden\" id=\"ak_js_1\" name=\"_wpcf7_ak_js\" value=\"21\"\/><script>document.getElementById( \"ak_js_1\" ).setAttribute( \"value\", ( new Date() ).getTime() );<\/script><\/p><div class=\"wpcf7-response-output\" aria-hidden=\"true\"><\/div>\n<\/form>\n<\/div>\n\n<p>Para pagar su cuota de socio, por favor refiere a esta p\u00e1gina: <a href=\"http:\/\/www.interamericanstudies.net\/?page_id=583\">http:\/\/www.interamericanstudies.net\/?page_id=583<\/a><\/p>\n","protected":false},"excerpt":{"rendered":"<p>Para ingresar en la EIA, for favor, rellene el siguiente formulario y elija una modalidad de pago. Recibir\u00e1 un acuse de recibo, tan pronto como hayamos recibido su pago de &#8230;<\/p>\n","protected":false},"author":1,"featured_media":0,"parent":5427,"menu_order":1,"comment_status":"closed","ping_status":"closed","template":"","meta":{"footnotes":""},"class_list":["post-5433","page","type-page","status-publish","hentry"],"yoast_head":"<!-- This site is optimized with the Yoast SEO plugin v26.8 - https:\/\/yoast.com\/product\/yoast-seo-wordpress\/ -->\n<title>Ingresar en EIA - Inter-American Studies<\/title>\n<meta name=\"robots\" content=\"index, follow, max-snippet:-1, max-image-preview:large, max-video-preview:-1\" \/>\n<link rel=\"canonical\" href=\"http:\/\/www.interamericanstudies.net\/?page_id=5433\" \/>\n<meta property=\"og:locale\" content=\"en_US\" \/>\n<meta property=\"og:type\" content=\"article\" \/>\n<meta property=\"og:title\" content=\"Ingresar en EIA - Inter-American Studies\" \/>\n<meta property=\"og:description\" content=\"Para ingresar en la EIA, for favor, rellene el siguiente formulario y elija una modalidad de pago. Recibir\u00e1 un acuse de recibo, tan pronto como hayamos recibido su pago de ...\" \/>\n<meta property=\"og:url\" content=\"http:\/\/www.interamericanstudies.net\/?page_id=5433\" \/>\n<meta property=\"og:site_name\" content=\"Inter-American Studies\" \/>\n<meta property=\"article:publisher\" content=\"https:\/\/www.facebook.com\/interamericanstudies2009\" \/>\n<meta property=\"article:modified_time\" content=\"2018-03-31T15:23:00+00:00\" \/>\n<meta name=\"twitter:card\" content=\"summary_large_image\" \/>\n<script type=\"application\/ld+json\" class=\"yoast-schema-graph\">{\"@context\":\"https:\/\/schema.org\",\"@graph\":[{\"@type\":\"WebPage\",\"@id\":\"http:\/\/www.interamericanstudies.net\/?page_id=5433\",\"url\":\"http:\/\/www.interamericanstudies.net\/?page_id=5433\",\"name\":\"Ingresar en EIA - Inter-American Studies\",\"isPartOf\":{\"@id\":\"http:\/\/www.interamericanstudies.net\/#website\"},\"datePublished\":\"2014-05-16T19:52:54+00:00\",\"dateModified\":\"2018-03-31T15:23:00+00:00\",\"breadcrumb\":{\"@id\":\"http:\/\/www.interamericanstudies.net\/?page_id=5433#breadcrumb\"},\"inLanguage\":\"en-US\",\"potentialAction\":[{\"@type\":\"ReadAction\",\"target\":[\"http:\/\/www.interamericanstudies.net\/?page_id=5433\"]}]},{\"@type\":\"BreadcrumbList\",\"@id\":\"http:\/\/www.interamericanstudies.net\/?page_id=5433#breadcrumb\",\"itemListElement\":[{\"@type\":\"ListItem\",\"position\":1,\"name\":\"Home\",\"item\":\"http:\/\/www.interamericanstudies.net\/\"},{\"@type\":\"ListItem\",\"position\":2,\"name\":\"Join\/Ingreso\",\"item\":\"http:\/\/www.interamericanstudies.net\/?page_id=5427\"},{\"@type\":\"ListItem\",\"position\":3,\"name\":\"Ingresar en EIA\"}]},{\"@type\":\"WebSite\",\"@id\":\"http:\/\/www.interamericanstudies.net\/#website\",\"url\":\"http:\/\/www.interamericanstudies.net\/\",\"name\":\"Inter-American Studies\",\"description\":\"International Association of Inter-American Studies\",\"publisher\":{\"@id\":\"http:\/\/www.interamericanstudies.net\/#organization\"},\"potentialAction\":[{\"@type\":\"SearchAction\",\"target\":{\"@type\":\"EntryPoint\",\"urlTemplate\":\"http:\/\/www.interamericanstudies.net\/?s={search_term_string}\"},\"query-input\":{\"@type\":\"PropertyValueSpecification\",\"valueRequired\":true,\"valueName\":\"search_term_string\"}}],\"inLanguage\":\"en-US\"},{\"@type\":\"Organization\",\"@id\":\"http:\/\/www.interamericanstudies.net\/#organization\",\"name\":\"Inter-American Studies\",\"url\":\"http:\/\/www.interamericanstudies.net\/\",\"logo\":{\"@type\":\"ImageObject\",\"inLanguage\":\"en-US\",\"@id\":\"http:\/\/www.interamericanstudies.net\/#\/schema\/logo\/image\/\",\"url\":\"http:\/\/www.interamericanstudies.net\/wp-content\/uploads\/2024\/09\/ias_logo_ohne_kleiner.png\",\"contentUrl\":\"http:\/\/www.interamericanstudies.net\/wp-content\/uploads\/2024\/09\/ias_logo_ohne_kleiner.png\",\"width\":850,\"height\":155,\"caption\":\"Inter-American Studies\"},\"image\":{\"@id\":\"http:\/\/www.interamericanstudies.net\/#\/schema\/logo\/image\/\"},\"sameAs\":[\"https:\/\/www.facebook.com\/interamericanstudies2009\"]}]}<\/script>\n<!-- \/ Yoast SEO plugin. -->","yoast_head_json":{"title":"Ingresar en EIA - Inter-American Studies","robots":{"index":"index","follow":"follow","max-snippet":"max-snippet:-1","max-image-preview":"max-image-preview:large","max-video-preview":"max-video-preview:-1"},"canonical":"http:\/\/www.interamericanstudies.net\/?page_id=5433","og_locale":"en_US","og_type":"article","og_title":"Ingresar en EIA - Inter-American Studies","og_description":"Para ingresar en la EIA, for favor, rellene el siguiente formulario y elija una modalidad de pago. Recibir\u00e1 un acuse de recibo, tan pronto como hayamos recibido su pago de ...","og_url":"http:\/\/www.interamericanstudies.net\/?page_id=5433","og_site_name":"Inter-American Studies","article_publisher":"https:\/\/www.facebook.com\/interamericanstudies2009","article_modified_time":"2018-03-31T15:23:00+00:00","twitter_card":"summary_large_image","schema":{"@context":"https:\/\/schema.org","@graph":[{"@type":"WebPage","@id":"http:\/\/www.interamericanstudies.net\/?page_id=5433","url":"http:\/\/www.interamericanstudies.net\/?page_id=5433","name":"Ingresar en EIA - Inter-American Studies","isPartOf":{"@id":"http:\/\/www.interamericanstudies.net\/#website"},"datePublished":"2014-05-16T19:52:54+00:00","dateModified":"2018-03-31T15:23:00+00:00","breadcrumb":{"@id":"http:\/\/www.interamericanstudies.net\/?page_id=5433#breadcrumb"},"inLanguage":"en-US","potentialAction":[{"@type":"ReadAction","target":["http:\/\/www.interamericanstudies.net\/?page_id=5433"]}]},{"@type":"BreadcrumbList","@id":"http:\/\/www.interamericanstudies.net\/?page_id=5433#breadcrumb","itemListElement":[{"@type":"ListItem","position":1,"name":"Home","item":"http:\/\/www.interamericanstudies.net\/"},{"@type":"ListItem","position":2,"name":"Join\/Ingreso","item":"http:\/\/www.interamericanstudies.net\/?page_id=5427"},{"@type":"ListItem","position":3,"name":"Ingresar en EIA"}]},{"@type":"WebSite","@id":"http:\/\/www.interamericanstudies.net\/#website","url":"http:\/\/www.interamericanstudies.net\/","name":"Inter-American Studies","description":"International Association of Inter-American Studies","publisher":{"@id":"http:\/\/www.interamericanstudies.net\/#organization"},"potentialAction":[{"@type":"SearchAction","target":{"@type":"EntryPoint","urlTemplate":"http:\/\/www.interamericanstudies.net\/?s={search_term_string}"},"query-input":{"@type":"PropertyValueSpecification","valueRequired":true,"valueName":"search_term_string"}}],"inLanguage":"en-US"},{"@type":"Organization","@id":"http:\/\/www.interamericanstudies.net\/#organization","name":"Inter-American Studies","url":"http:\/\/www.interamericanstudies.net\/","logo":{"@type":"ImageObject","inLanguage":"en-US","@id":"http:\/\/www.interamericanstudies.net\/#\/schema\/logo\/image\/","url":"http:\/\/www.interamericanstudies.net\/wp-content\/uploads\/2024\/09\/ias_logo_ohne_kleiner.png","contentUrl":"http:\/\/www.interamericanstudies.net\/wp-content\/uploads\/2024\/09\/ias_logo_ohne_kleiner.png","width":850,"height":155,"caption":"Inter-American Studies"},"image":{"@id":"http:\/\/www.interamericanstudies.net\/#\/schema\/logo\/image\/"},"sameAs":["https:\/\/www.facebook.com\/interamericanstudies2009"]}]}},"_links":{"self":[{"href":"http:\/\/www.interamericanstudies.net\/index.php?rest_route=\/wp\/v2\/pages\/5433","targetHints":{"allow":["GET"]}}],"collection":[{"href":"http:\/\/www.interamericanstudies.net\/index.php?rest_route=\/wp\/v2\/pages"}],"about":[{"href":"http:\/\/www.interamericanstudies.net\/index.php?rest_route=\/wp\/v2\/types\/page"}],"author":[{"embeddable":true,"href":"http:\/\/www.interamericanstudies.net\/index.php?rest_route=\/wp\/v2\/users\/1"}],"replies":[{"embeddable":true,"href":"http:\/\/www.interamericanstudies.net\/index.php?rest_route=%2Fwp%2Fv2%2Fcomments&post=5433"}],"version-history":[{"count":4,"href":"http:\/\/www.interamericanstudies.net\/index.php?rest_route=\/wp\/v2\/pages\/5433\/revisions"}],"predecessor-version":[{"id":7275,"href":"http:\/\/www.interamericanstudies.net\/index.php?rest_route=\/wp\/v2\/pages\/5433\/revisions\/7275"}],"up":[{"embeddable":true,"href":"http:\/\/www.interamericanstudies.net\/index.php?rest_route=\/wp\/v2\/pages\/5427"}],"wp:attachment":[{"href":"http:\/\/www.interamericanstudies.net\/index.php?rest_route=%2Fwp%2Fv2%2Fmedia&parent=5433"}],"curies":[{"name":"wp","href":"https:\/\/api.w.org\/{rel}","templated":true}]}}