{"id":125,"date":"2010-02-07T20:09:43","date_gmt":"2010-02-07T20:09:43","guid":{"rendered":"http:\/\/www.interamericanstudies.net\/wordpress\/?page_id=125"},"modified":"2012-12-04T19:51:22","modified_gmt":"2012-12-04T19:51:22","slug":"histora","status":"publish","type":"page","link":"https:\/\/www.interamericanstudies.net\/?page_id=125","title":{"rendered":"Historia"},"content":{"rendered":"<p>Empezando con las obras de Herbert Eugene Bolton (por ejemplo History of the Americas [1926] y Wider Horizons of American History [1939]), existe el deseo en numerosas disciplinas acad\u00e9micas de complementar perspectivas nacionales con perspectivas transnacionales y tambi\u00e9n de complementar estudios sobre interconexiones entre el Mundo Nuevo y el Mundo Antiguo con proyectos con un enfoque en en interconexiones dentro de las Am\u00e9ricas. Esta perspectiva interamericana fue el principio fundador del grupo investigador <a href=\"http:\/\/www.uni-bielefeld.de\/(en)\/ZIF\/FG\/2008Pluribus\/index.html\" target=\"_blank\">\u201cE Pluribus Unum?\u2014Identidades \u00e9tnicas en procesos transnacionales de integraci\u00f3n en las Am\u00e9ricas\u201d<\/a> que fue establecido en el Centro de investigaci\u00f3n interdisciplinaria (ZiF) en Bielefeld (Alemania) en 2008. Este grupo investigador ten\u00eda el foco en pol\u00edticas de identidad en la Am\u00e9rica del Norte, del Sur, Am\u00e9rica Central y en el Caribe. Durante un a\u00f1o veintidos cient\u00edficos de Latinoam\u00e9rica, EE.UU. y Europa que trabajan en campos diferentes como estudios literarios, estudios culturales y mediales, filmolog\u00eda, ling\u00fc\u00edstica, sociolog\u00eda, antropolog\u00eda, historia, teolog\u00eda y jurisprudencia colaboraron en proyectos analizando construcciones y usos de identidades \u00e9tnicas\/culturales\/nacionales, interculturalidad y transnacionalidad en las Am\u00e9ricas.<br \/>\nLa conferencia concluyente de este grupo investigador sirvi\u00f3 tambi\u00e9n como conferencia fundadora de la Asociaci\u00f3n Internacional de Estudios Interamericanos.\u00a0 La conferencia duscut\u00eda <a href=\"http:\/\/www.interamericanstudies.net\/wp-content\/uploads\/2010\/01\/Program-Founding-Conference.pdf\" target=\"_blank\">&#8220;Multiculturalism and Beyond: Identity Politics, Cultural Difference, and Hybridity in the Americas.&#8221;<\/a> Participaron unos 80 cient\u00edficos de las Am\u00e9ricas, Europa y Asia. El 23 julio de 2009, despu\u00e9s de una discusi\u00f3n interdisciplinaria sobre \u201cPerspectivas de estudios interamericanos\u201d, 51 miembros fundadores de la EIA ratificaron la constituci\u00f3n de la asociaci\u00f3n y eligieron el primero consejo executivo y un consultorio. Se decidi\u00f3 v\u00eda votas por unanimidad que la meta principal de esta asociaci\u00f3n debe ser la promoci\u00f3n de investigaciones interdisciplinarias y transnacionales en las Am\u00e9ricas. Los objetivos determinados por la asamblea constitutiva incluyen:<br \/>\n* promover inter\u00e9s en estudios interamericanos,<br \/>\n* establecer una red de cient\u00edficos, instituciones y proyectos,<br \/>\n* organizar conferencias y otros eventos,<br \/>\n* promover intercambio acad\u00e9mico y la publicaci\u00f3n de resultados,<br \/>\n* facilitar la entrada en la profesi\u00f3n para joven academicos,<br \/>\n* establecer y intensificar contactos con otras asociaciones acad\u00e9micas.<br \/>\nLas actividades de la asociaci\u00f3n se organizan en ingl\u00e9s o\/y en espa\u00f1ol.<\/p>\n<p>La asamblea constitutiva decidi\u00f3 que la conferencia bianual se organiza alternativamente con la conferencia bianual de la International American Studies Association (<a href=\"http:\/\/www.iasaweb.org\/\" target=\"_blank\">IASA<\/a>).\u00a0 La primera conferencia bianual tendra lugar en Essen (Alemania) en 2010, la segunda en Guadalajara (M\u00e9xico) en 2012.<\/p>\n","protected":false},"excerpt":{"rendered":"<p>Empezando con las obras de Herbert Eugene Bolton (por ejemplo History of the Americas [1926] y Wider Horizons of American History [1939]), existe el deseo en numerosas disciplinas acad\u00e9micas de &#8230;<\/p>\n","protected":false},"author":1,"featured_media":0,"parent":54,"menu_order":18,"comment_status":"open","ping_status":"closed","template":"","meta":{"footnotes":""},"class_list":["post-125","page","type-page","status-publish","hentry"],"yoast_head":"<!-- This site is optimized with the Yoast SEO plugin v26.8 - https:\/\/yoast.com\/product\/yoast-seo-wordpress\/ -->\n<title>Historia - Inter-American Studies<\/title>\n<meta name=\"robots\" content=\"index, follow, max-snippet:-1, max-image-preview:large, max-video-preview:-1\" \/>\n<link rel=\"canonical\" href=\"http:\/\/www.interamericanstudies.net\/?page_id=125\" \/>\n<meta property=\"og:locale\" content=\"en_US\" \/>\n<meta property=\"og:type\" content=\"article\" \/>\n<meta property=\"og:title\" content=\"Historia - Inter-American Studies\" \/>\n<meta property=\"og:description\" content=\"Empezando con las obras de Herbert Eugene Bolton (por ejemplo History of the Americas [1926] y Wider Horizons of American History [1939]), existe el deseo en numerosas disciplinas acad\u00e9micas de ...\" \/>\n<meta property=\"og:url\" content=\"http:\/\/www.interamericanstudies.net\/?page_id=125\" \/>\n<meta property=\"og:site_name\" content=\"Inter-American Studies\" \/>\n<meta property=\"article:publisher\" content=\"https:\/\/www.facebook.com\/interamericanstudies2009\" \/>\n<meta property=\"article:modified_time\" content=\"2012-12-04T19:51:22+00:00\" \/>\n<meta name=\"twitter:card\" content=\"summary_large_image\" \/>\n<meta name=\"twitter:label1\" content=\"Est. reading time\" \/>\n\t<meta name=\"twitter:data1\" content=\"2 minutes\" \/>\n<script type=\"application\/ld+json\" class=\"yoast-schema-graph\">{\"@context\":\"https:\/\/schema.org\",\"@graph\":[{\"@type\":\"WebPage\",\"@id\":\"http:\/\/www.interamericanstudies.net\/?page_id=125\",\"url\":\"http:\/\/www.interamericanstudies.net\/?page_id=125\",\"name\":\"Historia - Inter-American Studies\",\"isPartOf\":{\"@id\":\"https:\/\/www.interamericanstudies.net\/#website\"},\"datePublished\":\"2010-02-07T20:09:43+00:00\",\"dateModified\":\"2012-12-04T19:51:22+00:00\",\"breadcrumb\":{\"@id\":\"http:\/\/www.interamericanstudies.net\/?page_id=125#breadcrumb\"},\"inLanguage\":\"en-US\",\"potentialAction\":[{\"@type\":\"ReadAction\",\"target\":[\"http:\/\/www.interamericanstudies.net\/?page_id=125\"]}]},{\"@type\":\"BreadcrumbList\",\"@id\":\"http:\/\/www.interamericanstudies.net\/?page_id=125#breadcrumb\",\"itemListElement\":[{\"@type\":\"ListItem\",\"position\":1,\"name\":\"Home\",\"item\":\"https:\/\/www.interamericanstudies.net\/\"},{\"@type\":\"ListItem\",\"position\":2,\"name\":\"En Espa\u00f1ol\",\"item\":\"http:\/\/www.interamericanstudies.net\/?page_id=54\"},{\"@type\":\"ListItem\",\"position\":3,\"name\":\"Historia\"}]},{\"@type\":\"WebSite\",\"@id\":\"https:\/\/www.interamericanstudies.net\/#website\",\"url\":\"https:\/\/www.interamericanstudies.net\/\",\"name\":\"Inter-American Studies\",\"description\":\"International Association of Inter-American Studies\",\"publisher\":{\"@id\":\"https:\/\/www.interamericanstudies.net\/#organization\"},\"potentialAction\":[{\"@type\":\"SearchAction\",\"target\":{\"@type\":\"EntryPoint\",\"urlTemplate\":\"https:\/\/www.interamericanstudies.net\/?s={search_term_string}\"},\"query-input\":{\"@type\":\"PropertyValueSpecification\",\"valueRequired\":true,\"valueName\":\"search_term_string\"}}],\"inLanguage\":\"en-US\"},{\"@type\":\"Organization\",\"@id\":\"https:\/\/www.interamericanstudies.net\/#organization\",\"name\":\"Inter-American Studies\",\"url\":\"https:\/\/www.interamericanstudies.net\/\",\"logo\":{\"@type\":\"ImageObject\",\"inLanguage\":\"en-US\",\"@id\":\"https:\/\/www.interamericanstudies.net\/#\/schema\/logo\/image\/\",\"url\":\"http:\/\/www.interamericanstudies.net\/wp-content\/uploads\/2024\/09\/ias_logo_ohne_kleiner.png\",\"contentUrl\":\"http:\/\/www.interamericanstudies.net\/wp-content\/uploads\/2024\/09\/ias_logo_ohne_kleiner.png\",\"width\":850,\"height\":155,\"caption\":\"Inter-American Studies\"},\"image\":{\"@id\":\"https:\/\/www.interamericanstudies.net\/#\/schema\/logo\/image\/\"},\"sameAs\":[\"https:\/\/www.facebook.com\/interamericanstudies2009\"]}]}<\/script>\n<!-- \/ Yoast SEO plugin. -->","yoast_head_json":{"title":"Historia - Inter-American Studies","robots":{"index":"index","follow":"follow","max-snippet":"max-snippet:-1","max-image-preview":"max-image-preview:large","max-video-preview":"max-video-preview:-1"},"canonical":"http:\/\/www.interamericanstudies.net\/?page_id=125","og_locale":"en_US","og_type":"article","og_title":"Historia - Inter-American Studies","og_description":"Empezando con las obras de Herbert Eugene Bolton (por ejemplo History of the Americas [1926] y Wider Horizons of American History [1939]), existe el deseo en numerosas disciplinas acad\u00e9micas de ...","og_url":"http:\/\/www.interamericanstudies.net\/?page_id=125","og_site_name":"Inter-American Studies","article_publisher":"https:\/\/www.facebook.com\/interamericanstudies2009","article_modified_time":"2012-12-04T19:51:22+00:00","twitter_card":"summary_large_image","twitter_misc":{"Est. reading time":"2 minutes"},"schema":{"@context":"https:\/\/schema.org","@graph":[{"@type":"WebPage","@id":"http:\/\/www.interamericanstudies.net\/?page_id=125","url":"http:\/\/www.interamericanstudies.net\/?page_id=125","name":"Historia - Inter-American Studies","isPartOf":{"@id":"https:\/\/www.interamericanstudies.net\/#website"},"datePublished":"2010-02-07T20:09:43+00:00","dateModified":"2012-12-04T19:51:22+00:00","breadcrumb":{"@id":"http:\/\/www.interamericanstudies.net\/?page_id=125#breadcrumb"},"inLanguage":"en-US","potentialAction":[{"@type":"ReadAction","target":["http:\/\/www.interamericanstudies.net\/?page_id=125"]}]},{"@type":"BreadcrumbList","@id":"http:\/\/www.interamericanstudies.net\/?page_id=125#breadcrumb","itemListElement":[{"@type":"ListItem","position":1,"name":"Home","item":"https:\/\/www.interamericanstudies.net\/"},{"@type":"ListItem","position":2,"name":"En Espa\u00f1ol","item":"http:\/\/www.interamericanstudies.net\/?page_id=54"},{"@type":"ListItem","position":3,"name":"Historia"}]},{"@type":"WebSite","@id":"https:\/\/www.interamericanstudies.net\/#website","url":"https:\/\/www.interamericanstudies.net\/","name":"Inter-American Studies","description":"International Association of Inter-American Studies","publisher":{"@id":"https:\/\/www.interamericanstudies.net\/#organization"},"potentialAction":[{"@type":"SearchAction","target":{"@type":"EntryPoint","urlTemplate":"https:\/\/www.interamericanstudies.net\/?s={search_term_string}"},"query-input":{"@type":"PropertyValueSpecification","valueRequired":true,"valueName":"search_term_string"}}],"inLanguage":"en-US"},{"@type":"Organization","@id":"https:\/\/www.interamericanstudies.net\/#organization","name":"Inter-American Studies","url":"https:\/\/www.interamericanstudies.net\/","logo":{"@type":"ImageObject","inLanguage":"en-US","@id":"https:\/\/www.interamericanstudies.net\/#\/schema\/logo\/image\/","url":"http:\/\/www.interamericanstudies.net\/wp-content\/uploads\/2024\/09\/ias_logo_ohne_kleiner.png","contentUrl":"http:\/\/www.interamericanstudies.net\/wp-content\/uploads\/2024\/09\/ias_logo_ohne_kleiner.png","width":850,"height":155,"caption":"Inter-American Studies"},"image":{"@id":"https:\/\/www.interamericanstudies.net\/#\/schema\/logo\/image\/"},"sameAs":["https:\/\/www.facebook.com\/interamericanstudies2009"]}]}},"_links":{"self":[{"href":"https:\/\/www.interamericanstudies.net\/index.php?rest_route=\/wp\/v2\/pages\/125","targetHints":{"allow":["GET"]}}],"collection":[{"href":"https:\/\/www.interamericanstudies.net\/index.php?rest_route=\/wp\/v2\/pages"}],"about":[{"href":"https:\/\/www.interamericanstudies.net\/index.php?rest_route=\/wp\/v2\/types\/page"}],"author":[{"embeddable":true,"href":"https:\/\/www.interamericanstudies.net\/index.php?rest_route=\/wp\/v2\/users\/1"}],"replies":[{"embeddable":true,"href":"https:\/\/www.interamericanstudies.net\/index.php?rest_route=%2Fwp%2Fv2%2Fcomments&post=125"}],"version-history":[{"count":4,"href":"https:\/\/www.interamericanstudies.net\/index.php?rest_route=\/wp\/v2\/pages\/125\/revisions"}],"predecessor-version":[{"id":4037,"href":"https:\/\/www.interamericanstudies.net\/index.php?rest_route=\/wp\/v2\/pages\/125\/revisions\/4037"}],"up":[{"embeddable":true,"href":"https:\/\/www.interamericanstudies.net\/index.php?rest_route=\/wp\/v2\/pages\/54"}],"wp:attachment":[{"href":"https:\/\/www.interamericanstudies.net\/index.php?rest_route=%2Fwp%2Fv2%2Fmedia&parent=125"}],"curies":[{"name":"wp","href":"https:\/\/api.w.org\/{rel}","templated":true}]}}