{"id":130,"date":"2010-02-07T20:11:53","date_gmt":"2010-02-07T20:11:53","guid":{"rendered":"http:\/\/www.interamericanstudies.net\/wordpress\/?page_id=130"},"modified":"2015-01-25T11:29:24","modified_gmt":"2015-01-25T11:29:24","slug":"consultorio","status":"publish","type":"page","link":"https:\/\/www.interamericanstudies.net\/?page_id=130","title":{"rendered":"Consultorio"},"content":{"rendered":"<p><a href=\"mailto:abarrene@umw.edu\"> Antonio Barrenechea (University of Mary Washington) <\/a><br \/>\n<a href=\"mailto:mic@ci.uc.pt\"> Isabel Caldeira (Universidade de Coimbra) <\/a><br \/>\n<a href=\"mailto:mic@ci.uc.pt\"> Sarah Corona Berkin (Universidad de Guadalajara, Mexiko) <\/a><br \/>\n<a href=\"mailto:olaf.kaltmeier@uni-bielefeld.de\"> Olaf Kaltmeier (Bielefeld University) <\/a><br \/>\n<a href=\"mailto:lak273@gmail.com\"> Luz A. Kirschner (Bielefeld University) <\/a><br \/>\n<a href=\"mailto:lak273@gmail.com\"> Francisco A. Lomel\u00ed (University of California, Santa Barbara) <\/a><br \/>\n<a href=\"mailto:carmen.martinez@uky.edu\">Carmen Mart\u00ednez Novo (University of Kentucky) <\/a><br \/>\n<a href=\"mailto:zalce@servidor.unam.mx\">Graciela Mart\u00ednez-Zalce (Universidad Nacional Aut\u00f3noma de M\u00e9xico) <\/a><br \/>\n<a href=\"mailto:gportoc@pucp.edu.pe\">Gonzalo Portocarrero (Pontificia Universidad Cat\u00f3lica del Per\u00fa) <\/a><br \/>\n<a href=\"mailto:rinke@zedat.fu-berlin.de\">Stefan Rinke (Freie Universit\u00e4t Berlin) <\/a><br \/>\n<a href=\"mailto:sebastian.thies@uni-bielefeld.de\">Sebastian Thies (T\u00fcbingen University) <\/a><\/p>\n<p>Ex officio:<br \/>\n<a href=\"mailto:yminervacampos@yahoo.es\"> Yolanda M. Campos (Universidad de Guadalajara) <\/a><\/p>\n","protected":false},"excerpt":{"rendered":"<p>Antonio Barrenechea (University of Mary Washington) Isabel Caldeira (Universidade de Coimbra) Sarah Corona Berkin (Universidad de Guadalajara, Mexiko) Olaf Kaltmeier (Bielefeld University) Luz A. Kirschner (Bielefeld University) Francisco A. Lomel\u00ed &#8230;<\/p>\n","protected":false},"author":1,"featured_media":0,"parent":54,"menu_order":20,"comment_status":"open","ping_status":"closed","template":"","meta":{"footnotes":""},"class_list":["post-130","page","type-page","status-publish","hentry"],"yoast_head":"<!-- This site is optimized with the Yoast SEO plugin v26.8 - https:\/\/yoast.com\/product\/yoast-seo-wordpress\/ -->\n<title>Consultorio - Inter-American Studies<\/title>\n<meta name=\"robots\" content=\"index, follow, max-snippet:-1, max-image-preview:large, max-video-preview:-1\" \/>\n<link rel=\"canonical\" href=\"http:\/\/www.interamericanstudies.net\/?page_id=130\" \/>\n<meta property=\"og:locale\" content=\"en_US\" \/>\n<meta property=\"og:type\" content=\"article\" \/>\n<meta property=\"og:title\" content=\"Consultorio - Inter-American Studies\" \/>\n<meta property=\"og:description\" content=\"Antonio Barrenechea (University of Mary Washington) Isabel Caldeira (Universidade de Coimbra) Sarah Corona Berkin (Universidad de Guadalajara, Mexiko) Olaf Kaltmeier (Bielefeld University) Luz A. Kirschner (Bielefeld University) Francisco A. Lomel\u00ed ...\" \/>\n<meta property=\"og:url\" content=\"http:\/\/www.interamericanstudies.net\/?page_id=130\" \/>\n<meta property=\"og:site_name\" content=\"Inter-American Studies\" \/>\n<meta property=\"article:publisher\" content=\"https:\/\/www.facebook.com\/interamericanstudies2009\" \/>\n<meta property=\"article:modified_time\" content=\"2015-01-25T11:29:24+00:00\" \/>\n<meta name=\"twitter:card\" content=\"summary_large_image\" \/>\n<script type=\"application\/ld+json\" class=\"yoast-schema-graph\">{\"@context\":\"https:\/\/schema.org\",\"@graph\":[{\"@type\":\"WebPage\",\"@id\":\"http:\/\/www.interamericanstudies.net\/?page_id=130\",\"url\":\"http:\/\/www.interamericanstudies.net\/?page_id=130\",\"name\":\"Consultorio - Inter-American Studies\",\"isPartOf\":{\"@id\":\"https:\/\/www.interamericanstudies.net\/#website\"},\"datePublished\":\"2010-02-07T20:11:53+00:00\",\"dateModified\":\"2015-01-25T11:29:24+00:00\",\"breadcrumb\":{\"@id\":\"http:\/\/www.interamericanstudies.net\/?page_id=130#breadcrumb\"},\"inLanguage\":\"en-US\",\"potentialAction\":[{\"@type\":\"ReadAction\",\"target\":[\"http:\/\/www.interamericanstudies.net\/?page_id=130\"]}]},{\"@type\":\"BreadcrumbList\",\"@id\":\"http:\/\/www.interamericanstudies.net\/?page_id=130#breadcrumb\",\"itemListElement\":[{\"@type\":\"ListItem\",\"position\":1,\"name\":\"Home\",\"item\":\"https:\/\/www.interamericanstudies.net\/\"},{\"@type\":\"ListItem\",\"position\":2,\"name\":\"En Espa\u00f1ol\",\"item\":\"http:\/\/www.interamericanstudies.net\/?page_id=54\"},{\"@type\":\"ListItem\",\"position\":3,\"name\":\"Consultorio\"}]},{\"@type\":\"WebSite\",\"@id\":\"https:\/\/www.interamericanstudies.net\/#website\",\"url\":\"https:\/\/www.interamericanstudies.net\/\",\"name\":\"Inter-American Studies\",\"description\":\"International Association of Inter-American Studies\",\"publisher\":{\"@id\":\"https:\/\/www.interamericanstudies.net\/#organization\"},\"potentialAction\":[{\"@type\":\"SearchAction\",\"target\":{\"@type\":\"EntryPoint\",\"urlTemplate\":\"https:\/\/www.interamericanstudies.net\/?s={search_term_string}\"},\"query-input\":{\"@type\":\"PropertyValueSpecification\",\"valueRequired\":true,\"valueName\":\"search_term_string\"}}],\"inLanguage\":\"en-US\"},{\"@type\":\"Organization\",\"@id\":\"https:\/\/www.interamericanstudies.net\/#organization\",\"name\":\"Inter-American Studies\",\"url\":\"https:\/\/www.interamericanstudies.net\/\",\"logo\":{\"@type\":\"ImageObject\",\"inLanguage\":\"en-US\",\"@id\":\"https:\/\/www.interamericanstudies.net\/#\/schema\/logo\/image\/\",\"url\":\"http:\/\/www.interamericanstudies.net\/wp-content\/uploads\/2024\/09\/ias_logo_ohne_kleiner.png\",\"contentUrl\":\"http:\/\/www.interamericanstudies.net\/wp-content\/uploads\/2024\/09\/ias_logo_ohne_kleiner.png\",\"width\":850,\"height\":155,\"caption\":\"Inter-American Studies\"},\"image\":{\"@id\":\"https:\/\/www.interamericanstudies.net\/#\/schema\/logo\/image\/\"},\"sameAs\":[\"https:\/\/www.facebook.com\/interamericanstudies2009\"]}]}<\/script>\n<!-- \/ Yoast SEO plugin. -->","yoast_head_json":{"title":"Consultorio - Inter-American Studies","robots":{"index":"index","follow":"follow","max-snippet":"max-snippet:-1","max-image-preview":"max-image-preview:large","max-video-preview":"max-video-preview:-1"},"canonical":"http:\/\/www.interamericanstudies.net\/?page_id=130","og_locale":"en_US","og_type":"article","og_title":"Consultorio - Inter-American Studies","og_description":"Antonio Barrenechea (University of Mary Washington) Isabel Caldeira (Universidade de Coimbra) Sarah Corona Berkin (Universidad de Guadalajara, Mexiko) Olaf Kaltmeier (Bielefeld University) Luz A. Kirschner (Bielefeld University) Francisco A. Lomel\u00ed ...","og_url":"http:\/\/www.interamericanstudies.net\/?page_id=130","og_site_name":"Inter-American Studies","article_publisher":"https:\/\/www.facebook.com\/interamericanstudies2009","article_modified_time":"2015-01-25T11:29:24+00:00","twitter_card":"summary_large_image","schema":{"@context":"https:\/\/schema.org","@graph":[{"@type":"WebPage","@id":"http:\/\/www.interamericanstudies.net\/?page_id=130","url":"http:\/\/www.interamericanstudies.net\/?page_id=130","name":"Consultorio - Inter-American Studies","isPartOf":{"@id":"https:\/\/www.interamericanstudies.net\/#website"},"datePublished":"2010-02-07T20:11:53+00:00","dateModified":"2015-01-25T11:29:24+00:00","breadcrumb":{"@id":"http:\/\/www.interamericanstudies.net\/?page_id=130#breadcrumb"},"inLanguage":"en-US","potentialAction":[{"@type":"ReadAction","target":["http:\/\/www.interamericanstudies.net\/?page_id=130"]}]},{"@type":"BreadcrumbList","@id":"http:\/\/www.interamericanstudies.net\/?page_id=130#breadcrumb","itemListElement":[{"@type":"ListItem","position":1,"name":"Home","item":"https:\/\/www.interamericanstudies.net\/"},{"@type":"ListItem","position":2,"name":"En Espa\u00f1ol","item":"http:\/\/www.interamericanstudies.net\/?page_id=54"},{"@type":"ListItem","position":3,"name":"Consultorio"}]},{"@type":"WebSite","@id":"https:\/\/www.interamericanstudies.net\/#website","url":"https:\/\/www.interamericanstudies.net\/","name":"Inter-American Studies","description":"International Association of Inter-American Studies","publisher":{"@id":"https:\/\/www.interamericanstudies.net\/#organization"},"potentialAction":[{"@type":"SearchAction","target":{"@type":"EntryPoint","urlTemplate":"https:\/\/www.interamericanstudies.net\/?s={search_term_string}"},"query-input":{"@type":"PropertyValueSpecification","valueRequired":true,"valueName":"search_term_string"}}],"inLanguage":"en-US"},{"@type":"Organization","@id":"https:\/\/www.interamericanstudies.net\/#organization","name":"Inter-American Studies","url":"https:\/\/www.interamericanstudies.net\/","logo":{"@type":"ImageObject","inLanguage":"en-US","@id":"https:\/\/www.interamericanstudies.net\/#\/schema\/logo\/image\/","url":"http:\/\/www.interamericanstudies.net\/wp-content\/uploads\/2024\/09\/ias_logo_ohne_kleiner.png","contentUrl":"http:\/\/www.interamericanstudies.net\/wp-content\/uploads\/2024\/09\/ias_logo_ohne_kleiner.png","width":850,"height":155,"caption":"Inter-American Studies"},"image":{"@id":"https:\/\/www.interamericanstudies.net\/#\/schema\/logo\/image\/"},"sameAs":["https:\/\/www.facebook.com\/interamericanstudies2009"]}]}},"_links":{"self":[{"href":"https:\/\/www.interamericanstudies.net\/index.php?rest_route=\/wp\/v2\/pages\/130","targetHints":{"allow":["GET"]}}],"collection":[{"href":"https:\/\/www.interamericanstudies.net\/index.php?rest_route=\/wp\/v2\/pages"}],"about":[{"href":"https:\/\/www.interamericanstudies.net\/index.php?rest_route=\/wp\/v2\/types\/page"}],"author":[{"embeddable":true,"href":"https:\/\/www.interamericanstudies.net\/index.php?rest_route=\/wp\/v2\/users\/1"}],"replies":[{"embeddable":true,"href":"https:\/\/www.interamericanstudies.net\/index.php?rest_route=%2Fwp%2Fv2%2Fcomments&post=130"}],"version-history":[{"count":8,"href":"https:\/\/www.interamericanstudies.net\/index.php?rest_route=\/wp\/v2\/pages\/130\/revisions"}],"predecessor-version":[{"id":5760,"href":"https:\/\/www.interamericanstudies.net\/index.php?rest_route=\/wp\/v2\/pages\/130\/revisions\/5760"}],"up":[{"embeddable":true,"href":"https:\/\/www.interamericanstudies.net\/index.php?rest_route=\/wp\/v2\/pages\/54"}],"wp:attachment":[{"href":"https:\/\/www.interamericanstudies.net\/index.php?rest_route=%2Fwp%2Fv2%2Fmedia&parent=130"}],"curies":[{"name":"wp","href":"https:\/\/api.w.org\/{rel}","templated":true}]}}