{"id":137,"date":"2010-02-07T20:14:09","date_gmt":"2010-02-07T20:14:09","guid":{"rendered":"http:\/\/www.interamericanstudies.net\/wordpress\/?page_id=137"},"modified":"2012-12-04T19:56:08","modified_gmt":"2012-12-04T19:56:08","slug":"temas","status":"publish","type":"page","link":"https:\/\/www.interamericanstudies.net\/?page_id=137","title":{"rendered":"Temas"},"content":{"rendered":"<p><img decoding=\"async\" src=\"file:\/\/\/Users\/alexkahl\/Library\/Caches\/TemporaryItems\/moz-screenshot-1.png\" alt=\"\" \/><img decoding=\"async\" src=\"file:\/\/\/Users\/alexkahl\/Library\/Caches\/TemporaryItems\/moz-screenshot-2.png\" alt=\"\" \/>Les pedimos su comprensi\u00f3n que la p\u00e1gina web no es disponible en espa\u00f1ol en todas sus partes. Esperamos qu la siguiente lista les ayudar\u00e1 a encontrar las informaciones (en ingl\u00e9s) que estan buscando.<\/p>\n<p><a href=\"http:\/\/www.interamericanstudies.net\/?page_id=22\">Constituci\u00f3n de la asociaci\u00f3n<\/a><br \/>\n<a href=\"http:\/\/www.interamericanstudies.net\/?page_id=99\">Noticias y anuncios<\/a><br \/>\n<a href=\"http:\/\/www.interamericanstudies.net\/?page_id=29\">Conferencias bianuales de la asociaci\u00f3n<\/a><br \/>\n<a href=\"http:\/\/www.interamericanstudies.net\/?page_id=40\">Planes de cursos<\/a><br \/>\n<a href=\"http:\/\/www.interamericanstudies.net\/?page_id=42\">Rese\u00f1as de libros<\/a><br \/>\n<a href=\"http:\/\/www.interamericanstudies.net\/?page_id=44\"> Libros recientes en estudios interamericanos<\/a><br \/>\n<a href=\"http:\/\/www.interamericanstudies.net\/?page_id=286\">Bibliograf\u00eda de los miembros<\/a><br \/>\n<a href=\"http:\/\/www.interamericanstudies.net\/?page_id=3897\">Bolet\u00edn electr\u00f3nico<\/a><br \/>\n<a href=\"http:\/\/www.interamericanstudies.net\/?page_id=154\">Lista de miembros<\/a><br \/>\n<a href=\"http:\/\/www.interamericanstudies.net\/?page_id=157\">Foro de discusi\u00f3n<\/a><br \/>\n<a href=\"http:\/\/www.interamericanstudies.net\/?page_id=159\">Redes\/Networks<\/a><br \/>\n<a href=\"http:\/\/www.interamericanstudies.net\/?page_id=50\">Galer\u00eda de fotos<\/a><br \/>\n<a href=\"http:\/\/www.interamericanstudies.net\/?page_id=291\">Enlaces externos<\/a><\/p>\n","protected":false},"excerpt":{"rendered":"<p>Les pedimos su comprensi\u00f3n que la p\u00e1gina web no es disponible en espa\u00f1ol en todas sus partes. Esperamos qu la siguiente lista les ayudar\u00e1 a encontrar las informaciones (en ingl\u00e9s) &#8230;<\/p>\n","protected":false},"author":1,"featured_media":0,"parent":54,"menu_order":23,"comment_status":"open","ping_status":"closed","template":"","meta":{"footnotes":""},"class_list":["post-137","page","type-page","status-publish","hentry"],"yoast_head":"<!-- This site is optimized with the Yoast SEO plugin v26.8 - https:\/\/yoast.com\/product\/yoast-seo-wordpress\/ -->\n<title>Temas - Inter-American Studies<\/title>\n<meta name=\"robots\" content=\"index, follow, max-snippet:-1, max-image-preview:large, max-video-preview:-1\" \/>\n<link rel=\"canonical\" href=\"https:\/\/www.interamericanstudies.net\/?page_id=137\" \/>\n<meta property=\"og:locale\" content=\"en_US\" \/>\n<meta property=\"og:type\" content=\"article\" \/>\n<meta property=\"og:title\" content=\"Temas - Inter-American Studies\" \/>\n<meta property=\"og:description\" content=\"Les pedimos su comprensi\u00f3n que la p\u00e1gina web no es disponible en espa\u00f1ol en todas sus partes. Esperamos qu la siguiente lista les ayudar\u00e1 a encontrar las informaciones (en ingl\u00e9s) ...\" \/>\n<meta property=\"og:url\" content=\"https:\/\/www.interamericanstudies.net\/?page_id=137\" \/>\n<meta property=\"og:site_name\" content=\"Inter-American Studies\" \/>\n<meta property=\"article:publisher\" content=\"https:\/\/www.facebook.com\/interamericanstudies2009\" \/>\n<meta property=\"article:modified_time\" content=\"2012-12-04T19:56:08+00:00\" \/>\n<meta property=\"og:image\" content=\"\" \/>\n<meta name=\"twitter:card\" content=\"summary_large_image\" \/>\n<script type=\"application\/ld+json\" class=\"yoast-schema-graph\">{\"@context\":\"https:\/\/schema.org\",\"@graph\":[{\"@type\":\"WebPage\",\"@id\":\"https:\/\/www.interamericanstudies.net\/?page_id=137\",\"url\":\"https:\/\/www.interamericanstudies.net\/?page_id=137\",\"name\":\"Temas - Inter-American Studies\",\"isPartOf\":{\"@id\":\"https:\/\/www.interamericanstudies.net\/#website\"},\"primaryImageOfPage\":{\"@id\":\"https:\/\/www.interamericanstudies.net\/?page_id=137#primaryimage\"},\"image\":{\"@id\":\"https:\/\/www.interamericanstudies.net\/?page_id=137#primaryimage\"},\"thumbnailUrl\":\"file:\/\/\/Users\/alexkahl\/Library\/Caches\/TemporaryItems\/moz-screenshot-1.png\",\"datePublished\":\"2010-02-07T20:14:09+00:00\",\"dateModified\":\"2012-12-04T19:56:08+00:00\",\"breadcrumb\":{\"@id\":\"https:\/\/www.interamericanstudies.net\/?page_id=137#breadcrumb\"},\"inLanguage\":\"en-US\",\"potentialAction\":[{\"@type\":\"ReadAction\",\"target\":[\"https:\/\/www.interamericanstudies.net\/?page_id=137\"]}]},{\"@type\":\"ImageObject\",\"inLanguage\":\"en-US\",\"@id\":\"https:\/\/www.interamericanstudies.net\/?page_id=137#primaryimage\",\"url\":\"file:\/\/\/Users\/alexkahl\/Library\/Caches\/TemporaryItems\/moz-screenshot-1.png\",\"contentUrl\":\"file:\/\/\/Users\/alexkahl\/Library\/Caches\/TemporaryItems\/moz-screenshot-1.png\"},{\"@type\":\"BreadcrumbList\",\"@id\":\"https:\/\/www.interamericanstudies.net\/?page_id=137#breadcrumb\",\"itemListElement\":[{\"@type\":\"ListItem\",\"position\":1,\"name\":\"Home\",\"item\":\"https:\/\/www.interamericanstudies.net\/\"},{\"@type\":\"ListItem\",\"position\":2,\"name\":\"En Espa\u00f1ol\",\"item\":\"http:\/\/www.interamericanstudies.net\/?page_id=54\"},{\"@type\":\"ListItem\",\"position\":3,\"name\":\"Temas\"}]},{\"@type\":\"WebSite\",\"@id\":\"https:\/\/www.interamericanstudies.net\/#website\",\"url\":\"https:\/\/www.interamericanstudies.net\/\",\"name\":\"Inter-American Studies\",\"description\":\"International Association of Inter-American Studies\",\"publisher\":{\"@id\":\"https:\/\/www.interamericanstudies.net\/#organization\"},\"potentialAction\":[{\"@type\":\"SearchAction\",\"target\":{\"@type\":\"EntryPoint\",\"urlTemplate\":\"https:\/\/www.interamericanstudies.net\/?s={search_term_string}\"},\"query-input\":{\"@type\":\"PropertyValueSpecification\",\"valueRequired\":true,\"valueName\":\"search_term_string\"}}],\"inLanguage\":\"en-US\"},{\"@type\":\"Organization\",\"@id\":\"https:\/\/www.interamericanstudies.net\/#organization\",\"name\":\"Inter-American Studies\",\"url\":\"https:\/\/www.interamericanstudies.net\/\",\"logo\":{\"@type\":\"ImageObject\",\"inLanguage\":\"en-US\",\"@id\":\"https:\/\/www.interamericanstudies.net\/#\/schema\/logo\/image\/\",\"url\":\"http:\/\/www.interamericanstudies.net\/wp-content\/uploads\/2024\/09\/ias_logo_ohne_kleiner.png\",\"contentUrl\":\"http:\/\/www.interamericanstudies.net\/wp-content\/uploads\/2024\/09\/ias_logo_ohne_kleiner.png\",\"width\":850,\"height\":155,\"caption\":\"Inter-American Studies\"},\"image\":{\"@id\":\"https:\/\/www.interamericanstudies.net\/#\/schema\/logo\/image\/\"},\"sameAs\":[\"https:\/\/www.facebook.com\/interamericanstudies2009\"]}]}<\/script>\n<!-- \/ Yoast SEO plugin. -->","yoast_head_json":{"title":"Temas - Inter-American Studies","robots":{"index":"index","follow":"follow","max-snippet":"max-snippet:-1","max-image-preview":"max-image-preview:large","max-video-preview":"max-video-preview:-1"},"canonical":"https:\/\/www.interamericanstudies.net\/?page_id=137","og_locale":"en_US","og_type":"article","og_title":"Temas - Inter-American Studies","og_description":"Les pedimos su comprensi\u00f3n que la p\u00e1gina web no es disponible en espa\u00f1ol en todas sus partes. Esperamos qu la siguiente lista les ayudar\u00e1 a encontrar las informaciones (en ingl\u00e9s) ...","og_url":"https:\/\/www.interamericanstudies.net\/?page_id=137","og_site_name":"Inter-American Studies","article_publisher":"https:\/\/www.facebook.com\/interamericanstudies2009","article_modified_time":"2012-12-04T19:56:08+00:00","og_image":[{"url":"file:\/\/\/Users\/alexkahl\/Library\/Caches\/TemporaryItems\/moz-screenshot-1.png","type":"","width":"","height":""}],"twitter_card":"summary_large_image","schema":{"@context":"https:\/\/schema.org","@graph":[{"@type":"WebPage","@id":"https:\/\/www.interamericanstudies.net\/?page_id=137","url":"https:\/\/www.interamericanstudies.net\/?page_id=137","name":"Temas - Inter-American Studies","isPartOf":{"@id":"https:\/\/www.interamericanstudies.net\/#website"},"primaryImageOfPage":{"@id":"https:\/\/www.interamericanstudies.net\/?page_id=137#primaryimage"},"image":{"@id":"https:\/\/www.interamericanstudies.net\/?page_id=137#primaryimage"},"thumbnailUrl":"file:\/\/\/Users\/alexkahl\/Library\/Caches\/TemporaryItems\/moz-screenshot-1.png","datePublished":"2010-02-07T20:14:09+00:00","dateModified":"2012-12-04T19:56:08+00:00","breadcrumb":{"@id":"https:\/\/www.interamericanstudies.net\/?page_id=137#breadcrumb"},"inLanguage":"en-US","potentialAction":[{"@type":"ReadAction","target":["https:\/\/www.interamericanstudies.net\/?page_id=137"]}]},{"@type":"ImageObject","inLanguage":"en-US","@id":"https:\/\/www.interamericanstudies.net\/?page_id=137#primaryimage","url":"file:\/\/\/Users\/alexkahl\/Library\/Caches\/TemporaryItems\/moz-screenshot-1.png","contentUrl":"file:\/\/\/Users\/alexkahl\/Library\/Caches\/TemporaryItems\/moz-screenshot-1.png"},{"@type":"BreadcrumbList","@id":"https:\/\/www.interamericanstudies.net\/?page_id=137#breadcrumb","itemListElement":[{"@type":"ListItem","position":1,"name":"Home","item":"https:\/\/www.interamericanstudies.net\/"},{"@type":"ListItem","position":2,"name":"En Espa\u00f1ol","item":"http:\/\/www.interamericanstudies.net\/?page_id=54"},{"@type":"ListItem","position":3,"name":"Temas"}]},{"@type":"WebSite","@id":"https:\/\/www.interamericanstudies.net\/#website","url":"https:\/\/www.interamericanstudies.net\/","name":"Inter-American Studies","description":"International Association of Inter-American Studies","publisher":{"@id":"https:\/\/www.interamericanstudies.net\/#organization"},"potentialAction":[{"@type":"SearchAction","target":{"@type":"EntryPoint","urlTemplate":"https:\/\/www.interamericanstudies.net\/?s={search_term_string}"},"query-input":{"@type":"PropertyValueSpecification","valueRequired":true,"valueName":"search_term_string"}}],"inLanguage":"en-US"},{"@type":"Organization","@id":"https:\/\/www.interamericanstudies.net\/#organization","name":"Inter-American Studies","url":"https:\/\/www.interamericanstudies.net\/","logo":{"@type":"ImageObject","inLanguage":"en-US","@id":"https:\/\/www.interamericanstudies.net\/#\/schema\/logo\/image\/","url":"http:\/\/www.interamericanstudies.net\/wp-content\/uploads\/2024\/09\/ias_logo_ohne_kleiner.png","contentUrl":"http:\/\/www.interamericanstudies.net\/wp-content\/uploads\/2024\/09\/ias_logo_ohne_kleiner.png","width":850,"height":155,"caption":"Inter-American Studies"},"image":{"@id":"https:\/\/www.interamericanstudies.net\/#\/schema\/logo\/image\/"},"sameAs":["https:\/\/www.facebook.com\/interamericanstudies2009"]}]}},"_links":{"self":[{"href":"https:\/\/www.interamericanstudies.net\/index.php?rest_route=\/wp\/v2\/pages\/137","targetHints":{"allow":["GET"]}}],"collection":[{"href":"https:\/\/www.interamericanstudies.net\/index.php?rest_route=\/wp\/v2\/pages"}],"about":[{"href":"https:\/\/www.interamericanstudies.net\/index.php?rest_route=\/wp\/v2\/types\/page"}],"author":[{"embeddable":true,"href":"https:\/\/www.interamericanstudies.net\/index.php?rest_route=\/wp\/v2\/users\/1"}],"replies":[{"embeddable":true,"href":"https:\/\/www.interamericanstudies.net\/index.php?rest_route=%2Fwp%2Fv2%2Fcomments&post=137"}],"version-history":[{"count":5,"href":"https:\/\/www.interamericanstudies.net\/index.php?rest_route=\/wp\/v2\/pages\/137\/revisions"}],"predecessor-version":[{"id":4040,"href":"https:\/\/www.interamericanstudies.net\/index.php?rest_route=\/wp\/v2\/pages\/137\/revisions\/4040"}],"up":[{"embeddable":true,"href":"https:\/\/www.interamericanstudies.net\/index.php?rest_route=\/wp\/v2\/pages\/54"}],"wp:attachment":[{"href":"https:\/\/www.interamericanstudies.net\/index.php?rest_route=%2Fwp%2Fv2%2Fmedia&parent=137"}],"curies":[{"name":"wp","href":"https:\/\/api.w.org\/{rel}","templated":true}]}}