{"id":18,"date":"2010-01-18T12:07:15","date_gmt":"2010-01-18T12:07:15","guid":{"rendered":"http:\/\/localhost:8888\/IAS\/?page_id=18"},"modified":"2026-04-12T17:40:24","modified_gmt":"2026-04-12T17:40:24","slug":"executive-board","status":"publish","type":"page","link":"https:\/\/www.interamericanstudies.net\/?page_id=18","title":{"rendered":"Executive Board"},"content":{"rendered":"<p dir=\"ltr\"><strong>President<\/strong><\/p>\n<p><strong>Luz Ang\u00e9lica Kirschner (University of South Dakota, USA)<\/strong><\/p>\n<p><a href=\"http:\/\/www.interamericanstudies.net\/wp-content\/uploads\/2023\/02\/Kirschner-Luz-Angelica.jpeg\"><img loading=\"lazy\" decoding=\"async\" class=\"alignnone size-medium wp-image-7130\" src=\"http:\/\/www.interamericanstudies.net\/wp-content\/uploads\/2023\/02\/Kirschner-Luz-Angelica-214x300.jpeg\" alt=\"\" width=\"214\" height=\"300\" srcset=\"https:\/\/www.interamericanstudies.net\/wp-content\/uploads\/2023\/02\/Kirschner-Luz-Angelica-214x300.jpeg 214w, https:\/\/www.interamericanstudies.net\/wp-content\/uploads\/2023\/02\/Kirschner-Luz-Angelica-731x1024.jpeg 731w, https:\/\/www.interamericanstudies.net\/wp-content\/uploads\/2023\/02\/Kirschner-Luz-Angelica-768x1075.jpeg 768w, https:\/\/www.interamericanstudies.net\/wp-content\/uploads\/2023\/02\/Kirschner-Luz-Angelica-1097x1536.jpeg 1097w, https:\/\/www.interamericanstudies.net\/wp-content\/uploads\/2023\/02\/Kirschner-Luz-Angelica-1463x2048.jpeg 1463w, https:\/\/www.interamericanstudies.net\/wp-content\/uploads\/2023\/02\/Kirschner-Luz-Angelica.jpeg 1500w\" sizes=\"auto, (max-width: 214px) 100vw, 214px\" \/><\/a><\/p>\n<p>Luz Ang\u00e9lica Kirschner is an Associate Professor in the School of American and Global Studies at South Dakota State University. Her research is located at the intersection of gender, race, human rights, and ethnic studies and focuses on comparative studies from Inter-American and Trans-Atlantic perspectives as it explores how identity formation and difference are mediated through literature and aesthetics as well as impacted by contemporary socio-economic manifestations such as neoliberalism and globalization. Her teaching areas include Latina\/o\/x Studies, Latin American Literatures and Cultures, US and German Ethnic Literatures, Decolonization, Globalization, Human Rights, Transatlantic Studies, Transnationalism, Inter-American Studies. The \u201cIntroductory Course to Inter-American Studies\u201d that she taught during her tenure at Bielefeld University (2008-2016) successfully helped fortify the Inter-American Studies M.A. Program at this institution. Kirschner is editor and author of the volume <em>Expanding Latinidad: An Inter-American Perspective<\/em> (Bilingual Press 2012). Some of her publications have appeared in <em>The Routledge Companion to Literature and Human Rights, The Routledge Companion to Inter-American Studies, The Cambridge History of Latina\/o American Literature, The Routledge Handbook to the History and Society of the Americas. <\/em>She has authored and co-edited the book <em>Human Rights in the Americas <\/em>(Routledge 2021) and most recently published her single-authored monograph<em> The Persistence of Racialization: Literature, Gender, and Ethnicity\u00a0<\/em>(Routledge 2025).<\/p>\n<p dir=\"ltr\"><strong>Vice President<\/strong><\/p>\n<p dir=\"ltr\"><strong>Graciela Mart\u00ednez Zalce (CISAN-UNAM, Mexico)<\/strong><\/p>\n<p>\u00a0<img loading=\"lazy\" decoding=\"async\" src=\"https:\/\/lh5.googleusercontent.com\/hElUYWptIqR1_Ia9yPRj2DBHOJHlxrk3J7ouMamLvSY4oAtL4eNeO78yZ2SuwWt8ofi5fz1_9LWWq-oqOppc3tmjmQi6TrMtLBk6O8TZwkCS7O51CpNxeMnViKmco__eAvcqHVfi\" alt=\"http:\/\/www.cisan.unam.mx\/ingles\/images\/investigadores\/nuevasfotos\/graciela.jpg\" width=\"360\" height=\"347\" \/><\/p>\n<p>Graciela Mart\u00ednez-Zalce S\u00e1nchez actualmente es investigadora titular en el Centro de Investigaciones sobre Am\u00e9rica del Norte de la UNAM y \u00a0directora de la revista\u00a0<i>Voices of Mexico. <\/i>Doctora en Letras Modernas por la Universidad Iberoamericana. Es miembro del Sistema Nacional de Investigadores (nivel II) y de la Academia Mexicana de las Ciencias. Es especialista en el \u00e1rea de estudios culturales canadienses, adscrita a las l\u00edneas de investigaci\u00f3n de Migraci\u00f3n y Fronteras, e Identidades y procesos culturales. Es profesora del Colegio de Letras Hisp\u00e1nicas de la Facultad de Filosof\u00eda y Letras, as\u00ed como en el Posgrado en Ciencias Pol\u00edticas y Sociales. Ha publicado libros y art\u00edculos sobre cine y fronteras y las relaciones M\u00e9xico-Canad\u00e1.<\/p>\n<p dir=\"ltr\"><strong>Executive Director<\/strong><\/p>\n<p dir=\"ltr\"><strong><b><span lang=\"EN-US\">Matti Steinitz<\/span><\/b> (Bielefeld University, Germany)<\/strong><\/p>\n<p dir=\"ltr\"><a href=\"http:\/\/www.interamericanstudies.net\/wp-content\/uploads\/2024\/06\/Foto-Steinitz.jpeg\"><img loading=\"lazy\" decoding=\"async\" class=\"alignnone size-medium wp-image-7249\" src=\"http:\/\/www.interamericanstudies.net\/wp-content\/uploads\/2024\/06\/Foto-Steinitz-300x225.jpeg\" alt=\"\" width=\"300\" height=\"225\" srcset=\"https:\/\/www.interamericanstudies.net\/wp-content\/uploads\/2024\/06\/Foto-Steinitz-300x225.jpeg 300w, https:\/\/www.interamericanstudies.net\/wp-content\/uploads\/2024\/06\/Foto-Steinitz-1024x768.jpeg 1024w, https:\/\/www.interamericanstudies.net\/wp-content\/uploads\/2024\/06\/Foto-Steinitz-768x576.jpeg 768w, https:\/\/www.interamericanstudies.net\/wp-content\/uploads\/2024\/06\/Foto-Steinitz-1536x1152.jpeg 1536w, https:\/\/www.interamericanstudies.net\/wp-content\/uploads\/2024\/06\/Foto-Steinitz.jpeg 1600w\" sizes=\"auto, (max-width: 300px) 100vw, 300px\" \/><\/a><\/p>\n<p dir=\"ltr\"><b><span lang=\"EN-US\">Matti Steinitz<\/span><\/b><span lang=\"EN-US\">\u00a0holds a Ph.D. in American Studies from Bielefeld University. He is co-founder and coordinator of the Black Americas Network and researcher at the Center for InterAmerican Studies. His research interests include Afro-diasporic movements and cultures, popular music, nationalism and transnationalism in the Caribbean, North, and Latin America. He has published articles and organized conferences on hemispheric dialogues between Afrodescendants in the Americas and is a 2018 alumnus of the Mamolen Dissertation Workshop at Harvard University\u00b4s Afro-Latin American Research Institute. His dissertation thesis will be published in 2024 by DeGruyter under the title\u00a0<i>Afro-Latin Soul Music and the Rise of Black Power Cosmopolitanism: &#8216;Hemispheric Soulscapes&#8217; between Spanish Harlem, Black Rio and Panama<\/i>.\u00a0In collaboration with Wilfried Raussert, he has published the edited volume\u00a0<i>Black Power in Hemispheric Perspective &#8211; Movements and Cultures of Resistance in the Black Americas<\/i>\u00a0(2022). Matti also works as a DJ and curated the transdisciplinary symposium\/festival\u00a0<i>#hiphophavanaberlin\u00a0<\/i>in 2022.\u00a0<\/span><\/p>\n<p dir=\"ltr\"><strong>Treasurer<\/strong><\/p>\n<p dir=\"ltr\"><strong>Astrid Haas (University of Bergen, Norway)<\/strong><\/p>\n<p><a href=\"http:\/\/www.interamericanstudies.net\/wp-content\/uploads\/2022\/07\/Astrid-Haas-2019.jpg\"><img loading=\"lazy\" decoding=\"async\" class=\"alignnone size-medium wp-image-7065\" src=\"http:\/\/www.interamericanstudies.net\/wp-content\/uploads\/2022\/07\/Astrid-Haas-2019-300x300.jpg\" alt=\"IAS treasurer Astrid Haas\" width=\"300\" height=\"300\" srcset=\"https:\/\/www.interamericanstudies.net\/wp-content\/uploads\/2022\/07\/Astrid-Haas-2019-300x300.jpg 300w, https:\/\/www.interamericanstudies.net\/wp-content\/uploads\/2022\/07\/Astrid-Haas-2019-150x150.jpg 150w, https:\/\/www.interamericanstudies.net\/wp-content\/uploads\/2022\/07\/Astrid-Haas-2019.jpg 915w\" sizes=\"auto, (max-width: 300px) 100vw, 300px\" \/><\/a><\/p>\n<p>Astrid Haas is an Associate Profesor in American Literature and Culture at the University of Bergen, Norway. Previous to her present position, she researched and taught North American Studies as a research fellow, lecturer, and visiting professor at several universities in Germany and the UK. Astrid\u2019s research and teaching interests include transnational North American, Inter-American, and Atlantic Studies; the genres of travel writing, drama, autobiography, and the graphic novel; the literatures and cultures of Black and Latine Diasporas; Gender and Sexuality Studies; the medical humanities; and US popular culture. She published the monographs <em>Stages of Agency: The Contributions of American Drama to the AIDS Discourse<\/em>\u00a0(2011) and\u00a0<em>Lone Star Vistas: Travel Writing on Texas, 1821-1861<\/em> (2021). Her current major research project is titled \u201cBlack Inter-American Mobilities and Autobiography in the Age of Revolutions (1760-1860).\u201d<\/p>\n","protected":false},"excerpt":{"rendered":"<p>President Luz Ang\u00e9lica Kirschner (University of South Dakota, USA) Luz Ang\u00e9lica Kirschner is an Associate Professor in the School of American and Global Studies at South Dakota State University. Her &#8230;<\/p>\n","protected":false},"author":1,"featured_media":0,"parent":5,"menu_order":3,"comment_status":"open","ping_status":"open","template":"","meta":{"footnotes":""},"class_list":["post-18","page","type-page","status-publish","hentry"],"yoast_head":"<!-- This site is optimized with the Yoast SEO plugin v26.8 - https:\/\/yoast.com\/product\/yoast-seo-wordpress\/ -->\n<title>Executive Board - Inter-American Studies<\/title>\n<meta name=\"robots\" content=\"index, follow, max-snippet:-1, max-image-preview:large, max-video-preview:-1\" \/>\n<link rel=\"canonical\" href=\"http:\/\/www.interamericanstudies.net\/?page_id=18\" \/>\n<meta property=\"og:locale\" content=\"en_US\" \/>\n<meta property=\"og:type\" content=\"article\" \/>\n<meta property=\"og:title\" content=\"Executive Board - Inter-American Studies\" \/>\n<meta property=\"og:description\" content=\"President Luz Ang\u00e9lica Kirschner (University of South Dakota, USA) Luz Ang\u00e9lica Kirschner is an Associate Professor in the School of American and Global Studies at South Dakota State University. Her ...\" \/>\n<meta property=\"og:url\" content=\"http:\/\/www.interamericanstudies.net\/?page_id=18\" \/>\n<meta property=\"og:site_name\" content=\"Inter-American Studies\" \/>\n<meta property=\"article:publisher\" content=\"https:\/\/www.facebook.com\/interamericanstudies2009\" \/>\n<meta property=\"article:modified_time\" content=\"2026-04-12T17:40:24+00:00\" \/>\n<meta property=\"og:image\" content=\"http:\/\/www.interamericanstudies.net\/wp-content\/uploads\/2023\/02\/Kirschner-Luz-Angelica-214x300.jpeg\" \/>\n<meta name=\"twitter:card\" content=\"summary_large_image\" \/>\n<meta name=\"twitter:label1\" content=\"Est. reading time\" \/>\n\t<meta name=\"twitter:data1\" content=\"4 minutes\" \/>\n<script type=\"application\/ld+json\" class=\"yoast-schema-graph\">{\"@context\":\"https:\/\/schema.org\",\"@graph\":[{\"@type\":\"WebPage\",\"@id\":\"http:\/\/www.interamericanstudies.net\/?page_id=18\",\"url\":\"http:\/\/www.interamericanstudies.net\/?page_id=18\",\"name\":\"Executive Board - Inter-American Studies\",\"isPartOf\":{\"@id\":\"http:\/\/www.interamericanstudies.net\/#website\"},\"primaryImageOfPage\":{\"@id\":\"http:\/\/www.interamericanstudies.net\/?page_id=18#primaryimage\"},\"image\":{\"@id\":\"http:\/\/www.interamericanstudies.net\/?page_id=18#primaryimage\"},\"thumbnailUrl\":\"http:\/\/www.interamericanstudies.net\/wp-content\/uploads\/2023\/02\/Kirschner-Luz-Angelica-214x300.jpeg\",\"datePublished\":\"2010-01-18T12:07:15+00:00\",\"dateModified\":\"2026-04-12T17:40:24+00:00\",\"breadcrumb\":{\"@id\":\"http:\/\/www.interamericanstudies.net\/?page_id=18#breadcrumb\"},\"inLanguage\":\"en-US\",\"potentialAction\":[{\"@type\":\"ReadAction\",\"target\":[\"http:\/\/www.interamericanstudies.net\/?page_id=18\"]}]},{\"@type\":\"ImageObject\",\"inLanguage\":\"en-US\",\"@id\":\"http:\/\/www.interamericanstudies.net\/?page_id=18#primaryimage\",\"url\":\"https:\/\/www.interamericanstudies.net\/wp-content\/uploads\/2023\/02\/Kirschner-Luz-Angelica.jpeg\",\"contentUrl\":\"https:\/\/www.interamericanstudies.net\/wp-content\/uploads\/2023\/02\/Kirschner-Luz-Angelica.jpeg\",\"width\":1500,\"height\":2100},{\"@type\":\"BreadcrumbList\",\"@id\":\"http:\/\/www.interamericanstudies.net\/?page_id=18#breadcrumb\",\"itemListElement\":[{\"@type\":\"ListItem\",\"position\":1,\"name\":\"Home\",\"item\":\"http:\/\/www.interamericanstudies.net\/\"},{\"@type\":\"ListItem\",\"position\":2,\"name\":\"About\",\"item\":\"http:\/\/www.interamericanstudies.net\/?page_id=5\"},{\"@type\":\"ListItem\",\"position\":3,\"name\":\"Executive Board\"}]},{\"@type\":\"WebSite\",\"@id\":\"http:\/\/www.interamericanstudies.net\/#website\",\"url\":\"http:\/\/www.interamericanstudies.net\/\",\"name\":\"Inter-American Studies\",\"description\":\"International Association of Inter-American Studies\",\"publisher\":{\"@id\":\"http:\/\/www.interamericanstudies.net\/#organization\"},\"potentialAction\":[{\"@type\":\"SearchAction\",\"target\":{\"@type\":\"EntryPoint\",\"urlTemplate\":\"http:\/\/www.interamericanstudies.net\/?s={search_term_string}\"},\"query-input\":{\"@type\":\"PropertyValueSpecification\",\"valueRequired\":true,\"valueName\":\"search_term_string\"}}],\"inLanguage\":\"en-US\"},{\"@type\":\"Organization\",\"@id\":\"http:\/\/www.interamericanstudies.net\/#organization\",\"name\":\"Inter-American Studies\",\"url\":\"http:\/\/www.interamericanstudies.net\/\",\"logo\":{\"@type\":\"ImageObject\",\"inLanguage\":\"en-US\",\"@id\":\"http:\/\/www.interamericanstudies.net\/#\/schema\/logo\/image\/\",\"url\":\"http:\/\/www.interamericanstudies.net\/wp-content\/uploads\/2024\/09\/ias_logo_ohne_kleiner.png\",\"contentUrl\":\"http:\/\/www.interamericanstudies.net\/wp-content\/uploads\/2024\/09\/ias_logo_ohne_kleiner.png\",\"width\":850,\"height\":155,\"caption\":\"Inter-American Studies\"},\"image\":{\"@id\":\"http:\/\/www.interamericanstudies.net\/#\/schema\/logo\/image\/\"},\"sameAs\":[\"https:\/\/www.facebook.com\/interamericanstudies2009\"]}]}<\/script>\n<!-- \/ Yoast SEO plugin. -->","yoast_head_json":{"title":"Executive Board - Inter-American Studies","robots":{"index":"index","follow":"follow","max-snippet":"max-snippet:-1","max-image-preview":"max-image-preview:large","max-video-preview":"max-video-preview:-1"},"canonical":"http:\/\/www.interamericanstudies.net\/?page_id=18","og_locale":"en_US","og_type":"article","og_title":"Executive Board - Inter-American Studies","og_description":"President Luz Ang\u00e9lica Kirschner (University of South Dakota, USA) Luz Ang\u00e9lica Kirschner is an Associate Professor in the School of American and Global Studies at South Dakota State University. Her ...","og_url":"http:\/\/www.interamericanstudies.net\/?page_id=18","og_site_name":"Inter-American Studies","article_publisher":"https:\/\/www.facebook.com\/interamericanstudies2009","article_modified_time":"2026-04-12T17:40:24+00:00","og_image":[{"url":"http:\/\/www.interamericanstudies.net\/wp-content\/uploads\/2023\/02\/Kirschner-Luz-Angelica-214x300.jpeg","type":"","width":"","height":""}],"twitter_card":"summary_large_image","twitter_misc":{"Est. reading time":"4 minutes"},"schema":{"@context":"https:\/\/schema.org","@graph":[{"@type":"WebPage","@id":"http:\/\/www.interamericanstudies.net\/?page_id=18","url":"http:\/\/www.interamericanstudies.net\/?page_id=18","name":"Executive Board - Inter-American Studies","isPartOf":{"@id":"http:\/\/www.interamericanstudies.net\/#website"},"primaryImageOfPage":{"@id":"http:\/\/www.interamericanstudies.net\/?page_id=18#primaryimage"},"image":{"@id":"http:\/\/www.interamericanstudies.net\/?page_id=18#primaryimage"},"thumbnailUrl":"http:\/\/www.interamericanstudies.net\/wp-content\/uploads\/2023\/02\/Kirschner-Luz-Angelica-214x300.jpeg","datePublished":"2010-01-18T12:07:15+00:00","dateModified":"2026-04-12T17:40:24+00:00","breadcrumb":{"@id":"http:\/\/www.interamericanstudies.net\/?page_id=18#breadcrumb"},"inLanguage":"en-US","potentialAction":[{"@type":"ReadAction","target":["http:\/\/www.interamericanstudies.net\/?page_id=18"]}]},{"@type":"ImageObject","inLanguage":"en-US","@id":"http:\/\/www.interamericanstudies.net\/?page_id=18#primaryimage","url":"https:\/\/www.interamericanstudies.net\/wp-content\/uploads\/2023\/02\/Kirschner-Luz-Angelica.jpeg","contentUrl":"https:\/\/www.interamericanstudies.net\/wp-content\/uploads\/2023\/02\/Kirschner-Luz-Angelica.jpeg","width":1500,"height":2100},{"@type":"BreadcrumbList","@id":"http:\/\/www.interamericanstudies.net\/?page_id=18#breadcrumb","itemListElement":[{"@type":"ListItem","position":1,"name":"Home","item":"http:\/\/www.interamericanstudies.net\/"},{"@type":"ListItem","position":2,"name":"About","item":"http:\/\/www.interamericanstudies.net\/?page_id=5"},{"@type":"ListItem","position":3,"name":"Executive Board"}]},{"@type":"WebSite","@id":"http:\/\/www.interamericanstudies.net\/#website","url":"http:\/\/www.interamericanstudies.net\/","name":"Inter-American Studies","description":"International Association of Inter-American Studies","publisher":{"@id":"http:\/\/www.interamericanstudies.net\/#organization"},"potentialAction":[{"@type":"SearchAction","target":{"@type":"EntryPoint","urlTemplate":"http:\/\/www.interamericanstudies.net\/?s={search_term_string}"},"query-input":{"@type":"PropertyValueSpecification","valueRequired":true,"valueName":"search_term_string"}}],"inLanguage":"en-US"},{"@type":"Organization","@id":"http:\/\/www.interamericanstudies.net\/#organization","name":"Inter-American Studies","url":"http:\/\/www.interamericanstudies.net\/","logo":{"@type":"ImageObject","inLanguage":"en-US","@id":"http:\/\/www.interamericanstudies.net\/#\/schema\/logo\/image\/","url":"http:\/\/www.interamericanstudies.net\/wp-content\/uploads\/2024\/09\/ias_logo_ohne_kleiner.png","contentUrl":"http:\/\/www.interamericanstudies.net\/wp-content\/uploads\/2024\/09\/ias_logo_ohne_kleiner.png","width":850,"height":155,"caption":"Inter-American Studies"},"image":{"@id":"http:\/\/www.interamericanstudies.net\/#\/schema\/logo\/image\/"},"sameAs":["https:\/\/www.facebook.com\/interamericanstudies2009"]}]}},"_links":{"self":[{"href":"https:\/\/www.interamericanstudies.net\/index.php?rest_route=\/wp\/v2\/pages\/18","targetHints":{"allow":["GET"]}}],"collection":[{"href":"https:\/\/www.interamericanstudies.net\/index.php?rest_route=\/wp\/v2\/pages"}],"about":[{"href":"https:\/\/www.interamericanstudies.net\/index.php?rest_route=\/wp\/v2\/types\/page"}],"author":[{"embeddable":true,"href":"https:\/\/www.interamericanstudies.net\/index.php?rest_route=\/wp\/v2\/users\/1"}],"replies":[{"embeddable":true,"href":"https:\/\/www.interamericanstudies.net\/index.php?rest_route=%2Fwp%2Fv2%2Fcomments&post=18"}],"version-history":[{"count":28,"href":"https:\/\/www.interamericanstudies.net\/index.php?rest_route=\/wp\/v2\/pages\/18\/revisions"}],"predecessor-version":[{"id":7508,"href":"https:\/\/www.interamericanstudies.net\/index.php?rest_route=\/wp\/v2\/pages\/18\/revisions\/7508"}],"up":[{"embeddable":true,"href":"https:\/\/www.interamericanstudies.net\/index.php?rest_route=\/wp\/v2\/pages\/5"}],"wp:attachment":[{"href":"https:\/\/www.interamericanstudies.net\/index.php?rest_route=%2Fwp%2Fv2%2Fmedia&parent=18"}],"curies":[{"name":"wp","href":"https:\/\/api.w.org\/{rel}","templated":true}]}}