{"id":2754,"date":"2012-03-25T17:00:47","date_gmt":"2012-03-25T17:00:47","guid":{"rendered":"http:\/\/www.interamericanstudies.net\/?page_id=2754"},"modified":"2012-12-04T19:57:47","modified_gmt":"2012-12-04T19:57:47","slug":"members-bibliography-2009","status":"publish","type":"page","link":"https:\/\/www.interamericanstudies.net\/?page_id=2754","title":{"rendered":"Members Bibliography 2009"},"content":{"rendered":"<p>Bijos, Leila Maria Da&#8217;Juda. \u201cSecurity Threats in the Aftermath of September 11th: the Evolution of U.S. Perceptions from Afghanistan to the Intervention of Iraq.\u201d <em>Estados Unidos: Pol\u00edtica Externa e Atua\u00e7\u00e3o na Pol\u00edtica Internacional Contempor\u00e2nea.<\/em> Ed. Eugenio Diniz. Belo Horizonte: PUC Minas, 2009. 189-206. <\/p>\n<p>&#8212;. Discrimina\u00e7\u00e3o \u00c9tnica-Racial 30: \u201cNikkeis\u201d <em>Brasileiros no Jap\u00e3o<\/em>. Bras\u00edlia: Editora Universa, Novembro 2009.<\/p>\n<p>Campos, Jos\u00e9 L. \u201cMigraciones y Trayectos Identitarios en la M\u00fasica Popular: La Cultura del Consumo Musical en la Era Digital.\u201d <em>Forum for Inter-American Research<\/em> 2.2 (October 2009).<\/p>\n<p>Campos Garc\u00eda, Yolanda Minerva. \u201cAbismos de passion: Una historia de las relaciones cinematogr\u00e1ficas hispanomexicanas.\u201d <em>Cuadernos de la Filmoteca<\/em> 13 (2009): <<a href=\"http:\/\/elojoquepiensa.net\/index.php\/enfoques\/libros\/abismos-de-pasion\">http:\/\/elojoquepiensa.net\/index.php\/enfoques\/libros\/abismos-de-pasion<\/a><\/p>\n<p>Corona Berkin, Sarah. \u201cDibujar dioses en dos contextos comunicativos.\u201d <em>Comunicaci\u00f3n y sociedad, Nueva \u00c9poca<\/em> 12 (julio-diciembre 2009). 15-31.<\/p>\n<p>&#8212;. \u201cBordando identidades: nomear a etnicidade no M\u00e9xico.\u201d <em>Identidade, diversidade: pr\u00e1ticas culturais em pesquisa<\/em>. Ed. Mailisa Carla y Rita Ribes. R\u00edo de Janeiro, Brasil: FAPERJ\/DpetAlii, 2009. 142-154.<\/p>\n<p>&#8212;. \u201cIndigenous Embroidery in the Construction of Ethnic Identity: The case of Huichol Women.\u201d <em>Intercultural Communications Studies <\/em>XVIII:1 Rio de Janeiro, Brasil, 2009. 98-108.<\/p>\n<p>&#8212;. \u201cDos fuentes de la etnicidad ind\u00edgena: las pol\u00edticas p\u00fablicas y los procesos de emancipaci\u00f3n.\u201d <em>Epistemolog\u00edas de la diferencia: Debates contempor\u00e1neos sobre la identidad en las pr\u00e1cticas educativas.<\/em> Ed. Patricia Medina Melgarejo. M\u00e9xico: Plaza y Valdez\/UPN, 2009. 51-59. <\/p>\n<p>Cutler, John Alba. \u201cDisappeared Men: Chicana\/o Authenticity, Gender, and the American War in Viet Nam.\u201d <em>American Literature<\/em> 81.3 (2009): 583-611. <\/p>\n<p>&#8212;. \u201cOn Recent Chicano Literature.\u201d Review essay. <em>Western American Literature <\/em>44.2 (2009): 158-67. <\/p>\n<p>Dur\u00e1n, Isabel. \u201cThe Personal Essay as Autobiography: a Gender and Genre Approach\u201d. <em>Revista Canaria de Estudios Ingleses<\/em>, 58: April, 2009: 41-65. <\/p>\n<p>&#8212;. \u201cCaminantes por la ciudad que nunca duerme\u201d. Ed. <em>Eugenia Popeanga. Leer la ciudad: de lo urbano a lo po\u00e9tico. Revista de Filolog\u00eda Rom\u00e1nica<\/em>, Anejo VI, 2009: 145-152. <\/p>\n<p>&#8212;. \u201cAutoscriptotherapy: Cancer Diaries as Battle Diaries\u201d. Ed. Nieves Pascual, and Antonio Ballesteros. <em>Feeling in Others: Essays on Empathy and Suffering in Modern Culture<\/em>. Viena &#038; Berlin: LIT Verlag, 2008: 51-65.<\/p>\n<p>Giebeler, Cornelia. \u201cTranskulturalit\u00e4t als Leitlinie. Rekonstruktive Methoden f\u00fcr die interkulturelle Praxis in der Sozialen Arbeit.\u201d <em>Bl\u00e4tter der Wohlfahrtspflege. Deutsche Zeitschrift f\u00fcr die Theorie und f\u00fcr die Praxis Sozialer Arbeit.<\/em> 156: 2 (2009): 64-66.<\/p>\n<p>&#8212;. \u201cConceptos de Inter-,Trans-, y Intraculturalidad en la Educaci\u00f3n.\u201d <em>Construyendo Interculturalidad: Pueblos Ind\u00edgenas, Educaci\u00f3n y Politicas de Identidad en America Latina<\/em>. Ed. Juliana Gregor-Str\u00f6bele, Olaf Kaltmeier, and Cornelia Giebeler. Publikationsreihe der Gesellschaft f\u00fcr Technische Zusammenarbeit (GTZ). 2009.<\/p>\n<p>&#8212;. \u201c\u2018Interkulturelle\u2019 Praxis.\u201d <em>Handbuch Qualitative Forschungsmethoden<\/em>. Ed. Karin Bock, and Ingrid Miethe. Leverkusen: Barbara Budrich, 2009.<\/p>\n<p>&#8212;, Juliana Gregor-Str\u00f6bele, and Olaf Kaltmeier (eds.). <em>Construyendo Interculturalidad: Pueblos Ind\u00edgenas, Educaci\u00f3n y Politicas de Identidad en America Latina.<\/em> Publikationsreihe der Gesellschaft f\u00fcr Technische Zusammenarbeit (GTZ), 2009.<\/p>\n<p>Kaltmeier, Olaf. \u201cDas Land neu gr\u00fcnden: Gesellschaftliche Kontexte, politische Kulturen<br \/>\nund indigene Bewegungen in S\u00fcdamerika.\u201d \u201cEl pueblo unido?\u201c <em>Soziale Bewegungen und politischer Protest in der Geschichte Lateinamerikas.<\/em> Ed. J\u00fcrgen Mittag, and Georg Ismar. M\u00fcnster: Westf\u00e4lisches Dampfboot, 2009. <\/p>\n<p>&#8212;. \u201cEstado, Espacio y Etnicidad. Pr\u00e1cticas y representaciones espaciales en Cotopaxi entre mimesis y alteridad.\u201d <em>Los Andes en movimiento.<\/em> Ed. Pablo Ospina, Olaf Kaltmeier, and Christian B\u00fcschges. Quito : Corporaci\u00f3n Editora Nacional, 2009.<\/p>\n<p>&#8212;. \u201cKolonialit\u00e4t und Kommodifizierung im Zentrum. Kulturerbe und urbane Erneuerung in Lateinamerika.\u201d <em>Bildpunkt <\/em>(2009): 28-29.<\/p>\n<p>&#8212;, and Sebastian Thies. \u201cBoliviens Staat im Bilde. Postkoloniale Repr\u00e4sentationsverh\u00e4ltnisse und der strategische Einsatz von Kultur in der Entwicklungszusammenarbeit.\u201d <em>Peripherie. Zeitschrift f\u00fcr Politik und \u00d6konomie der Dritten Welt <\/em>113 (2009). <\/p>\n<p>Mart\u00ednez Novo, Carmen, ed. <em>Repensando los movimientos ind\u00edgenas<\/em>. Quito: FLASCO, 2009.<\/p>\n<p>&#8212;. \u201cBuilding an Anti-Neoliberal Nation with the Indigenous Movement: The Salesian Missions of Ecuador.\u201d <em>Bridging the Gaps: Faith Based Organizations, Neoliberalism, and Development in Latin America and the Caribbean<\/em>. Ed. Tara Hefferan, Julie Adkins, and Laurie Occhipinti. New York: Lexington Books, 2009.<\/p>\n<p>&#8212;. \u201cThe Progressive Church and the Indigenous Movement of Ecuador.\u201d <em>Ecuador Reader<\/em>. Ed. Steve Striffler and Carlos de la Torre. Durham: Duke University Press, 2009.<\/p>\n<p>&#8212;. \u201cIndigenistas en los m\u00e1rgenes del estado: Reflexiones desde la etnograf\u00eda en la frontera norte de M\u00e9xico y regiones perif\u00e9ricas del Ecuador.\u201d <em>Los andes en movimiento. Identidad y poder en el nuevo paisaje pol\u00edtico.<\/em> Ed. Pablo Ospina, Olaf Kaltmeier y Christian B\u00fcschges. Quito: Universidad Andina Sim\u00f3n Bol\u00edvar y Universidad de Bielefeld, Corporaci\u00f3n Editora nacional, 2009. <\/p>\n<p>McClennan, Sophia A. \u201cTorture and Truth in Ariel Dorfman\u2019s Death and the Maiden.\u201d <em>Revista Hisp\u00e1nica Moderna<\/em> 62.2 (2009): 177\u201392. <\/p>\n<p>&#8212;. \u201cArea Studies Beyond Ontology: Notes on Latin American Studies, American Studies, and Inter-American Studies.\u201d <em>Comparaciones en vertical<\/em>. Ed. Paola Mildonian and Biagio D\u2019Angelo. ICLA, Research Committee on Latin American Studies. Venice, Italy: Supernova, 2009. 178\u201387.<\/p>\n<p>&#8212;. \u201cReading Afghanistan post 9\/11.\u201d <em>The Impact of 9\/11 on Arts, Entertainment, and the Media <\/em>.  Ed. Matthew Morgan. New York: Palgrave, 2009. 11\u201340.<\/p>\n<p>&#8212;. \u201cE Pluribus Unum\/ Ex Uno Plura: Legislating and Deregulating American Studies post 9\/11.\u201d <em>Dangerous Professors<\/em>. Ed. Malini Johar Schueller. Ann Arbor: U Michigan P, 2009. 145\u201372.<\/p>\n<p>&#8212;, and Joseph R. Slaughter. \u201cIntroducing Human Rights and Literary Forms; Or, The Vehicles and Vocabularies of Human Rights.\u201d <em>Comparative Literature Studies special issue on \u201cHuman Rights and Literary Forms.\u201d<\/em> Ed. Sophia A. McClennen and Joseph Slaughter. 46.1 (2009): 1\u201319.<\/p>\n<p>Morana, Mabel, and Guido Pdest\u00e1, eds. <em>Jos\u00e9 Carlos Mari\u00e1tegui y los estudios latinoamericanos<\/em>. Pittsburgh: IILI, Serie Cr\u00edtica, 2009.<\/p>\n<p>Opitz, Daniela. &#8220;&#8216;Evitas Montoneras&#8217; &#8211; La memoria de la militancia femenina en el cine documental argentino: Montoneros, una historia (1995) de Andr\u00e9s di Tella.&#8221; <em>FIAR <\/em> 2.1 (January 2009). <<a href=\"http:\/\/www.interamerica.de\">http:\/\/www.interamerica.de<\/a>><\/p>\n<p>Ospina, Pablo, Olaf Kaltmeier, and Christian B\u00fcschges, eds. <em>Los Andes en Movimiento. Identidad y poder en el nuevo paisaje pol\u00edtico<\/em>. Quito: Corporaci\u00f3n Editora Nacional, 2009.<\/p>\n<p>Prutsch, Ursula. \u201cLateinamerika und die USA \u2013 eine konfliktreiche Beziehungsgeschichte (1823-2008).\u201d <em>Nordamerika. Geschichte und Gesellschaft seit dem 18. Jahrhundert<\/em>, Ed. Margarete Grandner and Marcus Gr\u00e4ser. Wien: Promedia Verlag, 2009. 234-254. <\/p>\n<p>Raab, Josef. \u201cLatinos and Otherness: The Films of Gregory Nava.\u201d <em>E Pluribus Unum?: National and Transnational Identities in the Americas \/ Identidades nacionales y transnacionales en las Am\u00e9ricas.<\/em> Ed. Sebastian Thies and Josef Raab. Tempe: Bilingual Press\/Editorial Biling\u00fce &#038; M\u00fcnster: LIT Verlag, 2009. 175-92. <\/p>\n<p>&#8212;. \u201cHyphens, Hybridity, and Rotating Identities: A Conversation with Ilan Stavans.\u201d <em>E Pluribus Unum?: National and Transnational Identities in the Americas \/ Identidades nacionales y transnacionales en las Am\u00e9ricas.<\/em> Ed. Sebastian Thies and Josef Raab. Tempe: Bilingual Press\/Editorial Biling\u00fce &#038; M\u00fcnster: LIT Verlag, 2009. 391-401. <\/p>\n<p>&#8212;. \u201cContrary Approaches to Difference: Ethnicity and Identity Politics in the Americas.\u201d <em>ZiF Mitteilungen<\/em> 3\/2009: 8-17.<\/p>\n<p>Raussert, Wilfried. \u201cHollers, Blue Notes and Brass Sounds: Diverse Musical and Cultural Influences on Jazz in Louisiana.\u201d <em>Louisiana Culture from the Colonial Era to Kathrina.<\/em> Ed. John Lowe. Baton Rouge: Louisiana State UP, 2009. 255-283.<\/p>\n<p>&#8212;. \u201cBetween Ethic and Aesthetic Cosmopolitanism: Performance Art and Cultural Critique.\u201d <em>The Claims of Cosmopolitanism<\/em>. Ed. Patrick O\u2019Donovan and Laura Rascaroli. New York and London: Peter Lang, 2009. 45-61.<\/p>\n<p>Rescher, Gilberto. \u201cTransnationality, Translocal Citizenship and Gender Relations: Transformation of Rural Community Organisation, Local Politics and Development.\u201d <em>The Making of World Society: Perspectives from Transnational Research<\/em>. Ed. Remus Gabriel Anghel et al. Bielefeld: transcript, 2009. 195\u2013218.<\/p>\n<p>&#8212;, et al., eds. <em>The Making of World Society: Perspectives from Transnational Research. <\/em> Bielefeld: transcript, 2009. <\/p>\n<p>Rinke, Stefan, Hans-Joachim K\u00f6nig, and Andrea Pagni. eds. <em>Memorias de la naci\u00f3n en Am\u00e9rica Latina: Transformaciones, recodificaciones y usos actuales.<\/em> M\u00e9xico: CIESAS, 2009.<\/p>\n<p>&#8212;. \u201cPresentaci\u00f3n: la presencia del pasado.\u201d <em>Memorias de la naci\u00f3n en Am\u00e9rica latina: Transformaciones, recodificaciones y usos actuales<\/em>. Ed. Stefan Rinke, Hans-Joachim K\u00f6nig, and Andrea Pagni. M\u00e9xico: CIESAS, 2009. 9-24.<\/p>\n<p>&#8212;. \u201cComienzo o Fin de la Historia? El 11 de septiembre y las luchas por la memoria en Chile.\u201d <em>Memorias de la naci\u00f3n en Am\u00e9rica latina: Transformaciones, recodificaciones y usos actuales.<\/em> Ed. Stefan Rinke, Hans-Joachim K\u00f6nig, and Andrea Pagni. M\u00e9xico: CIESAS, 2009. 171-194.<\/p>\n<p>&#8212;, Georg Fischer, and Frederik Schulze, eds. <em>Geschichte Lateinamerikas im 19. und 20. Jahrhundert: Quellenband.<\/em> Stuttgart: Metzler, 2009.<\/p>\n<p>&#8212;. \u201cLas torres de Babel del siglo XX: Cambio urbano, cultura de masas y Norte Americanizaci\u00f3n en Chile, 1918-1931\u201d <em>Ampliando miradas: Chile y su historia en un tiempo global.<\/em> Ed. Fernando Purcell. Santiago de Chile: Ril, 2009. 159-193.<\/p>\n<p>&#8212;. \u201cS\u00e4ulen der Republiken: Fr\u00fche Denkm\u00e4ler und Erinnerungspolitik in den nachkolonialen Amerikas.\u201d<em> Lateinamerika und die USA im \u201clangen\u201c 19. Jahrhundert: Unterschiede und Gemeinsamkeiten<\/em>. Ed. Hans-Werner Tobler and Peter Waldmann. K\u00f6ln: B\u00f6hlau, 2009. 199-226.<\/p>\n<p>&#8212;. \u201cPanamerikanismus.\u201d <em>Enzyklop\u00e4die der Neuzeit<\/em> Bd. 9. Stuttgart: Metzler, 2009. 773-777.<\/p>\n<p>&#8212;, and Hans-Joachim K\u00f6nig. \u201cNeue Welt.\u201d <em>Enzyklop\u00e4die der Neuzeit<\/em> Bd. 9. Stuttgart: Metzler, 2009. 102-125. <\/p>\n<p>Thies, Sebastian, and Josef Raab, eds. <em>E Pluribus Unum?: National and Transnational Identities in the Americas \/ Identidades nacionales y transnacionales en las Am\u00e9ricas.<\/em> Tempe: Bilingual Press\/Editorial Biling\u00fce &#038; M\u00fcnster: LIT Verlag, 2009. <\/p>\n<p>&#8212;, and Josef Raab. \u201cE Pluribus Unum? \u2013 Interdisciplinary Perspectives on National and Transnational Identities in the Americas.\u201d <em>E Pluribus Unum?: National and Transnational Identities in the Americas \/ Identidades nacionales y transnacionales en las Am\u00e9ricas<\/em>. Ed. Sebastian Thies and Josef Raab. Tempe: Bilingual Press\/Editorial Biling\u00fce &#038; M\u00fcnster: LIT Verlag, 2009. 1-23. <\/p>\n<p>Tuider, Elisabeth, Hanns Wienold, and Thorsten Bewernitz, eds. <em>Migration \u2013 Arbeit \u2013 Geschlecht in Mexiko zu Beginn des 21. Jahrhunderts.<\/em> M\u00fcnster: Westf\u00e4lisches Dampfboot, 2009.<\/p>\n<p>&#8212; \u201cMutterschaft auf Distanz. Migrationsbewegungen und die Ver\u00e4nderung famili\u00e4rer Beziehungs- und Geschlechterkonstellationen.\u201d <em>Migration \u2013 Arbeit \u2013 Geschlecht in Mexiko zu Beginn des 21. Jahrhunderts<\/em>. Ed. Elisabeth Tuider, Hanns Wienold, and Thorsten Bewernitz. M\u00fcnster: Westf\u00e4lisches Dampfboot (gem. mit Marcela Gualotu\u00f1a), 2009. 231-247.<\/p>\n<p>&#8212;. \u201cGeschlecht als kulturelle Konstruktion am Beispiel der Muxe in Juchitan\/M\u00e9xiko.\u201d <em> \u201e&#8230; mit Hilfe der Zeichen\u201c Transnationalismus, soziale Bewegungen und kulturelle Praktiken in Lateinamerika<\/em>. Ed. Jens Kastner, and Tom Waibel. Wien: LIT-Verlag, 2009. 129-144.<\/p>\n<p>&#8212;. \u201cTransnationales Erz\u00e4hlen. Zum Umgang mit \u00dcber-Setzungen in der Biographieforschung.\u201d <em>Gender-Mobil? Vervielf\u00e4ltigungen und Entr\u00e4umlichungen von Lebensformen \u2013 Transnationale R\u00e4ume, Migration, Geschlecht.<\/em> Ed. Helma Lutz. M\u00fcnster:  Westf\u00e4lisches Dampfboot.<\/p>\n<p>Welskopp, Thomas. \u201cDie US-Verfassung als Experimentierbaukasten sozialer Gesetzgebung. Der Fall der Prohibition, 1920-1933.\u201d <em>Die Ordnung der Moderne: Social Engineering im 20. Jahrhundert<\/em>. Ed. Thomas Etzem\u00fcller. Bielefeld: Transcript, 2009. 223-237.<\/p>\n<p>&#8212;. \u201cTransatlantische Bande: Eine vergleichende Geschichte der Gewerkschaften in Deutschland und den USA im 19. und 20. Jahrhundert.\u201d <em>Solidargemeinschaft und Erinnerungskultur im 20. Jahrhundert. Beitr\u00e4ge zu Gewerkschaften, Nationalsozialismus und Geschichtspolitik.<\/em> Ed. Ursula Bitzegeio, Anja Kruke, and Meik Woyke. Bonn: Dietz, 2009. 29-61.<\/p>\n","protected":false},"excerpt":{"rendered":"<p>Bijos, Leila Maria Da&#8217;Juda. \u201cSecurity Threats in the Aftermath of September 11th: the Evolution of U.S. Perceptions from Afghanistan to the Intervention of Iraq.\u201d Estados Unidos: Pol\u00edtica Externa e Atua\u00e7\u00e3o &#8230;<\/p>\n","protected":false},"author":1,"featured_media":0,"parent":38,"menu_order":8,"comment_status":"closed","ping_status":"closed","template":"","meta":{"footnotes":""},"class_list":["post-2754","page","type-page","status-publish","hentry"],"yoast_head":"<!-- This site is optimized with the Yoast SEO plugin v26.8 - https:\/\/yoast.com\/product\/yoast-seo-wordpress\/ -->\n<title>Members Bibliography 2009 - Inter-American Studies<\/title>\n<meta name=\"robots\" content=\"index, follow, max-snippet:-1, max-image-preview:large, max-video-preview:-1\" \/>\n<link rel=\"canonical\" href=\"http:\/\/www.interamericanstudies.net\/?page_id=2754\" \/>\n<meta property=\"og:locale\" content=\"en_US\" \/>\n<meta property=\"og:type\" content=\"article\" \/>\n<meta property=\"og:title\" content=\"Members Bibliography 2009 - Inter-American Studies\" \/>\n<meta property=\"og:description\" content=\"Bijos, Leila Maria Da&#8217;Juda. \u201cSecurity Threats in the Aftermath of September 11th: the Evolution of U.S. Perceptions from Afghanistan to the Intervention of Iraq.\u201d Estados Unidos: Pol\u00edtica Externa e Atua\u00e7\u00e3o ...\" \/>\n<meta property=\"og:url\" content=\"http:\/\/www.interamericanstudies.net\/?page_id=2754\" \/>\n<meta property=\"og:site_name\" content=\"Inter-American Studies\" \/>\n<meta property=\"article:publisher\" content=\"https:\/\/www.facebook.com\/interamericanstudies2009\" \/>\n<meta property=\"article:modified_time\" content=\"2012-12-04T19:57:47+00:00\" \/>\n<meta name=\"twitter:card\" content=\"summary_large_image\" \/>\n<meta name=\"twitter:label1\" content=\"Est. reading time\" \/>\n\t<meta name=\"twitter:data1\" content=\"1 minute\" \/>\n<script type=\"application\/ld+json\" class=\"yoast-schema-graph\">{\"@context\":\"https:\/\/schema.org\",\"@graph\":[{\"@type\":\"WebPage\",\"@id\":\"http:\/\/www.interamericanstudies.net\/?page_id=2754\",\"url\":\"http:\/\/www.interamericanstudies.net\/?page_id=2754\",\"name\":\"Members Bibliography 2009 - Inter-American Studies\",\"isPartOf\":{\"@id\":\"http:\/\/www.interamericanstudies.net\/#website\"},\"datePublished\":\"2012-03-25T17:00:47+00:00\",\"dateModified\":\"2012-12-04T19:57:47+00:00\",\"breadcrumb\":{\"@id\":\"http:\/\/www.interamericanstudies.net\/?page_id=2754#breadcrumb\"},\"inLanguage\":\"en-US\",\"potentialAction\":[{\"@type\":\"ReadAction\",\"target\":[\"http:\/\/www.interamericanstudies.net\/?page_id=2754\"]}]},{\"@type\":\"BreadcrumbList\",\"@id\":\"http:\/\/www.interamericanstudies.net\/?page_id=2754#breadcrumb\",\"itemListElement\":[{\"@type\":\"ListItem\",\"position\":1,\"name\":\"Home\",\"item\":\"http:\/\/www.interamericanstudies.net\/\"},{\"@type\":\"ListItem\",\"position\":2,\"name\":\"Resources\",\"item\":\"https:\/\/www.interamericanstudies.net\/?page_id=38\"},{\"@type\":\"ListItem\",\"position\":3,\"name\":\"Members Bibliography 2009\"}]},{\"@type\":\"WebSite\",\"@id\":\"http:\/\/www.interamericanstudies.net\/#website\",\"url\":\"http:\/\/www.interamericanstudies.net\/\",\"name\":\"Inter-American Studies\",\"description\":\"International Association of Inter-American Studies\",\"publisher\":{\"@id\":\"http:\/\/www.interamericanstudies.net\/#organization\"},\"potentialAction\":[{\"@type\":\"SearchAction\",\"target\":{\"@type\":\"EntryPoint\",\"urlTemplate\":\"http:\/\/www.interamericanstudies.net\/?s={search_term_string}\"},\"query-input\":{\"@type\":\"PropertyValueSpecification\",\"valueRequired\":true,\"valueName\":\"search_term_string\"}}],\"inLanguage\":\"en-US\"},{\"@type\":\"Organization\",\"@id\":\"http:\/\/www.interamericanstudies.net\/#organization\",\"name\":\"Inter-American Studies\",\"url\":\"http:\/\/www.interamericanstudies.net\/\",\"logo\":{\"@type\":\"ImageObject\",\"inLanguage\":\"en-US\",\"@id\":\"http:\/\/www.interamericanstudies.net\/#\/schema\/logo\/image\/\",\"url\":\"http:\/\/www.interamericanstudies.net\/wp-content\/uploads\/2024\/09\/ias_logo_ohne_kleiner.png\",\"contentUrl\":\"http:\/\/www.interamericanstudies.net\/wp-content\/uploads\/2024\/09\/ias_logo_ohne_kleiner.png\",\"width\":850,\"height\":155,\"caption\":\"Inter-American Studies\"},\"image\":{\"@id\":\"http:\/\/www.interamericanstudies.net\/#\/schema\/logo\/image\/\"},\"sameAs\":[\"https:\/\/www.facebook.com\/interamericanstudies2009\"]}]}<\/script>\n<!-- \/ Yoast SEO plugin. -->","yoast_head_json":{"title":"Members Bibliography 2009 - Inter-American Studies","robots":{"index":"index","follow":"follow","max-snippet":"max-snippet:-1","max-image-preview":"max-image-preview:large","max-video-preview":"max-video-preview:-1"},"canonical":"http:\/\/www.interamericanstudies.net\/?page_id=2754","og_locale":"en_US","og_type":"article","og_title":"Members Bibliography 2009 - Inter-American Studies","og_description":"Bijos, Leila Maria Da&#8217;Juda. \u201cSecurity Threats in the Aftermath of September 11th: the Evolution of U.S. Perceptions from Afghanistan to the Intervention of Iraq.\u201d Estados Unidos: Pol\u00edtica Externa e Atua\u00e7\u00e3o ...","og_url":"http:\/\/www.interamericanstudies.net\/?page_id=2754","og_site_name":"Inter-American Studies","article_publisher":"https:\/\/www.facebook.com\/interamericanstudies2009","article_modified_time":"2012-12-04T19:57:47+00:00","twitter_card":"summary_large_image","twitter_misc":{"Est. reading time":"1 minute"},"schema":{"@context":"https:\/\/schema.org","@graph":[{"@type":"WebPage","@id":"http:\/\/www.interamericanstudies.net\/?page_id=2754","url":"http:\/\/www.interamericanstudies.net\/?page_id=2754","name":"Members Bibliography 2009 - Inter-American Studies","isPartOf":{"@id":"http:\/\/www.interamericanstudies.net\/#website"},"datePublished":"2012-03-25T17:00:47+00:00","dateModified":"2012-12-04T19:57:47+00:00","breadcrumb":{"@id":"http:\/\/www.interamericanstudies.net\/?page_id=2754#breadcrumb"},"inLanguage":"en-US","potentialAction":[{"@type":"ReadAction","target":["http:\/\/www.interamericanstudies.net\/?page_id=2754"]}]},{"@type":"BreadcrumbList","@id":"http:\/\/www.interamericanstudies.net\/?page_id=2754#breadcrumb","itemListElement":[{"@type":"ListItem","position":1,"name":"Home","item":"http:\/\/www.interamericanstudies.net\/"},{"@type":"ListItem","position":2,"name":"Resources","item":"https:\/\/www.interamericanstudies.net\/?page_id=38"},{"@type":"ListItem","position":3,"name":"Members Bibliography 2009"}]},{"@type":"WebSite","@id":"http:\/\/www.interamericanstudies.net\/#website","url":"http:\/\/www.interamericanstudies.net\/","name":"Inter-American Studies","description":"International Association of Inter-American Studies","publisher":{"@id":"http:\/\/www.interamericanstudies.net\/#organization"},"potentialAction":[{"@type":"SearchAction","target":{"@type":"EntryPoint","urlTemplate":"http:\/\/www.interamericanstudies.net\/?s={search_term_string}"},"query-input":{"@type":"PropertyValueSpecification","valueRequired":true,"valueName":"search_term_string"}}],"inLanguage":"en-US"},{"@type":"Organization","@id":"http:\/\/www.interamericanstudies.net\/#organization","name":"Inter-American Studies","url":"http:\/\/www.interamericanstudies.net\/","logo":{"@type":"ImageObject","inLanguage":"en-US","@id":"http:\/\/www.interamericanstudies.net\/#\/schema\/logo\/image\/","url":"http:\/\/www.interamericanstudies.net\/wp-content\/uploads\/2024\/09\/ias_logo_ohne_kleiner.png","contentUrl":"http:\/\/www.interamericanstudies.net\/wp-content\/uploads\/2024\/09\/ias_logo_ohne_kleiner.png","width":850,"height":155,"caption":"Inter-American Studies"},"image":{"@id":"http:\/\/www.interamericanstudies.net\/#\/schema\/logo\/image\/"},"sameAs":["https:\/\/www.facebook.com\/interamericanstudies2009"]}]}},"_links":{"self":[{"href":"https:\/\/www.interamericanstudies.net\/index.php?rest_route=\/wp\/v2\/pages\/2754","targetHints":{"allow":["GET"]}}],"collection":[{"href":"https:\/\/www.interamericanstudies.net\/index.php?rest_route=\/wp\/v2\/pages"}],"about":[{"href":"https:\/\/www.interamericanstudies.net\/index.php?rest_route=\/wp\/v2\/types\/page"}],"author":[{"embeddable":true,"href":"https:\/\/www.interamericanstudies.net\/index.php?rest_route=\/wp\/v2\/users\/1"}],"replies":[{"embeddable":true,"href":"https:\/\/www.interamericanstudies.net\/index.php?rest_route=%2Fwp%2Fv2%2Fcomments&post=2754"}],"version-history":[{"count":6,"href":"https:\/\/www.interamericanstudies.net\/index.php?rest_route=\/wp\/v2\/pages\/2754\/revisions"}],"predecessor-version":[{"id":4041,"href":"https:\/\/www.interamericanstudies.net\/index.php?rest_route=\/wp\/v2\/pages\/2754\/revisions\/4041"}],"up":[{"embeddable":true,"href":"https:\/\/www.interamericanstudies.net\/index.php?rest_route=\/wp\/v2\/pages\/38"}],"wp:attachment":[{"href":"https:\/\/www.interamericanstudies.net\/index.php?rest_route=%2Fwp%2Fv2%2Fmedia&parent=2754"}],"curies":[{"name":"wp","href":"https:\/\/api.w.org\/{rel}","templated":true}]}}