{"id":3671,"date":"2012-10-30T18:40:00","date_gmt":"2012-10-30T18:40:00","guid":{"rendered":"http:\/\/www.interamericanstudies.net\/?page_id=3671"},"modified":"2013-01-16T06:31:27","modified_gmt":"2013-01-16T06:31:27","slug":"members-bibliography-2011","status":"publish","type":"page","link":"https:\/\/www.interamericanstudies.net\/?page_id=3671","title":{"rendered":"Members Bibliography 2011"},"content":{"rendered":"<p><span>Andres, Julia \u201cA Crippled Nomad Bailaora and a Vagrant Art: A Study in Flamenco and Ana Castillo\u2019s Peel my Love like an Onion\u201d in Michelle Habell-Pall\u00e1n, and Wilfried Raussert eds. <em>Cornbread and Cuchifritos: Ethnic Identity Politics, Transnationalization, and Transculturation in American Urban Popular Music<\/em>. Trier: Wissenschaftlicher Verlag Trier, 2011.<\/span><\/p>\n<p><span>Benessaieh, Afef. \u201cGlobal Civil Society: Speaking in Northern Tongues?\u201d in <em>Latin American Perspectives<\/em> 38(6), 2011. 69-90.<\/span><\/p>\n<p><span>Benessaieh, Afef and Patrick Imbert. \u201cBouchard-Taylor \u00e0 l\u2019UNESCO : ambivalences interculturelles et clarifications transculturelles\u201d in Klaus Ertler, Stewart Gill, Susan Hodgett et Patrick James eds. <em>Canadian Studies : The State of the Art\/\u00c9tudes canadiennes : Questions de recherche<\/em>. Frankfurt : Peter Lang, 2011. 391-414.<\/span><\/p>\n<p><span>Campos, Yolanda. \u201cUn pachuco en la barriada. Representaci\u00f3n e intertextualidad en las primeras pel\u00edculas del c\u00f3mico mexicano, Germ\u00e1n Vald\u00e9s Tin T\u00e1n\u201d in Wilfried Raussert and Michelle Habell-Pall\u00e1n eds.<em> Cornbread and Cuchifritos. Ethnic Identity Politics, and Transculturation in American Urban Popular Music<\/em>. Trier: Wissenschaftlicher Verlag Trier, 2011. 215-228.<\/span><\/p>\n<p><span>Esplin, Emron. \u201cCosmopolitan Poe: An Introduction.\u201d in <em>The Comparatist 35<\/em>, 2011. 198-210.<\/span><\/p>\n<p><span>Haas, Astrid. Stages of Agency: The Contributions of American Drama to the AIDS Discourse. Heidelberg: Winter Verlag, 2011.<\/span><br \/>\n<span> &#8212;. \u201cCanon y C\u00e1lculo: Jaime Escalante, Richard Rodriguez y el debate educativo latino entre asimilaci\u00f3n y multiculturalismo.\u201d <em>FIAR: Forum for Inter-American Research 4.1<\/em> (May 2011): online.<\/span><br \/>\n<span> &#8212;. \u201cLatin Skillz: The Fusion of Rap, Film, and Sport in the Mainstreaming of U.S. Lati\u00acna\/o Culture.\u201d in Michelle Habell-Pall\u00e1n and Wilfried Raussert eds. <em>Cornbread and Cuchifritos: Ethnic Identity Politics, Transnationali\u00aczation, and Transculturation in American Urban Popular Music<\/em>. Trier: WVT; Tempe, AZ: Bilingual Press, 2011. 151-166.<\/span><br \/>\n<span> &#8212;. \u201cA Raisin in the East: African American Civil Rights Drama in GDR Scholarship and Theater Practice.\u201d in Larry A. Greene and Anke Ortlepp eds. <em>Germans and African Americans: Two Centuries of Exchange<\/em>. Jackson, MS: University Press of Mississippi, 2011. 166-184.<\/span><\/p>\n<p><span>Herrera-Sobek, Mar\u00eda. \u201cFolklore and Ethno-Nationalism in Mexican American Literary Production: Adaption and Transformation of Indigenous Folk Icons in the Chicano Movement.\u201d in <em>Traditiones Journal Vol.4. No. 3<\/em>. Ljubljana, 2011. 131-144.<\/span><\/p>\n<p><span style=\"font-family: Times New Roman;\">Kirschner, Luz Ang\u00e9lica. &#8220;Latinos and Latinas in the United States: History, Culture and Literature,&#8221; 2: 551-54. &#8220;Puerto Rico: History, Culture and Literature,&#8221; 2: 811-14. &#8220;Puerto Rico: Generaci\u00f3n del treinta (1930s Generation),&#8221; 2: 809-11. &#8220;Ilan Stavans,&#8221; 3: 936-37. &#8220;Tato Laviera,&#8221; 2: 557-58. <em class=\"moz-txt-slash\"><span class=\"moz-txt-tag\">\/<\/span>World Literature in Spanish: An Encyclopedia<span class=\"moz-txt-tag\">\/<\/span><\/em>. Ed. Maureen Ihrie and Salvador Oropesa. 3 vols. Santa Barbara, CA: ABC Clio, 2011.<\/span><\/p>\n<p><span style=\"font-family: Times New Roman;\">Kirschner, Luz Ang\u00e9lica\/.\/&#8221;\/Borderlands\/La Frontera\/\/: The New Mestiza.\/&#8221; \/The Literary Encyclopedia. \/24 Oct. 2011. Web: entry available at: <a class=\"moz-txt-link-freetext\" href=\"http:\/\/www.litencyc.com\/php\/sworks.php?rec=true&amp;UID=32843\">http:\/\/www.litencyc.com\/php\/sworks.php?rec=true&amp;UID=32843<\/a> <a class=\"moz-txt-link-rfc2396E\" href=\"http:\/\/www.litencyc.com\/php\/sworks.php?rec=true&amp;UID=32843\">&lt;http:\/\/www.litencyc.com\/php\/sworks.php?rec=true&amp;UID=32843&gt;<\/a><\/span><\/p>\n<p><span>McClennen, Sophia A. America According to Colbert: Satire as Public Pedagogy. New York: Palgrave, 2011.<\/span><br \/>\n<span> &#8212;. \u201cFrom the Aesthetics of Hunger to the Cosmetics of Hunger in Brazilian Cinema.\u201d <em>Symploke 19.1-2<\/em>. (2011): 73-84.<\/span><br \/>\n<span> &#8212;. \u201cWhat\u2019s Left for Latin American Cultural Studies?\u201d Minnesota Review 76 (2011): 127-40.<\/span><br \/>\n<span> &#8212;. \u201cCultural Studies and \u2018Latin America\u2019: Reframing the Questions.\u201d in Paul Smith ed. <em>Renewing Cultural Studies<\/em>. Philadelphia, PA: Temple Press, 2011. 188-95.<\/span><br \/>\n<span> &#8212;. \u201cPolitics and Privatization in Peruvian Cinema: Grupo Chaski\u2019s Aesthetics of Survival\u201d in Jyotsna Kapur and Keith B. Wagner eds. <em>Neoliberalism and Global Cinema: Capital, Culture, and Marxist Critique<\/em>. New York: Routledge, 2011. 95-112.<\/span><br \/>\n<span> &#8212;. \u201cLife in the Red Zone; Or the Geographies of Neoliberalism.\u201d in Debra A. Castillo and Kavita Panjabi eds. <em>Cartographies of Affect: Across Borders in South Asia and the Americas<\/em>. Kolkata: Worldview Press, 2011. 165-190.<\/span><\/p>\n<p><span>Noll-Opitz, Daniela. \u201cLos rubios (2003) de Albertina Carri \u2013 una poetolog\u00eda de la (pos)memoria.\u201c in Josef Raab, Sebastian Thies and Daniela Noll-Opitz, eds. <em>Screening the Americas. Narration and Nation in Documentary Film. Proyectando las Am\u00e9ricas. Narraci\u00f3n de la naci\u00f3n en el cine documental<\/em>. Trier\/ Tempe: Wissenschaftlicher Verlag\/ Bilingual Press, 2011. 335-354.<\/span><\/p>\n<p><span>Philippov, Renata. \u201cEdgar Allan Poe and Machado de Assis: How did Machado Read Poe?\u201d in The Comparatist, Vol. 35, 2011. 221-226.<\/span><br \/>\n<span> &#8212;. \u201cEdgar Allan Poe e Machado de Assis: Intertextualidade e Identidade.\u201d in <em>Itinerarios Vol. 33<\/em>. Araraquara, 2011. 39-47.<\/span><\/p>\n<p><span>Poole, Ralph J. \u201cBreton auf Haiti: Magischer Realismus und transatlantische Avantgarde. in Claudia \u00d6hlschl\u00e4ger, Lucia Perrone Capano and Vittoria Bors\u00f2 eds. <em>Realismus nach den europ\u00e4ischen Avantgarden: \u00c4sthetik, Poetologie und Kognition in Film und Literatur der Nachkriegszeit<\/em>. Bielefeld: Transcript, 2012. 41-62.<\/span><\/p>\n<p><span>Prutsch, Ursula. \u201cDie USA und Lateinamerika.\u201c in Joachim Born, Robert Folger, Christopher Laferl und Bernhard P\u00f6ll eds.<em> Handbuch Spanien. Sprache, Literatur, Kultur, Geschichte in Spanien und Hispanoamerika<\/em>. Berlin: Erich Schmidt Verlag, 2011. 604-611.<\/span><\/p>\n<p><span>Raab, Josef, Sebastian Thies, and Daniela Noll-Opitz, eds.<em> Screening the Americas: Narration of Nation in Documentary Film \/ Narraci\u00f3n de la nacion en el cine documental<\/em>. Inter-American Studies | Estudios Interamericanos, vol. 1. Tempe: Bilingual Press &amp; Trier: Wissenschaftlicher Verlag Trier, 2011.<\/span><br \/>\n<span> &#8212;. \u201cScreening the Americas: Documentaries and the Narration of Nation.\u201d in Josef Raab, Sebastian Thies, and Daniela Noll-Opitz eds. <em>Screening the Americas: Narration of Nation in Documentary Film \/ Proyectando las Am\u00e9ricas: Narraci\u00f3n de la naci\u00f3n en el cine documental<\/em>. Trier: Wissenschaftlicher Verlag Trier &amp; Tempe, AZ: Bilingual Press, 2011. 1-22.<\/span><br \/>\n<span> Raab, Josef. \u201cNegotiating Equality: Salt of the Earth and the Narration of Nation.\u201d in Josef Raab, Sebastian Thies, and Daniela Noll-Opitz eds. <em>Screening the Americas: Narration of Nation in Documentary Film \/ Proyectando las Am\u00e9ricas: Narraci\u00f3n de la naci\u00f3n en el cine documental<\/em>. Trier: Wissenschaft\u00aclicher Verlag Trier &amp; Tempe, AZ: Bilingual Press, 2011. 121-155.<\/span><br \/>\n<span> &#8212;. \u201cVisions and Revisions of Catholicism in Mexican American Literature and Art.\u201d in Hermann Josef Schnackertz ed.<em> The Culture of Catholicism in the United States<\/em>. Heidelberg: Universit\u00e4tsverlag Winter, 2011. 255-287.<\/span><\/p>\n<p><span>Raussert, Wilfried and Jens Gurr eds. <em>Cityscapes: Representations of Urban Complexity in Literature and Film<\/em>. Trier: WVT and Arizona State University, Bilingual Press, 2011. Inter-American Studies \/ Estudios Interamericanos Vol 4.<\/span><br \/>\n<span> Raussert, Wilfried and Michelle Habell-Pall\u00e1n eds. <em>Cornbread and Cuchifritos: Ethnic Identity Politics, Transnationalization, and Transculturation in American Popular Music<\/em>. Trier: WVT and Arizona State University, Bilingual Press, 2011. Inter-American Studies \/ Estudios Interamericanos Vol 2.<\/span><br \/>\n<span> Raussert, Wilfried and Jens Gurr. \u201cIntroduction\u201d in Jens Gurr and Wilfried Raussert eds. <em>Cityscapes: Representations of Urban Complexity in Literature and Film<\/em>. Trier: WVT and Arizona State University, Bilingual Press, 2011. Inter-American Studies \/ Estudios Interamericanos Vol 4. 1-9.<\/span><br \/>\n<span> Raussert, Wilfried and Christina Seeliger \u201c\u2019What Did I Do to Be so Global and Blue?\u2019\u2013Blues as Commodity: Tourism, Politics of Authenticity, and Blues Clubs in Chicago Today\u201c in Olaf Kaltmeier ed.<em> Selling Ethnicity: Urban Cultural Politics in the Americas<\/em>. Surrey: Ashgate, 2011. 41-54.<\/span><br \/>\n<span> Raussert, Wilfried. \u201cInter-American Border Discourses: Heterotopia and Translocal Communities in Courtney Hunt\u2019s Film Frozen River\u201c, <em>Norteam\u00e9rica, revista acad\u00e9mica del CISAN-UNAM<\/em>. 6.2 (2011): 21-35.<\/span><br \/>\n<span> &#8212;. \u201cGlobal Cities and Cosmopolitanism Revisited: Inter-American Mobility in Karen Tei Yamashita\u2019s Tropic of Orange\u201d in Jens Gurr and Wilfried Raussert eds. <em>Cityscapes: Representations of Urban Complexity in Literature and Film<\/em>. Trier: WVT and Arizona State University, Bilingual Press, 2011. Inter-American Studies \/ Estudios Interamericanos Vol 4. 241-58.<\/span><br \/>\n<span> &#8212;. \u201cBetween Ethical and Aesthetic Cosmopolitanism: Performance Art and Cultural Critique\u201d in P. O\u2019 Donovan and L. Rascalli eds. <em>The Cause of Cosmopolitanism<\/em>. London: Peter Lang, 2011. 140-156.<\/span><br \/>\n<span> &#8212;. \u201cIntroduction: Ethnic Identity Politics, Transnationalization and Transculturation in American Urban Popular Music: Inter-American Perspectives\u201d in Wilfried Raussert and Michelle Habell-Pall\u00e1n eds. <em>Cornbread and Cuchifritos: Ethnic Identity Politics, Transnationalization, and Transculturation in American Popular Music<\/em>. Trier: WVT and Arizona State University, Bilingual Press, 2011. Inter-American Studies \/ Estudios Interamericanos Vol 2. 1-25.<\/span><\/p>\n<p><span>Robertson, Breanne. \u201cTextbook Diplomacy: The New World Neighbors Series and Inter-American Education during World War II.\u201d in <em>Hemisphere: Visual Cultures of the Americas 4<\/em>, 2011. 67-93.<\/span><br \/>\n<span> &#8212;. \u201c\u2018The Cultivation of Corn in Mayan and Modern Times\u2019: Lowell Houser\u2019s Winning Design for the Ames Mural Competition.\u201d in <em>The Annals of Iowa 70 no. 1<\/em>, 2011. 36-66.<\/span><\/p>\n<p><span>Sisk, Christina L. <em>Mexico, Nation in Transit: Contemporary Representations of Mexican Migration to the United States<\/em>. Tucson: University of Arizona Press, 2011.<\/span><\/p>\n<p><span>St\u00f6bele-Gregor, Juliana. \u201cBlack Day \u2013 Racism and Violence in Sucre\u201d in Olaf Kaltmeier ed. <em>Selling Ethnicity. Urban Cultural Politics in the Americas<\/em>. Burlington and Farnham: Ashgate, 2011. 71-90.<\/span><br \/>\n<span> &#8212;. \u201cRigoberta und Domitila. Imago und Spiegelungen \u2013Autobiographisch Narrationen und Performance von indigenen Wortf\u00fchrerinnen\u201c in: Eva Gugenberger and Kathrin Sartingen eds. <em>Hybridit\u00e4t \u2013 Transkulturalit\u00e4t \u2013 Kreolisierung. Innovationen und Wandel in Kultur, Sprache und Literatur Lateinamerikas<\/em>. Wien: LIT, 2011. 143-156.<\/span><br \/>\n<span> &#8212;. \u201cThe Construction of an Indigenous Culture and Identity in El Alto \u2013 and Its Impact on Everyday Life and in the Political Arena \u201c in Martin Butler, Jens Gurr and Olaf Kaltmeier eds. <em>Ethnicities \u2013 Metropolitan Cultures and Ethnic Identities in the Americas<\/em>. Trier: Wissenschaftlicher Verlag, 2011. 31-40.<\/span><br \/>\n<span> &#8212;. \u201c Globalizaci\u00f3n y cultura \u2013 la din\u00e1mica del derecho. Comentarios y hip\u00f3tesis.\u201d in Christian B\u00fcschges, Olaf Kaltmeier Olaf and Sebastian Thies eds. <em>Culturas pol\u00edticas en la regi\u00f3n andina<\/em>. Iberoamericana: Madrid\/Frankfurt a. M.: Vervuert, 2011. 269-280.<\/span><\/p>\n<p><span>Sawhney, Minni. \u201cEx \u2013Centric Affects in Cristina Rivera Garza\u2019s Nadie me ver\u00e1 llora. in Kavita Panjabi and Debra Castillo eds. <em>Cartographies of Affect: Across Borders in South Asia and the Americas<\/em>, Kolkata: Worldview Publications, 2011. 314-327.<\/span><\/p>\n<p><span style=\"font-size: xx-small;\"><span style=\"font-family: Times New Roman;\">Kirschner, Luz Ang\u00e9lica. &#8220;Latinos and Latinas in the United States: History, Culture and Literature,&#8221; 2: 551-54. &#8220;Puerto Rico: History, Culture and Literature,&#8221; 2: 811-14. &#8220;Puerto Rico: Generaci\u00f3n del treinta (1930s Generation),&#8221; 2: 809-11. &#8220;Ilan Stavans,&#8221; 3: 936-37. &#8220;Tato Laviera,&#8221; 2: 557-58. <em class=\"moz-txt-slash\"><span class=\"moz-txt-tag\">\/<\/span>World Literature in Spanish: An Encyclopedia<span class=\"moz-txt-tag\">\/<\/span><\/em>. Ed. Maureen Ihrie and Salvador Oropesa. 3 vols. Santa Barbara, CA: ABC Clio, 2011.<\/span><\/span><\/p>\n","protected":false},"excerpt":{"rendered":"<p>Andres, Julia \u201cA Crippled Nomad Bailaora and a Vagrant Art: A Study in Flamenco and Ana Castillo\u2019s Peel my Love like an Onion\u201d in Michelle Habell-Pall\u00e1n, and Wilfried Raussert eds. &#8230;<\/p>\n","protected":false},"author":1,"featured_media":0,"parent":38,"menu_order":5,"comment_status":"closed","ping_status":"closed","template":"","meta":{"footnotes":""},"class_list":["post-3671","page","type-page","status-publish","hentry"],"yoast_head":"<!-- This site is optimized with the Yoast SEO plugin v26.8 - https:\/\/yoast.com\/product\/yoast-seo-wordpress\/ -->\n<title>Members Bibliography 2011 - Inter-American Studies<\/title>\n<meta name=\"robots\" content=\"index, follow, max-snippet:-1, max-image-preview:large, max-video-preview:-1\" \/>\n<link rel=\"canonical\" href=\"http:\/\/www.interamericanstudies.net\/?page_id=3671\" \/>\n<meta property=\"og:locale\" content=\"en_US\" \/>\n<meta property=\"og:type\" content=\"article\" \/>\n<meta property=\"og:title\" content=\"Members Bibliography 2011 - Inter-American Studies\" \/>\n<meta property=\"og:description\" content=\"Andres, Julia \u201cA Crippled Nomad Bailaora and a Vagrant Art: A Study in Flamenco and Ana Castillo\u2019s Peel my Love like an Onion\u201d in Michelle Habell-Pall\u00e1n, and Wilfried Raussert eds. ...\" \/>\n<meta property=\"og:url\" content=\"http:\/\/www.interamericanstudies.net\/?page_id=3671\" \/>\n<meta property=\"og:site_name\" content=\"Inter-American Studies\" \/>\n<meta property=\"article:publisher\" content=\"https:\/\/www.facebook.com\/interamericanstudies2009\" \/>\n<meta property=\"article:modified_time\" content=\"2013-01-16T06:31:27+00:00\" \/>\n<meta name=\"twitter:card\" content=\"summary_large_image\" \/>\n<meta name=\"twitter:label1\" content=\"Est. reading time\" \/>\n\t<meta name=\"twitter:data1\" content=\"8 minutes\" \/>\n<script type=\"application\/ld+json\" class=\"yoast-schema-graph\">{\"@context\":\"https:\/\/schema.org\",\"@graph\":[{\"@type\":\"WebPage\",\"@id\":\"http:\/\/www.interamericanstudies.net\/?page_id=3671\",\"url\":\"http:\/\/www.interamericanstudies.net\/?page_id=3671\",\"name\":\"Members Bibliography 2011 - Inter-American Studies\",\"isPartOf\":{\"@id\":\"https:\/\/www.interamericanstudies.net\/#website\"},\"datePublished\":\"2012-10-30T18:40:00+00:00\",\"dateModified\":\"2013-01-16T06:31:27+00:00\",\"breadcrumb\":{\"@id\":\"http:\/\/www.interamericanstudies.net\/?page_id=3671#breadcrumb\"},\"inLanguage\":\"en-US\",\"potentialAction\":[{\"@type\":\"ReadAction\",\"target\":[\"http:\/\/www.interamericanstudies.net\/?page_id=3671\"]}]},{\"@type\":\"BreadcrumbList\",\"@id\":\"http:\/\/www.interamericanstudies.net\/?page_id=3671#breadcrumb\",\"itemListElement\":[{\"@type\":\"ListItem\",\"position\":1,\"name\":\"Home\",\"item\":\"https:\/\/www.interamericanstudies.net\/\"},{\"@type\":\"ListItem\",\"position\":2,\"name\":\"Resources\",\"item\":\"http:\/\/www.interamericanstudies.net\/?page_id=38\"},{\"@type\":\"ListItem\",\"position\":3,\"name\":\"Members Bibliography 2011\"}]},{\"@type\":\"WebSite\",\"@id\":\"https:\/\/www.interamericanstudies.net\/#website\",\"url\":\"https:\/\/www.interamericanstudies.net\/\",\"name\":\"Inter-American Studies\",\"description\":\"International Association of Inter-American Studies\",\"publisher\":{\"@id\":\"https:\/\/www.interamericanstudies.net\/#organization\"},\"potentialAction\":[{\"@type\":\"SearchAction\",\"target\":{\"@type\":\"EntryPoint\",\"urlTemplate\":\"https:\/\/www.interamericanstudies.net\/?s={search_term_string}\"},\"query-input\":{\"@type\":\"PropertyValueSpecification\",\"valueRequired\":true,\"valueName\":\"search_term_string\"}}],\"inLanguage\":\"en-US\"},{\"@type\":\"Organization\",\"@id\":\"https:\/\/www.interamericanstudies.net\/#organization\",\"name\":\"Inter-American Studies\",\"url\":\"https:\/\/www.interamericanstudies.net\/\",\"logo\":{\"@type\":\"ImageObject\",\"inLanguage\":\"en-US\",\"@id\":\"https:\/\/www.interamericanstudies.net\/#\/schema\/logo\/image\/\",\"url\":\"http:\/\/www.interamericanstudies.net\/wp-content\/uploads\/2024\/09\/ias_logo_ohne_kleiner.png\",\"contentUrl\":\"http:\/\/www.interamericanstudies.net\/wp-content\/uploads\/2024\/09\/ias_logo_ohne_kleiner.png\",\"width\":850,\"height\":155,\"caption\":\"Inter-American Studies\"},\"image\":{\"@id\":\"https:\/\/www.interamericanstudies.net\/#\/schema\/logo\/image\/\"},\"sameAs\":[\"https:\/\/www.facebook.com\/interamericanstudies2009\"]}]}<\/script>\n<!-- \/ Yoast SEO plugin. -->","yoast_head_json":{"title":"Members Bibliography 2011 - Inter-American Studies","robots":{"index":"index","follow":"follow","max-snippet":"max-snippet:-1","max-image-preview":"max-image-preview:large","max-video-preview":"max-video-preview:-1"},"canonical":"http:\/\/www.interamericanstudies.net\/?page_id=3671","og_locale":"en_US","og_type":"article","og_title":"Members Bibliography 2011 - Inter-American Studies","og_description":"Andres, Julia \u201cA Crippled Nomad Bailaora and a Vagrant Art: A Study in Flamenco and Ana Castillo\u2019s Peel my Love like an Onion\u201d in Michelle Habell-Pall\u00e1n, and Wilfried Raussert eds. ...","og_url":"http:\/\/www.interamericanstudies.net\/?page_id=3671","og_site_name":"Inter-American Studies","article_publisher":"https:\/\/www.facebook.com\/interamericanstudies2009","article_modified_time":"2013-01-16T06:31:27+00:00","twitter_card":"summary_large_image","twitter_misc":{"Est. reading time":"8 minutes"},"schema":{"@context":"https:\/\/schema.org","@graph":[{"@type":"WebPage","@id":"http:\/\/www.interamericanstudies.net\/?page_id=3671","url":"http:\/\/www.interamericanstudies.net\/?page_id=3671","name":"Members Bibliography 2011 - Inter-American Studies","isPartOf":{"@id":"https:\/\/www.interamericanstudies.net\/#website"},"datePublished":"2012-10-30T18:40:00+00:00","dateModified":"2013-01-16T06:31:27+00:00","breadcrumb":{"@id":"http:\/\/www.interamericanstudies.net\/?page_id=3671#breadcrumb"},"inLanguage":"en-US","potentialAction":[{"@type":"ReadAction","target":["http:\/\/www.interamericanstudies.net\/?page_id=3671"]}]},{"@type":"BreadcrumbList","@id":"http:\/\/www.interamericanstudies.net\/?page_id=3671#breadcrumb","itemListElement":[{"@type":"ListItem","position":1,"name":"Home","item":"https:\/\/www.interamericanstudies.net\/"},{"@type":"ListItem","position":2,"name":"Resources","item":"http:\/\/www.interamericanstudies.net\/?page_id=38"},{"@type":"ListItem","position":3,"name":"Members Bibliography 2011"}]},{"@type":"WebSite","@id":"https:\/\/www.interamericanstudies.net\/#website","url":"https:\/\/www.interamericanstudies.net\/","name":"Inter-American Studies","description":"International Association of Inter-American Studies","publisher":{"@id":"https:\/\/www.interamericanstudies.net\/#organization"},"potentialAction":[{"@type":"SearchAction","target":{"@type":"EntryPoint","urlTemplate":"https:\/\/www.interamericanstudies.net\/?s={search_term_string}"},"query-input":{"@type":"PropertyValueSpecification","valueRequired":true,"valueName":"search_term_string"}}],"inLanguage":"en-US"},{"@type":"Organization","@id":"https:\/\/www.interamericanstudies.net\/#organization","name":"Inter-American Studies","url":"https:\/\/www.interamericanstudies.net\/","logo":{"@type":"ImageObject","inLanguage":"en-US","@id":"https:\/\/www.interamericanstudies.net\/#\/schema\/logo\/image\/","url":"http:\/\/www.interamericanstudies.net\/wp-content\/uploads\/2024\/09\/ias_logo_ohne_kleiner.png","contentUrl":"http:\/\/www.interamericanstudies.net\/wp-content\/uploads\/2024\/09\/ias_logo_ohne_kleiner.png","width":850,"height":155,"caption":"Inter-American Studies"},"image":{"@id":"https:\/\/www.interamericanstudies.net\/#\/schema\/logo\/image\/"},"sameAs":["https:\/\/www.facebook.com\/interamericanstudies2009"]}]}},"_links":{"self":[{"href":"https:\/\/www.interamericanstudies.net\/index.php?rest_route=\/wp\/v2\/pages\/3671","targetHints":{"allow":["GET"]}}],"collection":[{"href":"https:\/\/www.interamericanstudies.net\/index.php?rest_route=\/wp\/v2\/pages"}],"about":[{"href":"https:\/\/www.interamericanstudies.net\/index.php?rest_route=\/wp\/v2\/types\/page"}],"author":[{"embeddable":true,"href":"https:\/\/www.interamericanstudies.net\/index.php?rest_route=\/wp\/v2\/users\/1"}],"replies":[{"embeddable":true,"href":"https:\/\/www.interamericanstudies.net\/index.php?rest_route=%2Fwp%2Fv2%2Fcomments&post=3671"}],"version-history":[{"count":5,"href":"https:\/\/www.interamericanstudies.net\/index.php?rest_route=\/wp\/v2\/pages\/3671\/revisions"}],"predecessor-version":[{"id":3673,"href":"https:\/\/www.interamericanstudies.net\/index.php?rest_route=\/wp\/v2\/pages\/3671\/revisions\/3673"}],"up":[{"embeddable":true,"href":"https:\/\/www.interamericanstudies.net\/index.php?rest_route=\/wp\/v2\/pages\/38"}],"wp:attachment":[{"href":"https:\/\/www.interamericanstudies.net\/index.php?rest_route=%2Fwp%2Fv2%2Fmedia&parent=3671"}],"curies":[{"name":"wp","href":"https:\/\/api.w.org\/{rel}","templated":true}]}}