{"id":4144,"date":"2013-02-14T21:15:52","date_gmt":"2013-02-14T21:15:52","guid":{"rendered":"http:\/\/www.interamericanstudies.net\/?page_id=4144"},"modified":"2013-02-14T21:30:13","modified_gmt":"2013-02-14T21:30:13","slug":"members-bibliography-2012","status":"publish","type":"page","link":"https:\/\/www.interamericanstudies.net\/?page_id=4144","title":{"rendered":"Members Bibliography 2012"},"content":{"rendered":"<p>Altmann, Philipp. \u201cThe Concept of Interculturality in Ecuador. Development and Importance for its Agents\u201d. <em>Center for Area Studies: CAS Working Papers<\/em>, 1\/2012.<br \/>\n<a href=\"http:\/\/www.fu-berlin.de\/sites\/cas\/forschung\/publikationen\/working-papers\/_CAS-Working-Paper-01-12.pdf\">http:\/\/www.fu-berlin.de\/sites\/cas\/forschung\/publikationen\/working-papers\/_CAS-Working-Paper-01-12.pdf.<\/a><\/p>\n<p>Andres, Julia: \u201cChicana Falsa- Of Definitions, Role Expectations and Honey Blonde Chicas.\u201d Kirschner, Luz Ang\u00e9lica, ed.: <em>Expanding Latinidad: An Inter-American Perspective<\/em>. Trier: Wissenschaftlicher Verlag Trier\/Bilingual Press (Arizona State University), 2012.<br \/>\nBenessaieh, Afef . \u201cMulticulturalisme dense ou violence massive : quatre sc\u00e9narios possibles\u201d. <em>RELIEF Revue \u00e9lectronique de litt\u00e9rature fran\u00e7aise, janvier,<\/em> 5 (3), Special number on Transcultural Manifestions in Francophone Literature, Cinema and Theatre, 2012. <a href=\"http:\/\/www.revue-relief.org\/index.php\/relief\">http:\/\/www.revue-relief.org\/index.php\/relief<\/a><br \/>\nBenessaieh, Afef. \u201cLa reconnaissance des formes d\u2019un cosmopolitisme pratique au sein des Am\u00e9riques : transnationalit\u00e9 et transculturalit\u00e9\u201d. <em>Sociologie et soci\u00e9t\u00e9s XLIV<\/em> (1): 35-60, 2012.<br \/>\nBenessaieh, Afef. \u201cApr\u00e8s Bouchard Taylor : multiculturalisme, interculturalisme et transculturalisme au Qu\u00e9bec\u201d. Patrick Imbert and Brigitte Fontille, eds.<em> Trans, multi, interculturalit\u00e9, trans, multi, interdisciplinarit\u00e9<\/em>. Quebec : University of Laval Press, 2012. 81-98.<\/p>\n<p>Castillo, Debra A. and Christine Henseler, eds. <em>Hybrid Storyspaces.<\/em> Hispanic Issues series: University of Minnesota, 2012. <a href=\"http:\/\/hispanicissues.umn.edu\/HybridStoryspaces.html\">http:\/\/hispanicissues.umn.edu\/HybridStoryspaces.html<\/a><br \/>\nCastillo, Debra A. \u201cRasquache Mockumentary: Alex Rivera\u2019s \u201cWhy Cybraceros?\u201d Vinicius Navarro and Juan Carlos Rodr\u00edguez, eds. <em>New Documentaries in Latin America<\/em>. Palgrave.<br \/>\n&#8212;. \u201cMacho: Literary Histories of the Boom\u201c Lucille Kerr and Alejandro Herrero-Olaizola, eds. Teaching the Latin American Boom. MLA publications.<br \/>\n&#8212;. \u201cEl gran M\u00e9xico en Denise Ch\u00e1vez y Tino Villanueva.\u201d M\u00f3nica Szurmuk, ed. <em>Sitios de memoria: M\u00e9xico Post-1986<\/em>. Universidad Veracruzana.<br \/>\n&#8212; . Review of This is How You Lose Her, by Junot D\u00edaz. Americas Review.<br \/>\nCramer, Gisela. \u201cThe Word War at the River Plate: The Office of Inter-American Affairs and the Argentine Airwaves, 1940-46.&#8221;<em> \u00a1Am\u00e9ricas Unidas! Nelson A. Rockefeller&#8217;s Office of Inter-American Affairs<\/em>, 1940-46. Gisela Cramer and Ursula Prutsch, eds. Frankfurt\/Madrid: Vervuert, 2012. 213-247.<\/p>\n<p>&#8212;. \u201cHow to Do Things with Waves: United States Radio and Latin America in the Times of the Good Neighbor.&#8221; <em>Media, Sound, and Culture in Latin America and the Caribbean.<\/em> Alejandra Bronfman and Andrew G. Wood, eds. Pittsburgh: University of Pittsburgh Press, 2012. 37-54.<\/p>\n<p>&#8212;. \u201cThe Office of the Coordinator of Inter-American Affairs.\u201d <em>Encyclopedia of United States-Latin American Relations<\/em>. Thomas M. Leonard, ed. Los Angeles: Sage\/CQ Press, 2012.<\/p>\n<p>Cramer, Gisela and Ursula Prutsch. &#8220;Nelson A. Rockefeller&#8217;s Office of Inter-American Affairs and the Quest for Pan-American Unity: An Introductory Essay.&#8221;<em> \u00a1Am\u00e9ricas Unidas! Nelson A. Rockefeller&#8217;s Office of Inter-American Affairs, 1940-46<\/em>. Gisela Cramer and Ursula Prutsch, eds. Frankfurt\/Madrid: Vervuert, 2012. 15-51.<\/p>\n<p>Fulger, Diana. \u201cThe Colors of the Cuban Diaspora; Portrayal of Racial Dynamics among Cuban-Americans\u201d. <em>Forum for Inter-American Research<\/em>, 5.2, June 2012.<\/p>\n<p>Ganser, Alexandra. <em>Pirates, Drifters, Fugitives: Figures of Mobility in American Culture and Beyond<\/em>. Heike Paul, Alexandra Ganser and Katharina Gerund, eds. <em>American Studies: A Monograph Series<\/em> 221. Heidelberg: Winter, 2012.<\/p>\n<p>&#8212;. &#8220;The Pirate Ship as a Black Atlantic Heterotopia: Maxwell Philip&#8217;s Emmanuel Appadocca.&#8221; <em>Contact Spaces in American Culture: Globalizing Local Phenomena<\/em>. Petra Eckhard, Klaus Rieser and Silvia Schultermandl, eds. Wien, Berlin: LIT, 2012. 51-75.<\/p>\n<p>&#8212;. &#8220;Specters of Slavery, Phantoms of Luxury: Utopian Economics in A. O. Exquemelin&#8217;s Buccaneers of America (1678\/84).&#8221; <em>American Economies<\/em>. Eva B\u00f6senberg, Reinhard Isensee and Martin Klepper, eds. Heidelberg: Winter, 2012. 303-25.<\/p>\n<p>&#8212;. &#8220;Rituals of Citizenship in Winold Reiss&#8217;s Indian Portraits: A Transnational Reading.&#8221; Visual Representations of Native Americans: Transnational Contexts and Perspectives. Karsten Fitz, ed. Heidelberg: Winter, 2012. 237-54.<br \/>\nHaas, Astrid, and Mar\u00eda Herrera-Sobek, eds. <em>Transfrontera: Transnational Perspectives on the U.S.\u2013Mexico Borderlands.<\/em> Special Issue of American Studies Journal 57 (May 2012): <a href=\"http:\/\/asjournal.zusas.uni-halle.de\/archive\/57\/\">http:\/\/asjournal.zusas.uni-halle.de\/archive\/57\/<\/a>.<br \/>\nHaas, Astrid. \u201cBorderlands Identities and Borderlands Ideologies in Willa Cather\u2019s Death Comes for the Archbishop.\u201d <em>Transfrontera: Transnational Perspectives on the U.S.\u2013Mexico Borderlands.<\/em> Ed. Astrid Haas and Mar\u00eda Herrera-Sobek. Special Issue of American Studies Journal 57 (May 2012): <a href=\"http:\/\/asjournal.zusas.uni-halle.de\/archive\/57\/199.html\">http:\/\/asjournal.zusas.uni-halle.de\/archive\/57\/199.html<\/a>.<br \/>\n&#8212;. \u201cA Continent of Color: Langston Hughes and Spanish America.\u201d<em> Expanding Latinidad<\/em>. Ed. Luz Ang\u00e9lica Kirschner. Inter-American Studies \/ Estudios interamericanos 5. Trier: WVT; Tempe, AZ: Bilingual Press, 2012. 183-201.<br \/>\nHaas, Astrid, and Mar\u00eda Herrera-Sobek. \u201cIntroduction.\u201d <em>Transfrontera: Transnational Perspectives on the U.S.\u2013Mexico Borderlands.<\/em> Astrid Haas and Mar\u00eda Herrera-Sobek, eds. Special Issue of American Studies Journal 57 (May 2012): <a href=\"http:\/\/asjournal.zusas.uni-halle.de\/archive\/57\/201.html\">http:\/\/asjournal.zusas.uni-halle.de\/archive\/57\/201.html<\/a>.<br \/>\nHaas, Astrid, and Luz Ang\u00e9lica Kirschner. \u201cRace.\u201d <em>Online Dictonary Social and Political Key Terms of the Americas: Politics, Inequalities, and North-South Relations<\/em>, Version 1.0 (2012). <a href=\"http:\/\/elearning.uni-bielefeld.de\/wikifarm\/fields\/ges_cias\/field.php\/Main\/Unterkapitel_183\">http:\/\/elearning.uni-bielefeld.de\/wikifarm\/fields\/ges_cias\/field.php\/Main\/Unterkapitel_183.<\/a><\/p>\n<p>Kirschner, Luz Ang\u00e9lica. <em>Expanding Latinidad: An Inter-American Perspective<\/em>. Trier: Wissenschaftlicher Verlag Trier\/Bilingual Press (Arizona State University), 2012.<\/p>\n<p>&#8212;. &#8220;Cecilia Absatz&#8217;s Los a\u00f1os pares or the Challenges of Reevaluating Autochthonous Latinamericanism. &#8220;Nach Amerika n\u00e4mlich!\u201c &#8211; J\u00fcdische Migrationen in die Amerikas im 19. und 20. Jahrhundert. (\u201eTo America!&#8221; Jewish Migrations to the Americas in the 19th and 20th<br \/>\nCenturies). Ulla Kriebernegg, Gerald Lamprecht, Roberta Maierhofer, and Andrea Strutz, eds. Austria: Wallstein Verlag, 2012. 335-53. (peer-reviewed)<\/p>\n<p>&#8212;. &#8220;Expanding Latinidad: An Introduction.&#8221; <em>Expanding Latinidad: An Inter-American Perspective.<\/em> Luz Ang\u00e9lica Kirschner, ed. Trier: Wissenschaftlicher Verlag Trier\/Bilingual Press (Arizona State University), 2012. 1-56. (peer-reviewed)<\/p>\n<p>&#8212;. &#8220;Samba Dreamers or, the Tenuousness of a &#8216;Perfect Ending&#8217;.<em> Expanding Latinidad: An Inter-American Perspective<\/em>. Luz Ang\u00e9lica Kirschner, ed. Wissenschaftlicher Verlag Trier\/Bilingual Press (Arizona State University), 2012. 133-52. (peer-reviewed)<\/p>\n<p>McClennen, Sophia A.<em> Colbert\u2019s America: Satire And Democracy<\/em>. New York: Palgrave, 2012.<\/p>\n<p>McClennen, Sophia A. and Jeffrey Di Leo, eds. \u201cViolence.\u201d <em>Special issue of symploke<\/em>. 20.1-2, 2012.<\/p>\n<p>McClennen, Sophia A. and Brantley Nicholson, eds. <em>The Generation of \u201972. Special issue of A contracorriente<\/em>. 10.1, 2012.<\/p>\n<p>McClennen, Sophia A. and Jeffrey Di Leo. \u201cPostscript on Violence.\u201d<em> symploke<\/em> 20.1-2, 2012. 241-250.<\/p>\n<p>McClennen, Sophia A. and Brantley Nicholson. \u201cThe Generation of \u201972: Latin America\u2019s Forced Global Citizens.\u201d<em> A contracorriente<\/em> 10.1, 2012. 1-17. <a href=\"http:\/\/tools.chass.ncsu.edu\/open_journal\/index.php\/acontracorriente\/article\/view\/593\/1037 \">http:\/\/tools.chass.ncsu.edu\/open_journal\/index.php\/acontracorriente\/article\/view\/593\/1037<\/a><\/p>\n<p>McClennen, Sophia A. \u201cNeoliberalism as Terrorism; Or State of Disaster Exceptionalism,\u201d <em>Terror, Theory, and the Humanities<\/em>. Jeffrey R. Di Leo and Uppinder Mehan, eds. Ann Arbor: Open Humanities Press, 2012. 178-95.<\/p>\n<p>Prutsch, Ursula and Daniela Ingruber, eds. <em>Argentinien im Film<\/em>. Wien: LIT-Verlag, 2012.<\/p>\n<p>Prutsch, Ursula and Gisela Cramer, eds. <em>Americas Unidas! Nelson A. Rockefeller\u2019s Office of Inter-American Affairs, 1940-1946<\/em>. Frankfurt a.M.: Vervuert, 2012.<\/p>\n<p>Prutsch, Ursula. &#8220;Nelson A. Rockefeller\u2019s Office of Inter-American Affairs and the Quest for Pan-American Unity: An Introductory Essay.&#8221;<em> &#8220;Am\u00e9ricas Unidas!&#8221; Nelson A. Rockefeller&#8217;s Office of Inter-American Affairs<\/em>. Gisela Cramer and Ursula Prutsch, eds. Frankfurt a.M.: Vervuert, 2012. 15-51.<\/p>\n<p>&#8212;. &#8220;Nelson A. Rockefeller\u2019s Office of Inter-American Affairs in Brazil.&#8221; <em>&#8220;Am\u00e9ricas Unidas!&#8221; Nelson A. Rockefeller&#8217;s Office of Inter-American Affairs.<\/em> Gisela Cramer and Ursula Prutsch, eds. Frankfurt a.M.: Vervuert, 2012. 249-282.<\/p>\n<p>&#8212;. &#8220;Eine kleine Geschichte des argentinischen Kinos \u2013 vom Fin de Si\u00e8cle zum Nuevo Cine Argentino.&#8221; <em>Filme in Argentinien\/Argentine Cinema<\/em>. Daniela Ingruber and Ursula Prutsch, eds. Wien: LIT-Verlag, 2012. 11-28.<\/p>\n<p>&#8212;. \u201eWalt Disney Studios and Latin America.\u201c <em>Encyclopedia of U.S.- Latin American Relations<\/em>, Thomas Leonard, ed. London\/Thousand Oaks: Sage\/CQ Press, 2012. 947-948.<\/p>\n<p>&#8212;. &#8220;Institute of Inter-American Affairs.&#8221; <em>Encyclopedia of U.S.-Latin American Relations<\/em>. Thomas Leonard et.al., eds. London\/Thousand Oaks: Sage\/ CQ Press, 2012. 474-475.<br \/>\nRaab, Josef. \u201cVisions and Revisions of Catholicism in Mexican American Literature and Art.\u201d <em>The Culture of Catholicism in the United States.<\/em> Saskia Hertlein and Hermann Josef Schnackertz, eds. Heidelberg: Universit\u00e4tsverlag Winter, 2012. 255-287.<br \/>\n&#8212;. \u201cAt Home in the Borderlands: An Interview with Rolando Hinojosa.\u201d <em>American Studies Journal<\/em> 57 (2012): n. pag. Web.<br \/>\n&#8212;. \u201cMythologizing the Exotic: Brazil in Twentieth-Century U.S. Literature and Film.\u201d <em>Transnational American Studies.<\/em> Udo J. Hebel, ed. Heidelberg: Universit\u00e4tsverlag Winter, 2012. 401-422.<\/p>\n<p>&#8212;. \u201cMulticulturalism and Beyond: The New Dynamics of Identity Politics in the Americas\u201d (with Olaf Kaltmeier and Sebastian Thies).<em> Latin American and Caribbean Ethnic Studies<\/em> 7.2 (2012): 103-114.<\/p>\n<p>Somoza, Oscar U. Ecos de la memoria: Oscar Torres y el encuentro con Voces inocentes. Hermosillo, Sonora: Universidad de Sonora, 2012.<br \/>\nWilfried Raussert, and Graciela Mart\u00ednez-Zalce, eds. <em>(Re)Discovering \u2018America\u2019: Road Movies and Other Travel Narratives in North America \/ (Re)Descubriendo \u2018Am\u00e9rica\u2019: Road movie y otras narrativas de viaje en Am\u00e9rica del Norte.<\/em> Trier: Wissenschaftlicher Verlag Trier\/Bilingual Press (Arizona State University), 2012.<br \/>\nRaussert, Wilfried, and Graciela Mart\u00ednez-Zalce. \u201c(Re)discovering \u2018America\u2019: New Routes and Alternative Road Narratives in an Inter-American Perspective.\u201d Raussert, Wilfried, and Graciela Mart\u00ednez-Zalce, eds. <em>(Re)Discovering \u2018America\u2019: Road Movies and Other Travel Narratives in North America \/ (Re)Descubriendo \u2018Am\u00e9rica\u2019: Road movie y otras narrativas de viaje en Am\u00e9rica del Norte<\/em>. Trier: WVT; Tempe, AZ: Bilingual Press, 2012. 1-19.<\/p>\n<p>Raussert, Wilfried. \u201cFrom Thunder Bay to Way \u2018Down Yonder\u2019: The Road as Multilayered Concept and Traveling Sounds in Bruce McDonald\u2019s Highway 61.\u201d Raussert, Wilfried, and Graciela Mart\u00ednez-Zalce, eds. <em>(Re)Discovering \u2018America\u2019: Road Movies and Other Travel Narratives in North America \/ (Re)Descubriendo \u2018Am\u00e9rica\u2019: Road movie y otras narrativas de viaje en Am\u00e9rica del Norte<\/em>. Trier: WVT; Tempe, AZ: Bilingual Press, 2012. 67-80.<\/p>\n<p>Raussert, Wilfried, et al, eds. \u201cTransitions and Continuities in Contemporary Chicano\/a Culture.\u201d <em>Online journal fiar forum for inter-american research<\/em>. Vol. 5.1 (April 2012). <a href=\"http:\/\/www.interamerica.de\/category\/volume-5-1\/\">http:\/\/www.interamerica.de\/category\/volume-5-1\/.<\/a><\/p>\n<p>Raussert, Wilfried, et al, eds. \u201cDiaspora: Cultures in Transit.\u201d <em>Online journal fiar forum for inter-american research.<\/em> Vol. 5.2 (July 2012). <a href=\"http:\/\/www.interamerica.de\/category\/volume-5-2\/\">http:\/\/www.interamerica.de\/category\/volume-5-2\/.<\/a><\/p>\n<p>Raussert, Wilfried, ed. \u201cIndependence Movements \u2013 Movimientos de independencia.\u201d <em>Online journal fiar forum for inter-american research<\/em>.Vol. 5.3 (December 2012).<\/p>\n<p>Rinke, Stefan.<em> Lateinamerika und die USA: Eine Geschichte zwischen R\u00e4umen von der Kolonialzeit bis heute.<\/em> Darmstadt: Wissenschaftliche Buchgesellschaft, 2012.<\/p>\n<p>Sawhney, Minni. &#8220;Un nuevo espacio en la literatura mexicana: La obra fronteriza de Luis Humberto Crosthwaite y Gabriel Trujillo Mu\u00f1oz&#8221;. <em>Gente de Frontera: The Mexico-U.S. Border in Hispanic Literature.<\/em> Jeffrey Oxford, ed. San Juan de Puerto Rico: Casa de los Poetas Editores, 2012. 189-204.<\/p>\n","protected":false},"excerpt":{"rendered":"<p>Altmann, Philipp. \u201cThe Concept of Interculturality in Ecuador. Development and Importance for its Agents\u201d. Center for Area Studies: CAS Working Papers, 1\/2012. http:\/\/www.fu-berlin.de\/sites\/cas\/forschung\/publikationen\/working-papers\/_CAS-Working-Paper-01-12.pdf. Andres, Julia: \u201cChicana Falsa- Of Definitions, Role &#8230;<\/p>\n","protected":false},"author":1,"featured_media":0,"parent":38,"menu_order":4,"comment_status":"closed","ping_status":"closed","template":"","meta":{"footnotes":""},"class_list":["post-4144","page","type-page","status-publish","hentry"],"yoast_head":"<!-- This site is optimized with the Yoast SEO plugin v26.8 - https:\/\/yoast.com\/product\/yoast-seo-wordpress\/ -->\n<title>Members Bibliography 2012 - Inter-American Studies<\/title>\n<meta name=\"robots\" content=\"index, follow, max-snippet:-1, max-image-preview:large, max-video-preview:-1\" \/>\n<link rel=\"canonical\" href=\"http:\/\/www.interamericanstudies.net\/?page_id=4144\" \/>\n<meta property=\"og:locale\" content=\"en_US\" \/>\n<meta property=\"og:type\" content=\"article\" \/>\n<meta property=\"og:title\" content=\"Members Bibliography 2012 - Inter-American Studies\" \/>\n<meta property=\"og:description\" content=\"Altmann, Philipp. \u201cThe Concept of Interculturality in Ecuador. Development and Importance for its Agents\u201d. Center for Area Studies: CAS Working Papers, 1\/2012. http:\/\/www.fu-berlin.de\/sites\/cas\/forschung\/publikationen\/working-papers\/_CAS-Working-Paper-01-12.pdf. Andres, Julia: \u201cChicana Falsa- Of Definitions, Role ...\" \/>\n<meta property=\"og:url\" content=\"http:\/\/www.interamericanstudies.net\/?page_id=4144\" \/>\n<meta property=\"og:site_name\" content=\"Inter-American Studies\" \/>\n<meta property=\"article:publisher\" content=\"https:\/\/www.facebook.com\/interamericanstudies2009\" \/>\n<meta property=\"article:modified_time\" content=\"2013-02-14T21:30:13+00:00\" \/>\n<meta name=\"twitter:card\" content=\"summary_large_image\" \/>\n<meta name=\"twitter:label1\" content=\"Est. reading time\" \/>\n\t<meta name=\"twitter:data1\" content=\"8 minutes\" \/>\n<script type=\"application\/ld+json\" class=\"yoast-schema-graph\">{\"@context\":\"https:\/\/schema.org\",\"@graph\":[{\"@type\":\"WebPage\",\"@id\":\"http:\/\/www.interamericanstudies.net\/?page_id=4144\",\"url\":\"http:\/\/www.interamericanstudies.net\/?page_id=4144\",\"name\":\"Members Bibliography 2012 - Inter-American Studies\",\"isPartOf\":{\"@id\":\"http:\/\/www.interamericanstudies.net\/#website\"},\"datePublished\":\"2013-02-14T21:15:52+00:00\",\"dateModified\":\"2013-02-14T21:30:13+00:00\",\"breadcrumb\":{\"@id\":\"http:\/\/www.interamericanstudies.net\/?page_id=4144#breadcrumb\"},\"inLanguage\":\"en-US\",\"potentialAction\":[{\"@type\":\"ReadAction\",\"target\":[\"http:\/\/www.interamericanstudies.net\/?page_id=4144\"]}]},{\"@type\":\"BreadcrumbList\",\"@id\":\"http:\/\/www.interamericanstudies.net\/?page_id=4144#breadcrumb\",\"itemListElement\":[{\"@type\":\"ListItem\",\"position\":1,\"name\":\"Home\",\"item\":\"http:\/\/www.interamericanstudies.net\/\"},{\"@type\":\"ListItem\",\"position\":2,\"name\":\"Resources\",\"item\":\"https:\/\/www.interamericanstudies.net\/?page_id=38\"},{\"@type\":\"ListItem\",\"position\":3,\"name\":\"Members Bibliography 2012\"}]},{\"@type\":\"WebSite\",\"@id\":\"http:\/\/www.interamericanstudies.net\/#website\",\"url\":\"http:\/\/www.interamericanstudies.net\/\",\"name\":\"Inter-American Studies\",\"description\":\"International Association of Inter-American Studies\",\"publisher\":{\"@id\":\"http:\/\/www.interamericanstudies.net\/#organization\"},\"potentialAction\":[{\"@type\":\"SearchAction\",\"target\":{\"@type\":\"EntryPoint\",\"urlTemplate\":\"http:\/\/www.interamericanstudies.net\/?s={search_term_string}\"},\"query-input\":{\"@type\":\"PropertyValueSpecification\",\"valueRequired\":true,\"valueName\":\"search_term_string\"}}],\"inLanguage\":\"en-US\"},{\"@type\":\"Organization\",\"@id\":\"http:\/\/www.interamericanstudies.net\/#organization\",\"name\":\"Inter-American Studies\",\"url\":\"http:\/\/www.interamericanstudies.net\/\",\"logo\":{\"@type\":\"ImageObject\",\"inLanguage\":\"en-US\",\"@id\":\"http:\/\/www.interamericanstudies.net\/#\/schema\/logo\/image\/\",\"url\":\"http:\/\/www.interamericanstudies.net\/wp-content\/uploads\/2024\/09\/ias_logo_ohne_kleiner.png\",\"contentUrl\":\"http:\/\/www.interamericanstudies.net\/wp-content\/uploads\/2024\/09\/ias_logo_ohne_kleiner.png\",\"width\":850,\"height\":155,\"caption\":\"Inter-American Studies\"},\"image\":{\"@id\":\"http:\/\/www.interamericanstudies.net\/#\/schema\/logo\/image\/\"},\"sameAs\":[\"https:\/\/www.facebook.com\/interamericanstudies2009\"]}]}<\/script>\n<!-- \/ Yoast SEO plugin. -->","yoast_head_json":{"title":"Members Bibliography 2012 - Inter-American Studies","robots":{"index":"index","follow":"follow","max-snippet":"max-snippet:-1","max-image-preview":"max-image-preview:large","max-video-preview":"max-video-preview:-1"},"canonical":"http:\/\/www.interamericanstudies.net\/?page_id=4144","og_locale":"en_US","og_type":"article","og_title":"Members Bibliography 2012 - Inter-American Studies","og_description":"Altmann, Philipp. \u201cThe Concept of Interculturality in Ecuador. Development and Importance for its Agents\u201d. Center for Area Studies: CAS Working Papers, 1\/2012. http:\/\/www.fu-berlin.de\/sites\/cas\/forschung\/publikationen\/working-papers\/_CAS-Working-Paper-01-12.pdf. Andres, Julia: \u201cChicana Falsa- Of Definitions, Role ...","og_url":"http:\/\/www.interamericanstudies.net\/?page_id=4144","og_site_name":"Inter-American Studies","article_publisher":"https:\/\/www.facebook.com\/interamericanstudies2009","article_modified_time":"2013-02-14T21:30:13+00:00","twitter_card":"summary_large_image","twitter_misc":{"Est. reading time":"8 minutes"},"schema":{"@context":"https:\/\/schema.org","@graph":[{"@type":"WebPage","@id":"http:\/\/www.interamericanstudies.net\/?page_id=4144","url":"http:\/\/www.interamericanstudies.net\/?page_id=4144","name":"Members Bibliography 2012 - Inter-American Studies","isPartOf":{"@id":"http:\/\/www.interamericanstudies.net\/#website"},"datePublished":"2013-02-14T21:15:52+00:00","dateModified":"2013-02-14T21:30:13+00:00","breadcrumb":{"@id":"http:\/\/www.interamericanstudies.net\/?page_id=4144#breadcrumb"},"inLanguage":"en-US","potentialAction":[{"@type":"ReadAction","target":["http:\/\/www.interamericanstudies.net\/?page_id=4144"]}]},{"@type":"BreadcrumbList","@id":"http:\/\/www.interamericanstudies.net\/?page_id=4144#breadcrumb","itemListElement":[{"@type":"ListItem","position":1,"name":"Home","item":"http:\/\/www.interamericanstudies.net\/"},{"@type":"ListItem","position":2,"name":"Resources","item":"https:\/\/www.interamericanstudies.net\/?page_id=38"},{"@type":"ListItem","position":3,"name":"Members Bibliography 2012"}]},{"@type":"WebSite","@id":"http:\/\/www.interamericanstudies.net\/#website","url":"http:\/\/www.interamericanstudies.net\/","name":"Inter-American Studies","description":"International Association of Inter-American Studies","publisher":{"@id":"http:\/\/www.interamericanstudies.net\/#organization"},"potentialAction":[{"@type":"SearchAction","target":{"@type":"EntryPoint","urlTemplate":"http:\/\/www.interamericanstudies.net\/?s={search_term_string}"},"query-input":{"@type":"PropertyValueSpecification","valueRequired":true,"valueName":"search_term_string"}}],"inLanguage":"en-US"},{"@type":"Organization","@id":"http:\/\/www.interamericanstudies.net\/#organization","name":"Inter-American Studies","url":"http:\/\/www.interamericanstudies.net\/","logo":{"@type":"ImageObject","inLanguage":"en-US","@id":"http:\/\/www.interamericanstudies.net\/#\/schema\/logo\/image\/","url":"http:\/\/www.interamericanstudies.net\/wp-content\/uploads\/2024\/09\/ias_logo_ohne_kleiner.png","contentUrl":"http:\/\/www.interamericanstudies.net\/wp-content\/uploads\/2024\/09\/ias_logo_ohne_kleiner.png","width":850,"height":155,"caption":"Inter-American Studies"},"image":{"@id":"http:\/\/www.interamericanstudies.net\/#\/schema\/logo\/image\/"},"sameAs":["https:\/\/www.facebook.com\/interamericanstudies2009"]}]}},"_links":{"self":[{"href":"https:\/\/www.interamericanstudies.net\/index.php?rest_route=\/wp\/v2\/pages\/4144","targetHints":{"allow":["GET"]}}],"collection":[{"href":"https:\/\/www.interamericanstudies.net\/index.php?rest_route=\/wp\/v2\/pages"}],"about":[{"href":"https:\/\/www.interamericanstudies.net\/index.php?rest_route=\/wp\/v2\/types\/page"}],"author":[{"embeddable":true,"href":"https:\/\/www.interamericanstudies.net\/index.php?rest_route=\/wp\/v2\/users\/1"}],"replies":[{"embeddable":true,"href":"https:\/\/www.interamericanstudies.net\/index.php?rest_route=%2Fwp%2Fv2%2Fcomments&post=4144"}],"version-history":[{"count":4,"href":"https:\/\/www.interamericanstudies.net\/index.php?rest_route=\/wp\/v2\/pages\/4144\/revisions"}],"predecessor-version":[{"id":4146,"href":"https:\/\/www.interamericanstudies.net\/index.php?rest_route=\/wp\/v2\/pages\/4144\/revisions\/4146"}],"up":[{"embeddable":true,"href":"https:\/\/www.interamericanstudies.net\/index.php?rest_route=\/wp\/v2\/pages\/38"}],"wp:attachment":[{"href":"https:\/\/www.interamericanstudies.net\/index.php?rest_route=%2Fwp%2Fv2%2Fmedia&parent=4144"}],"curies":[{"name":"wp","href":"https:\/\/api.w.org\/{rel}","templated":true}]}}