{"id":42,"date":"2010-01-18T12:22:27","date_gmt":"2010-01-18T12:22:27","guid":{"rendered":"http:\/\/localhost:8888\/IAS\/?page_id=42"},"modified":"2013-08-26T14:08:20","modified_gmt":"2013-08-26T14:08:20","slug":"book-reviews","status":"publish","type":"page","link":"https:\/\/www.interamericanstudies.net\/?page_id=42","title":{"rendered":"Book Reviews"},"content":{"rendered":"<p>If you are willing to post reviews that you have written of books in Inter-American Studies and if you are authorized under copyright provisions to do so, please send your book reviews to <a href=\"mailto:info@interamericanstudies.net\">info[at]interamericanstudies.net<\/a>.<\/p>\n<p>If you would like to review a book for this site, please also contact <a href=\"mailto:info@interamericanstudies.net\">info[at]interamericanstudies.net<\/a>. To view or download any of the book reviews posted here, please click on it.<\/p>\n<p><a href=\"http:\/\/espacialidades.cua.uam.mx\/wp-content\/uploads\/2013\/08\/Rese%C3%B1a3.pdf\">Jorge Luis Tercero Alvizo reviewed: Raussert, Wilfried, Graciela Mart\u00ednez-Zalce (eds.) <em>(Re)descubriendo &#8216;Am\u00e9rica&#8217;: Road movies y otras narrativas de viaje en Am\u00e9rica del Norte<\/em><\/a><\/p>\n<p><a href=\"http:\/\/www.elojoquepiensa.net\/07\/index.php\/layouts\/screening-the-americas-narration-of-nation-in-documentary-film-proyectando-las-americas-narracion-de-la-nacion-en-el-cine-documental\">Diego Zavala Scherer reviewed: Raab, Josef, Sebastian Thies, and Daniela Noll-Opitz. <em>Screening the Americas: Narration of Nation in Documentary Film \/ Proyectando las Am\u00e9ricas: Narraci\u00f3n de la naci\u00f3n en el cine documental.<\/em><\/a><\/p>\n<p><a href=\"http:\/\/www.interamericanstudies.net\/wp-content\/uploads\/2010\/01\/Lozano.pdf\">Jos\u00e9 Carlos Lozano reviewed: Thies, Sebasti\u00e1n y Raab, Josef.<em> E Pluribus Unum? National and transnational identities in the Americas \/ Identidades nacionales y transnacionales en las Am\u00e9ricas. <\/em><\/a><br \/>\n<a href=\"http:\/\/nuevomundo.revues.org\/index57658.html\"><br \/>\n<\/a><a href=\"http:\/\/nuevomundo.revues.org\/index57658.html\" target=\"_blank\">Carmen Bernard reviewed: Agudelo, Capucine Boidin, Livio Sansone (coord),Autour de l\u2019\u00a0\u00ab\u00a0Atlantique noir\u00a0\u00bb\u00a0. Une polyphonie de perspectives, Paris, Editions de l\u2019IHEAL, 2009, 222 p.<\/a><\/p>\n","protected":false},"excerpt":{"rendered":"<p>If you are willing to post reviews that you have written of books in Inter-American Studies and if you are authorized under copyright provisions to do so, please send your &#8230;<\/p>\n","protected":false},"author":1,"featured_media":0,"parent":38,"menu_order":12,"comment_status":"open","ping_status":"open","template":"","meta":{"footnotes":""},"class_list":["post-42","page","type-page","status-publish","hentry"],"yoast_head":"<!-- This site is optimized with the Yoast SEO plugin v26.8 - https:\/\/yoast.com\/product\/yoast-seo-wordpress\/ -->\n<title>Book Reviews - Inter-American Studies<\/title>\n<meta name=\"robots\" content=\"index, follow, max-snippet:-1, max-image-preview:large, max-video-preview:-1\" \/>\n<link rel=\"canonical\" href=\"https:\/\/www.interamericanstudies.net\/?page_id=42\" \/>\n<meta property=\"og:locale\" content=\"en_US\" \/>\n<meta property=\"og:type\" content=\"article\" \/>\n<meta property=\"og:title\" content=\"Book Reviews - Inter-American Studies\" \/>\n<meta property=\"og:description\" content=\"If you are willing to post reviews that you have written of books in Inter-American Studies and if you are authorized under copyright provisions to do so, please send your ...\" \/>\n<meta property=\"og:url\" content=\"https:\/\/www.interamericanstudies.net\/?page_id=42\" \/>\n<meta property=\"og:site_name\" content=\"Inter-American Studies\" \/>\n<meta property=\"article:publisher\" content=\"https:\/\/www.facebook.com\/interamericanstudies2009\" \/>\n<meta property=\"article:modified_time\" content=\"2013-08-26T14:08:20+00:00\" \/>\n<meta name=\"twitter:card\" content=\"summary_large_image\" \/>\n<meta name=\"twitter:label1\" content=\"Est. reading time\" \/>\n\t<meta name=\"twitter:data1\" content=\"1 minute\" \/>\n<script type=\"application\/ld+json\" class=\"yoast-schema-graph\">{\"@context\":\"https:\/\/schema.org\",\"@graph\":[{\"@type\":\"WebPage\",\"@id\":\"https:\/\/www.interamericanstudies.net\/?page_id=42\",\"url\":\"https:\/\/www.interamericanstudies.net\/?page_id=42\",\"name\":\"Book Reviews - Inter-American Studies\",\"isPartOf\":{\"@id\":\"https:\/\/www.interamericanstudies.net\/#website\"},\"datePublished\":\"2010-01-18T12:22:27+00:00\",\"dateModified\":\"2013-08-26T14:08:20+00:00\",\"breadcrumb\":{\"@id\":\"https:\/\/www.interamericanstudies.net\/?page_id=42#breadcrumb\"},\"inLanguage\":\"en-US\",\"potentialAction\":[{\"@type\":\"ReadAction\",\"target\":[\"https:\/\/www.interamericanstudies.net\/?page_id=42\"]}]},{\"@type\":\"BreadcrumbList\",\"@id\":\"https:\/\/www.interamericanstudies.net\/?page_id=42#breadcrumb\",\"itemListElement\":[{\"@type\":\"ListItem\",\"position\":1,\"name\":\"Home\",\"item\":\"https:\/\/www.interamericanstudies.net\/\"},{\"@type\":\"ListItem\",\"position\":2,\"name\":\"Resources\",\"item\":\"https:\/\/www.interamericanstudies.net\/?page_id=38\"},{\"@type\":\"ListItem\",\"position\":3,\"name\":\"Book Reviews\"}]},{\"@type\":\"WebSite\",\"@id\":\"https:\/\/www.interamericanstudies.net\/#website\",\"url\":\"https:\/\/www.interamericanstudies.net\/\",\"name\":\"Inter-American Studies\",\"description\":\"International Association of Inter-American Studies\",\"publisher\":{\"@id\":\"https:\/\/www.interamericanstudies.net\/#organization\"},\"potentialAction\":[{\"@type\":\"SearchAction\",\"target\":{\"@type\":\"EntryPoint\",\"urlTemplate\":\"https:\/\/www.interamericanstudies.net\/?s={search_term_string}\"},\"query-input\":{\"@type\":\"PropertyValueSpecification\",\"valueRequired\":true,\"valueName\":\"search_term_string\"}}],\"inLanguage\":\"en-US\"},{\"@type\":\"Organization\",\"@id\":\"https:\/\/www.interamericanstudies.net\/#organization\",\"name\":\"Inter-American Studies\",\"url\":\"https:\/\/www.interamericanstudies.net\/\",\"logo\":{\"@type\":\"ImageObject\",\"inLanguage\":\"en-US\",\"@id\":\"https:\/\/www.interamericanstudies.net\/#\/schema\/logo\/image\/\",\"url\":\"http:\/\/www.interamericanstudies.net\/wp-content\/uploads\/2024\/09\/ias_logo_ohne_kleiner.png\",\"contentUrl\":\"http:\/\/www.interamericanstudies.net\/wp-content\/uploads\/2024\/09\/ias_logo_ohne_kleiner.png\",\"width\":850,\"height\":155,\"caption\":\"Inter-American Studies\"},\"image\":{\"@id\":\"https:\/\/www.interamericanstudies.net\/#\/schema\/logo\/image\/\"},\"sameAs\":[\"https:\/\/www.facebook.com\/interamericanstudies2009\"]}]}<\/script>\n<!-- \/ Yoast SEO plugin. -->","yoast_head_json":{"title":"Book Reviews - Inter-American Studies","robots":{"index":"index","follow":"follow","max-snippet":"max-snippet:-1","max-image-preview":"max-image-preview:large","max-video-preview":"max-video-preview:-1"},"canonical":"https:\/\/www.interamericanstudies.net\/?page_id=42","og_locale":"en_US","og_type":"article","og_title":"Book Reviews - Inter-American Studies","og_description":"If you are willing to post reviews that you have written of books in Inter-American Studies and if you are authorized under copyright provisions to do so, please send your ...","og_url":"https:\/\/www.interamericanstudies.net\/?page_id=42","og_site_name":"Inter-American Studies","article_publisher":"https:\/\/www.facebook.com\/interamericanstudies2009","article_modified_time":"2013-08-26T14:08:20+00:00","twitter_card":"summary_large_image","twitter_misc":{"Est. reading time":"1 minute"},"schema":{"@context":"https:\/\/schema.org","@graph":[{"@type":"WebPage","@id":"https:\/\/www.interamericanstudies.net\/?page_id=42","url":"https:\/\/www.interamericanstudies.net\/?page_id=42","name":"Book Reviews - Inter-American Studies","isPartOf":{"@id":"https:\/\/www.interamericanstudies.net\/#website"},"datePublished":"2010-01-18T12:22:27+00:00","dateModified":"2013-08-26T14:08:20+00:00","breadcrumb":{"@id":"https:\/\/www.interamericanstudies.net\/?page_id=42#breadcrumb"},"inLanguage":"en-US","potentialAction":[{"@type":"ReadAction","target":["https:\/\/www.interamericanstudies.net\/?page_id=42"]}]},{"@type":"BreadcrumbList","@id":"https:\/\/www.interamericanstudies.net\/?page_id=42#breadcrumb","itemListElement":[{"@type":"ListItem","position":1,"name":"Home","item":"https:\/\/www.interamericanstudies.net\/"},{"@type":"ListItem","position":2,"name":"Resources","item":"https:\/\/www.interamericanstudies.net\/?page_id=38"},{"@type":"ListItem","position":3,"name":"Book Reviews"}]},{"@type":"WebSite","@id":"https:\/\/www.interamericanstudies.net\/#website","url":"https:\/\/www.interamericanstudies.net\/","name":"Inter-American Studies","description":"International Association of Inter-American Studies","publisher":{"@id":"https:\/\/www.interamericanstudies.net\/#organization"},"potentialAction":[{"@type":"SearchAction","target":{"@type":"EntryPoint","urlTemplate":"https:\/\/www.interamericanstudies.net\/?s={search_term_string}"},"query-input":{"@type":"PropertyValueSpecification","valueRequired":true,"valueName":"search_term_string"}}],"inLanguage":"en-US"},{"@type":"Organization","@id":"https:\/\/www.interamericanstudies.net\/#organization","name":"Inter-American Studies","url":"https:\/\/www.interamericanstudies.net\/","logo":{"@type":"ImageObject","inLanguage":"en-US","@id":"https:\/\/www.interamericanstudies.net\/#\/schema\/logo\/image\/","url":"http:\/\/www.interamericanstudies.net\/wp-content\/uploads\/2024\/09\/ias_logo_ohne_kleiner.png","contentUrl":"http:\/\/www.interamericanstudies.net\/wp-content\/uploads\/2024\/09\/ias_logo_ohne_kleiner.png","width":850,"height":155,"caption":"Inter-American Studies"},"image":{"@id":"https:\/\/www.interamericanstudies.net\/#\/schema\/logo\/image\/"},"sameAs":["https:\/\/www.facebook.com\/interamericanstudies2009"]}]}},"_links":{"self":[{"href":"https:\/\/www.interamericanstudies.net\/index.php?rest_route=\/wp\/v2\/pages\/42","targetHints":{"allow":["GET"]}}],"collection":[{"href":"https:\/\/www.interamericanstudies.net\/index.php?rest_route=\/wp\/v2\/pages"}],"about":[{"href":"https:\/\/www.interamericanstudies.net\/index.php?rest_route=\/wp\/v2\/types\/page"}],"author":[{"embeddable":true,"href":"https:\/\/www.interamericanstudies.net\/index.php?rest_route=\/wp\/v2\/users\/1"}],"replies":[{"embeddable":true,"href":"https:\/\/www.interamericanstudies.net\/index.php?rest_route=%2Fwp%2Fv2%2Fcomments&post=42"}],"version-history":[{"count":3,"href":"https:\/\/www.interamericanstudies.net\/index.php?rest_route=\/wp\/v2\/pages\/42\/revisions"}],"predecessor-version":[{"id":4417,"href":"https:\/\/www.interamericanstudies.net\/index.php?rest_route=\/wp\/v2\/pages\/42\/revisions\/4417"}],"up":[{"embeddable":true,"href":"https:\/\/www.interamericanstudies.net\/index.php?rest_route=\/wp\/v2\/pages\/38"}],"wp:attachment":[{"href":"https:\/\/www.interamericanstudies.net\/index.php?rest_route=%2Fwp%2Fv2%2Fmedia&parent=42"}],"curies":[{"name":"wp","href":"https:\/\/api.w.org\/{rel}","templated":true}]}}