{"id":4631,"date":"2013-12-03T20:24:31","date_gmt":"2013-12-03T20:24:31","guid":{"rendered":"http:\/\/www.interamericanstudies.net\/?page_id=4631"},"modified":"2014-07-26T20:10:43","modified_gmt":"2014-07-26T20:10:43","slug":"decolonization-in-the-americas-continuity-and-change-limaperu-2014","status":"publish","type":"page","link":"https:\/\/www.interamericanstudies.net\/?page_id=4631","title":{"rendered":"De\/Colonization in the Americas: Continuity and Change (Lima\/Peru, 2014)"},"content":{"rendered":"<p>Please note: You need to register <strong>before<\/strong> the conference. There will be <strong>no<\/strong> on-site registration (exception: PUCP students).<\/p>\n<p><a href=\"http:\/\/www.interamericanstudies.net\/wp-content\/uploads\/2013\/12\/Square_in_Lima_Peru_01.jpg\"><img loading=\"lazy\" decoding=\"async\" class=\"alignleft  wp-image-5146\" title=\"Square_in_Lima_Peru_01\" src=\"http:\/\/www.interamericanstudies.net\/wp-content\/uploads\/2013\/12\/Square_in_Lima_Peru_01-300x225.jpg\" alt=\"\" width=\"210\" height=\"158\" srcset=\"https:\/\/www.interamericanstudies.net\/wp-content\/uploads\/2013\/12\/Square_in_Lima_Peru_01-300x225.jpg 300w, https:\/\/www.interamericanstudies.net\/wp-content\/uploads\/2013\/12\/Square_in_Lima_Peru_01-1024x768.jpg 1024w, https:\/\/www.interamericanstudies.net\/wp-content\/uploads\/2013\/12\/Square_in_Lima_Peru_01.jpg 2048w\" sizes=\"auto, (max-width: 210px) 100vw, 210px\" \/><\/a><\/p>\n<p><a href=\"http:\/\/www.interamericanstudies.net\/wp-content\/uploads\/2013\/12\/Lima.Catedral.jpg\"><img loading=\"lazy\" decoding=\"async\" class=\"alignright  wp-image-4661\" title=\"Lima.Catedral\" src=\"http:\/\/www.interamericanstudies.net\/wp-content\/uploads\/2013\/12\/Lima.Catedral-300x243.jpg\" alt=\"\" width=\"189\" height=\"153\" srcset=\"https:\/\/www.interamericanstudies.net\/wp-content\/uploads\/2013\/12\/Lima.Catedral-300x243.jpg 300w, https:\/\/www.interamericanstudies.net\/wp-content\/uploads\/2013\/12\/Lima.Catedral-1024x829.jpg 1024w, https:\/\/www.interamericanstudies.net\/wp-content\/uploads\/2013\/12\/Lima.Catedral.jpg 1942w\" sizes=\"auto, (max-width: 189px) 100vw, 189px\" \/><\/a><\/p>\n<table style=\"font-family: Georgia, 'Times New Roman', 'Bitstream Charter', Times, serif;\" border=\"1\" cellspacing=\"0\" cellpadding=\"0\">\n<tbody>\n<tr>\n<td valign=\"top\" width=\"230\"><strong><span style=\"font-size: large;\">Espa\u00f1ol<\/span><\/strong><\/td>\n<td valign=\"top\" width=\"230\"><strong><span style=\"font-size: large;\">English<\/span><\/strong><\/td>\n<\/tr>\n<tr>\n<td valign=\"top\" width=\"230\"><a href=\"http:\/\/www.interamericanstudies.net\/?p=5094\">Convocatoria al Congreso<\/a><\/td>\n<td valign=\"top\" width=\"230\">\u00a0<a href=\"http:\/\/www.interamericanstudies.net\/?p=4288\">Call for Papers<\/a><\/td>\n<\/tr>\n<tr>\n<td valign=\"top\" width=\"230\"><a href=\"http:\/\/www.interamericanstudies.net\/?p=5042\">Registro<\/a><\/td>\n<td valign=\"top\" width=\"230\"><a href=\"http:\/\/www.interamericanstudies.net\/?p=5044\">Registration<\/a><\/td>\n<\/tr>\n<tr>\n<td valign=\"top\" width=\"230\"><a href=\"http:\/\/www.interamericanstudies.net\/?p=5038\">Alojamiento<\/a><\/td>\n<td valign=\"top\" width=\"230\"><a href=\"http:\/\/www.interamericanstudies.net\/?p=5033\">Accomodation<\/a><\/td>\n<\/tr>\n<tr>\n<td valign=\"top\" width=\"230\"><a href=\"http:\/\/www.interamericanstudies.net\/?p=5040\">Excursiones<\/a><\/td>\n<td valign=\"top\" width=\"230\"><a href=\"http:\/\/www.interamericanstudies.net\/?p=5036\">Excursions\/Tours<\/a><span style=\"line-height: 18px;\">\u00a0<\/span><\/td>\n<\/tr>\n<tr>\n<td valign=\"top\" width=\"230\"><a href=\"http:\/\/www.interamericanstudies.net\/?p=5510\">Programa de la Conferencia<\/a><\/td>\n<td valign=\"top\" width=\"230\"><a href=\"http:\/\/www.interamericanstudies.net\/?p=5502\">Conference Program<\/a><\/td>\n<\/tr>\n<tr>\n<td valign=\"top\" width=\"230\"><a href=\"http:\/\/www.interamericanstudies.net\/?p=5055\">Conferencias Magistrales<\/a><\/td>\n<td valign=\"top\" width=\"230\"><a href=\"http:\/\/www.interamericanstudies.net\/?p=5258\">Keynote Speakers<\/a><\/td>\n<\/tr>\n<tr>\n<td valign=\"top\" width=\"230\"><a href=\"http:\/\/www.interamericanstudies.net\/?p=5137\">Pontif\u00edcia Universidad Cat\u00f3lica del Per\u00fa<\/a><\/td>\n<td valign=\"top\" width=\"230\"><a href=\"http:\/\/www.interamericanstudies.net\/?p=5126\">Hosting University<\/a><span style=\"font-family: Georgia, 'Times New Roman', 'Bitstream Charter', Times, serif; line-height: 18px;\">\u00a0<\/span><\/td>\n<\/tr>\n<\/tbody>\n<\/table>\n<p><a href=\"http:\/\/www.interamericanstudies.net\/wp-content\/uploads\/2013\/12\/descolonizado_bilingue-01.jpg\"><img loading=\"lazy\" decoding=\"async\" class=\"aligncenter size-medium wp-image-5220\" title=\"descolonizado_bilingue-01\" src=\"http:\/\/www.interamericanstudies.net\/wp-content\/uploads\/2013\/12\/descolonizado_bilingue-01-214x300.jpg\" alt=\"\" width=\"214\" height=\"300\" srcset=\"https:\/\/www.interamericanstudies.net\/wp-content\/uploads\/2013\/12\/descolonizado_bilingue-01-214x300.jpg 214w, https:\/\/www.interamericanstudies.net\/wp-content\/uploads\/2013\/12\/descolonizado_bilingue-01-731x1024.jpg 731w, https:\/\/www.interamericanstudies.net\/wp-content\/uploads\/2013\/12\/descolonizado_bilingue-01.jpg 1418w\" sizes=\"auto, (max-width: 214px) 100vw, 214px\" \/><\/a><\/p>\n","protected":false},"excerpt":{"rendered":"<p>Please note: You need to register before the conference. There will be no on-site registration (exception: PUCP students). Espa\u00f1ol English Convocatoria al Congreso \u00a0Call for Papers Registro Registration Alojamiento Accomodation &#8230;<\/p>\n","protected":false},"author":1,"featured_media":0,"parent":29,"menu_order":2,"comment_status":"closed","ping_status":"closed","template":"","meta":{"footnotes":""},"class_list":["post-4631","page","type-page","status-publish","hentry"],"yoast_head":"<!-- This site is optimized with the Yoast SEO plugin v26.8 - https:\/\/yoast.com\/product\/yoast-seo-wordpress\/ -->\n<title>De\/Colonization in the Americas: Continuity and Change (Lima\/Peru, 2014) - Inter-American Studies<\/title>\n<meta name=\"robots\" content=\"index, follow, max-snippet:-1, max-image-preview:large, max-video-preview:-1\" \/>\n<link rel=\"canonical\" href=\"http:\/\/www.interamericanstudies.net\/?page_id=4631\" \/>\n<meta property=\"og:locale\" content=\"en_US\" \/>\n<meta property=\"og:type\" content=\"article\" \/>\n<meta property=\"og:title\" content=\"De\/Colonization in the Americas: Continuity and Change (Lima\/Peru, 2014) - Inter-American Studies\" \/>\n<meta property=\"og:description\" content=\"Please note: You need to register before the conference. There will be no on-site registration (exception: PUCP students). Espa\u00f1ol English Convocatoria al Congreso \u00a0Call for Papers Registro Registration Alojamiento Accomodation ...\" \/>\n<meta property=\"og:url\" content=\"http:\/\/www.interamericanstudies.net\/?page_id=4631\" \/>\n<meta property=\"og:site_name\" content=\"Inter-American Studies\" \/>\n<meta property=\"article:publisher\" content=\"https:\/\/www.facebook.com\/interamericanstudies2009\" \/>\n<meta property=\"article:modified_time\" content=\"2014-07-26T20:10:43+00:00\" \/>\n<meta property=\"og:image\" content=\"http:\/\/www.interamericanstudies.net\/wp-content\/uploads\/2013\/12\/Square_in_Lima_Peru_01-300x225.jpg\" \/>\n<meta name=\"twitter:card\" content=\"summary_large_image\" \/>\n<script type=\"application\/ld+json\" class=\"yoast-schema-graph\">{\"@context\":\"https:\/\/schema.org\",\"@graph\":[{\"@type\":\"WebPage\",\"@id\":\"http:\/\/www.interamericanstudies.net\/?page_id=4631\",\"url\":\"http:\/\/www.interamericanstudies.net\/?page_id=4631\",\"name\":\"De\/Colonization in the Americas: Continuity and Change (Lima\/Peru, 2014) - Inter-American Studies\",\"isPartOf\":{\"@id\":\"http:\/\/www.interamericanstudies.net\/#website\"},\"primaryImageOfPage\":{\"@id\":\"http:\/\/www.interamericanstudies.net\/?page_id=4631#primaryimage\"},\"image\":{\"@id\":\"http:\/\/www.interamericanstudies.net\/?page_id=4631#primaryimage\"},\"thumbnailUrl\":\"http:\/\/www.interamericanstudies.net\/wp-content\/uploads\/2013\/12\/Square_in_Lima_Peru_01-300x225.jpg\",\"datePublished\":\"2013-12-03T20:24:31+00:00\",\"dateModified\":\"2014-07-26T20:10:43+00:00\",\"breadcrumb\":{\"@id\":\"http:\/\/www.interamericanstudies.net\/?page_id=4631#breadcrumb\"},\"inLanguage\":\"en-US\",\"potentialAction\":[{\"@type\":\"ReadAction\",\"target\":[\"http:\/\/www.interamericanstudies.net\/?page_id=4631\"]}]},{\"@type\":\"ImageObject\",\"inLanguage\":\"en-US\",\"@id\":\"http:\/\/www.interamericanstudies.net\/?page_id=4631#primaryimage\",\"url\":\"https:\/\/www.interamericanstudies.net\/wp-content\/uploads\/2013\/12\/Square_in_Lima_Peru_01.jpg\",\"contentUrl\":\"https:\/\/www.interamericanstudies.net\/wp-content\/uploads\/2013\/12\/Square_in_Lima_Peru_01.jpg\",\"width\":\"2048\",\"height\":\"1536\"},{\"@type\":\"BreadcrumbList\",\"@id\":\"http:\/\/www.interamericanstudies.net\/?page_id=4631#breadcrumb\",\"itemListElement\":[{\"@type\":\"ListItem\",\"position\":1,\"name\":\"Home\",\"item\":\"http:\/\/www.interamericanstudies.net\/\"},{\"@type\":\"ListItem\",\"position\":2,\"name\":\"IAS Conferences\",\"item\":\"https:\/\/www.interamericanstudies.net\/?page_id=29\"},{\"@type\":\"ListItem\",\"position\":3,\"name\":\"De\/Colonization in the Americas: Continuity and Change (Lima\/Peru, 2014)\"}]},{\"@type\":\"WebSite\",\"@id\":\"http:\/\/www.interamericanstudies.net\/#website\",\"url\":\"http:\/\/www.interamericanstudies.net\/\",\"name\":\"Inter-American Studies\",\"description\":\"International Association of Inter-American Studies\",\"publisher\":{\"@id\":\"http:\/\/www.interamericanstudies.net\/#organization\"},\"potentialAction\":[{\"@type\":\"SearchAction\",\"target\":{\"@type\":\"EntryPoint\",\"urlTemplate\":\"http:\/\/www.interamericanstudies.net\/?s={search_term_string}\"},\"query-input\":{\"@type\":\"PropertyValueSpecification\",\"valueRequired\":true,\"valueName\":\"search_term_string\"}}],\"inLanguage\":\"en-US\"},{\"@type\":\"Organization\",\"@id\":\"http:\/\/www.interamericanstudies.net\/#organization\",\"name\":\"Inter-American Studies\",\"url\":\"http:\/\/www.interamericanstudies.net\/\",\"logo\":{\"@type\":\"ImageObject\",\"inLanguage\":\"en-US\",\"@id\":\"http:\/\/www.interamericanstudies.net\/#\/schema\/logo\/image\/\",\"url\":\"http:\/\/www.interamericanstudies.net\/wp-content\/uploads\/2024\/09\/ias_logo_ohne_kleiner.png\",\"contentUrl\":\"http:\/\/www.interamericanstudies.net\/wp-content\/uploads\/2024\/09\/ias_logo_ohne_kleiner.png\",\"width\":850,\"height\":155,\"caption\":\"Inter-American Studies\"},\"image\":{\"@id\":\"http:\/\/www.interamericanstudies.net\/#\/schema\/logo\/image\/\"},\"sameAs\":[\"https:\/\/www.facebook.com\/interamericanstudies2009\"]}]}<\/script>\n<!-- \/ Yoast SEO plugin. -->","yoast_head_json":{"title":"De\/Colonization in the Americas: Continuity and Change (Lima\/Peru, 2014) - Inter-American Studies","robots":{"index":"index","follow":"follow","max-snippet":"max-snippet:-1","max-image-preview":"max-image-preview:large","max-video-preview":"max-video-preview:-1"},"canonical":"http:\/\/www.interamericanstudies.net\/?page_id=4631","og_locale":"en_US","og_type":"article","og_title":"De\/Colonization in the Americas: Continuity and Change (Lima\/Peru, 2014) - Inter-American Studies","og_description":"Please note: You need to register before the conference. There will be no on-site registration (exception: PUCP students). Espa\u00f1ol English Convocatoria al Congreso \u00a0Call for Papers Registro Registration Alojamiento Accomodation ...","og_url":"http:\/\/www.interamericanstudies.net\/?page_id=4631","og_site_name":"Inter-American Studies","article_publisher":"https:\/\/www.facebook.com\/interamericanstudies2009","article_modified_time":"2014-07-26T20:10:43+00:00","og_image":[{"url":"http:\/\/www.interamericanstudies.net\/wp-content\/uploads\/2013\/12\/Square_in_Lima_Peru_01-300x225.jpg","type":"","width":"","height":""}],"twitter_card":"summary_large_image","schema":{"@context":"https:\/\/schema.org","@graph":[{"@type":"WebPage","@id":"http:\/\/www.interamericanstudies.net\/?page_id=4631","url":"http:\/\/www.interamericanstudies.net\/?page_id=4631","name":"De\/Colonization in the Americas: Continuity and Change (Lima\/Peru, 2014) - Inter-American Studies","isPartOf":{"@id":"http:\/\/www.interamericanstudies.net\/#website"},"primaryImageOfPage":{"@id":"http:\/\/www.interamericanstudies.net\/?page_id=4631#primaryimage"},"image":{"@id":"http:\/\/www.interamericanstudies.net\/?page_id=4631#primaryimage"},"thumbnailUrl":"http:\/\/www.interamericanstudies.net\/wp-content\/uploads\/2013\/12\/Square_in_Lima_Peru_01-300x225.jpg","datePublished":"2013-12-03T20:24:31+00:00","dateModified":"2014-07-26T20:10:43+00:00","breadcrumb":{"@id":"http:\/\/www.interamericanstudies.net\/?page_id=4631#breadcrumb"},"inLanguage":"en-US","potentialAction":[{"@type":"ReadAction","target":["http:\/\/www.interamericanstudies.net\/?page_id=4631"]}]},{"@type":"ImageObject","inLanguage":"en-US","@id":"http:\/\/www.interamericanstudies.net\/?page_id=4631#primaryimage","url":"https:\/\/www.interamericanstudies.net\/wp-content\/uploads\/2013\/12\/Square_in_Lima_Peru_01.jpg","contentUrl":"https:\/\/www.interamericanstudies.net\/wp-content\/uploads\/2013\/12\/Square_in_Lima_Peru_01.jpg","width":"2048","height":"1536"},{"@type":"BreadcrumbList","@id":"http:\/\/www.interamericanstudies.net\/?page_id=4631#breadcrumb","itemListElement":[{"@type":"ListItem","position":1,"name":"Home","item":"http:\/\/www.interamericanstudies.net\/"},{"@type":"ListItem","position":2,"name":"IAS Conferences","item":"https:\/\/www.interamericanstudies.net\/?page_id=29"},{"@type":"ListItem","position":3,"name":"De\/Colonization in the Americas: Continuity and Change (Lima\/Peru, 2014)"}]},{"@type":"WebSite","@id":"http:\/\/www.interamericanstudies.net\/#website","url":"http:\/\/www.interamericanstudies.net\/","name":"Inter-American Studies","description":"International Association of Inter-American Studies","publisher":{"@id":"http:\/\/www.interamericanstudies.net\/#organization"},"potentialAction":[{"@type":"SearchAction","target":{"@type":"EntryPoint","urlTemplate":"http:\/\/www.interamericanstudies.net\/?s={search_term_string}"},"query-input":{"@type":"PropertyValueSpecification","valueRequired":true,"valueName":"search_term_string"}}],"inLanguage":"en-US"},{"@type":"Organization","@id":"http:\/\/www.interamericanstudies.net\/#organization","name":"Inter-American Studies","url":"http:\/\/www.interamericanstudies.net\/","logo":{"@type":"ImageObject","inLanguage":"en-US","@id":"http:\/\/www.interamericanstudies.net\/#\/schema\/logo\/image\/","url":"http:\/\/www.interamericanstudies.net\/wp-content\/uploads\/2024\/09\/ias_logo_ohne_kleiner.png","contentUrl":"http:\/\/www.interamericanstudies.net\/wp-content\/uploads\/2024\/09\/ias_logo_ohne_kleiner.png","width":850,"height":155,"caption":"Inter-American Studies"},"image":{"@id":"http:\/\/www.interamericanstudies.net\/#\/schema\/logo\/image\/"},"sameAs":["https:\/\/www.facebook.com\/interamericanstudies2009"]}]}},"_links":{"self":[{"href":"https:\/\/www.interamericanstudies.net\/index.php?rest_route=\/wp\/v2\/pages\/4631","targetHints":{"allow":["GET"]}}],"collection":[{"href":"https:\/\/www.interamericanstudies.net\/index.php?rest_route=\/wp\/v2\/pages"}],"about":[{"href":"https:\/\/www.interamericanstudies.net\/index.php?rest_route=\/wp\/v2\/types\/page"}],"author":[{"embeddable":true,"href":"https:\/\/www.interamericanstudies.net\/index.php?rest_route=\/wp\/v2\/users\/1"}],"replies":[{"embeddable":true,"href":"https:\/\/www.interamericanstudies.net\/index.php?rest_route=%2Fwp%2Fv2%2Fcomments&post=4631"}],"version-history":[{"count":52,"href":"https:\/\/www.interamericanstudies.net\/index.php?rest_route=\/wp\/v2\/pages\/4631\/revisions"}],"predecessor-version":[{"id":4635,"href":"https:\/\/www.interamericanstudies.net\/index.php?rest_route=\/wp\/v2\/pages\/4631\/revisions\/4635"}],"up":[{"embeddable":true,"href":"https:\/\/www.interamericanstudies.net\/index.php?rest_route=\/wp\/v2\/pages\/29"}],"wp:attachment":[{"href":"https:\/\/www.interamericanstudies.net\/index.php?rest_route=%2Fwp%2Fv2%2Fmedia&parent=4631"}],"curies":[{"name":"wp","href":"https:\/\/api.w.org\/{rel}","templated":true}]}}