{"id":4875,"date":"2014-03-09T10:12:23","date_gmt":"2014-03-09T10:12:23","guid":{"rendered":"http:\/\/www.interamericanstudies.net\/?page_id=4875"},"modified":"2014-03-18T13:31:43","modified_gmt":"2014-03-18T13:31:43","slug":"members-bibliography-2013","status":"publish","type":"page","link":"https:\/\/www.interamericanstudies.net\/?page_id=4875","title":{"rendered":"Members Bibliography 2013"},"content":{"rendered":"<p>Altmann, Philipp. <em>Die Indigenenbewegung in Ecuador. Diskurs und Dekolonialit\u00e4t.<\/em> Bielefeld: transcript, 2013.<br \/>\n&#8212;. \u201cGemeinschaft und Gemeinsinn als Grundlage politischer Forderungen. Staat und Gesellschaft in der Vision der ecuadorianischen Indigenenbewegung.\u201d <em>GemeinSinn. <\/em><em>Zeitschrift f\u00fcr Kulturwissenschaften<\/em> 2 (2013): 43-52.<br \/>\n&#8212;. \u201cEl Sumak Kawsay en el discurso del movimiento ind\u00edgena ecuatoriano.\u201d <em>INDIANA 30<\/em> (2013): 283-299<br \/>\n&#8212;. \u201c\u00bfA qui\u00e9n representa el movimiento ind\u00edgena en el Ecuador?\u201d <em>\u00bfQui\u00e9n habla por qui\u00e9n? Representatividad y legitimidad de organizaciones y representantes ind\u00edgenas.<\/em> Ed. Sabine Speiser. Quito: Proind\u00edgena\/GIZ\/Abya-Yala, 2013. 114-132<br \/>\n&#8212;. \u201cEl movimiento ind\u00edgena ecuatoriano y su discurso &#8211; Un an\u00e1lisis de discurso centrado en los conceptos.\u201d <em>Proceedings of the 16th International Conference on the History of Concepts<\/em>, Bilbao, 2013. 55-61. DOI:<a href=\"http:\/\/dx.doi.org\/10.1387\/conf.hcg2013.2\">http:\/\/dx.doi.org\/10.1387\/conf.hcg2013.2<\/a>.<br \/>\n&#8212;. \u201cDie Interkulturalit\u00e4t als politischer Begriff in Ecuador.\u201c <em>interculture journal<\/em> 12.21<br \/>\n(2013): 33-43. <a href=\"http:\/\/www.interculture-journal.com\/index.php\/icj\/article\/view\/201\">http:\/\/www.interculture-journal.com\/index.php\/icj\/article\/view\/201<\/a><br \/>\n&#8212;. \u201cEl movimiento ind\u00edgena ecuatoriano como movimiento social.\u201d <em>Revista Andina de Estudios Pol\u00edticos<\/em>\u00a03.2 (2013): 6-31. <a href=\"http:\/\/revistas.ojs.es\/index.php\/revistaestudiosandinos\/article\/view\/1628\/1380\">http:\/\/revistas.ojs.es\/index.php\/revistaestudiosandinos\/article\/view\/1628\/1380<\/a>.<br \/>\n&#8212;. \u201cDas <em>Gute Leben <\/em>als Alternative zum Wachstum? Der Fall Ecuador.\u201c <em>Sozialwissenschaften und Berufspraxis <\/em>36.1, 2013. 101-111. <a href=\"http:\/\/www.consiliencejournal.org\/index.php\/consilience\/article\/viewFile\/340\/165\">http:\/\/www.consiliencejournal.org\/index.php\/consilience\/article\/viewFile\/340\/165<\/a><\/p>\n<p>Barrenechea, Antonio, and Heidrun Moertl, eds. <em>Hemsipheric Indigenous Studies<\/em>. Comparative American Studies: An International Journal. 11.2, 2013.<\/p>\n<p>Benessaieh, Afef. \u201cRecalibrer les relations internationales\u00a0: l\u2019apport des th\u00e9ories critiques.\u201d <em>Les \u00e9tudes strat\u00e9giques au 21<sup>e<\/sup> si\u00e8cle<\/em>. Ed. \u00c9ric Ouellet, Pierre Pahlavi and Miloud Chennoufi Montreal: Athana, 2013. 87-99.<br \/>\n&#8212;. \u201cBoas Goes to Americas\u00a0: the Emergence of Transamerican Conceptions of Culture.\u201d <em>Cultural Challenges of Migrations in Canada\/Les d\u00e9fis culturels de la migration au Canada<\/em>. Ed. Klaus-Dieter Ertler and Patrick Imbert. Francfort: Peter Lang, 2013. 223-242.<\/p>\n<p>Esplin, Emron. \u201cBorges\u2019s Philosophy of Poe\u2019s Composition.\u201d <em>Comparative Literature Studies<\/em> 50.3. (2013): 458-89.<\/p>\n<p>Fitz, Earl E. \u201cThe Importance of Latin American Studies to the Inter-American Project.\u201d <em>The Occasional Papers Series<\/em>, 2013. <a href=\"www.vanderbilt.edu\/clas\/podcasts-publications2\/occasional-papers\/\">www.vanderbilt.edu\/clas\/podcasts-publications2\/occasional-papers\/<\/a><br \/>\n&#8212;.\u00a0\u201cNative American Literature and Its Place in the Inter-American Project.\u201d <em>Hemispheric Indigenous Studies. Comparative American Studies: An International Journal<\/em>. Ed. Antonio Barrenechea and Heidrun Moertl. 11.2, 2013. 124-147.<\/p>\n<p>Giebeler, Cornelia. \u201cAliens. Kindertransmigration in Mexiko.\u201d <em>ILA &#8211; Zeitschrift der informationsstelle Lateinamerika <\/em>366 (2013): 40\u201343.<br \/>\n&#8212;. \u201cConstru\u00e7\u00f5es sobre a inf\u00e2ncia em processos migrat\u00f3rios transnacionais: G\u00eaneros e espa\u00e7os para pol\u00edticas de identidade?\u201d <em>Revista Teias Capa, <\/em><em>Rio de Janeiro, Brazil<\/em><em>,<\/em> <em>14 <\/em>(31). 2013.<br \/>\n&#8212;, Rademacher &amp; Schulze. \u201cIntersektionalit\u00e4t in empirischen Zug\u00e4ngen zu Handlungsfeldern der Sozialen Arbeit: Jugend, Familie, Stadt, Transnationalisierung.\u201d <em>Race, Class, Gender, Body in Handlungsfeldern der Sozialen Arbeit Theoretische Zug\u00e4nge und qualitative Forschungen. <\/em><em>Ed. <\/em>Giebeler, Rademacher, &amp; Schulze. Berlin: Barbara Budrich, 2013.<br \/>\n&#8212;, Rademacher &amp; Schulze, eds. <em>Intersektionen von Race, Class, Gender, Body in Handlungsfeldern der Sozialen Arbeit. Theoretische Zug\u00e4nge und qualitative Forschungen<\/em>. Berlin: Barbara Budrich, 2013.<\/p>\n<p>Goggin, Maureen Daly, and Beth Fowkes Tobin, eds. <em>Women and the Material Culture of\u00a0Death<\/em>. Farnham, UK: Ashgate, 2013.<br \/>\n&#8212;. \u201cStitching (for) His Life: Morris William Larkin\u2019s 1944 Prisoner of War Sampler.\u201d<em>Journal of Modern Craft <\/em>5.4 (2013): 147-63.<br \/>\n&#8212;. \u201cStitching (in) Death: Eighteenth- and Nineteenth-Century American and English Memorial Samplers.\u201d <em>Women and the Material Culture of Death<\/em>. Ed. Maureen Daly Goggin, and Beth Fowkes Tobin. Surrey, England: Ashgate, 2013. 63-89.<\/p>\n<p>Greiffenstern, Alexander, and Josef Raab. \u201cIntroduction: Interculturalism and Difference.\u201d <em>Interculturalism in North America: Canada, the United States, Mexico, and Beyond<\/em>. Inter-American Studies | Estudios interamericanos 8. Ed. Josef Raab and Alexander Greiffenstern. Trier: WVT &amp; Tempe, AZ: Bilingual Press, 2013. 1-23.<\/p>\n<p>Haas, Astrid. \u201cBetween Monroe Doctrine and Manifest Destiny: Spanish American Travel Narratives of Jacksonian America.\u201d <em>Mobile Narratives: Travel, Migration, and Transculturation<\/em>. Ed. Eleftheria Ara\u00adpoglu, M\u00f3nika Fodor and Jopi Nyman. New York: Routledge, 2013. 30-42.<br \/>\n&#8212;, and Alexia Schemien. \u201cRevisiting the Ancestral Past, Envisioning Chicana Lives: An Interview with Santa Barraza, Artist of the Borderlands.\u201d <em>Interculturalism in North<\/em> <em>America: Canada, the United States, Mexico, and Beyond<\/em>. Ed. Josef Raab and Alexander Greiffenstern. Inter-American Studies \/ Estudios interamericanos 8. Trier: WVT; Tempe, AZ: Bilingual Press, 2013. 259-74.<br \/>\n&#8212;. \u201cRemedial Laughter: American Stage Comedy about AIDS.\u201d <em>Communicating Disease:<\/em><em>Cultural Representa\u00adtions of American Medicine<\/em>. Ed. Carmen Birkle and Jo\u00adhanna Heil. American Studies: A Monograph Series 236. Heidelberg: Winter, 2013. 243-64.<em><\/em><\/p>\n<p>Hart, Jonathan.<em> From Shakespeare to Obama: Language, Slavery and Place. <\/em>New York: Palgrave,\u00a02013.<br \/>\n&#8212;.<em> Textual Imitation: Making and Seeing in Literature. <\/em>New York: Palgrave, 2013.<br \/>\n&#8212;. \u201cFrom Vitoria to Obama: Literature, Law, History, and a Hope Beyond Race in the Americas.\u201d <em>Interculturalism in North America: Canada, the United States, Mexico, and Beyond<\/em> Ed. Josef Raab and Alexander Greiffenstern.\u00a0Trier: WVT Wissenschaftlicher Verlag Trier, 2013. 169-86.<\/p>\n<p>Knox, Melissa. \u201cProtean Identity: Religion and Contemporary American Autobiography.\u201d <em>Forum for Inter-American Research<\/em>. 6.1 (2013). <a href=\"http:\/\/interamericaonline.org\/volume6-1\/knox\/\">http:\/\/interamericaonline.org\/volume6-1\/knox\/<\/a><\/p>\n<p>Mohr, Amy Doherty. \u201cMar\u00eda Cristina Mena (1893-1965).\u201d <em>Heath Anthology of American Literature<\/em>. Ed. Paul Lauter et al. 7<sup>th<\/sup> ed. Vol. D. Boston: Cengage, 2013.<\/p>\n<p>Otto, Melanie. \u201c\u2018That Misty Zone Which Divides Life From Death\u2019: The Concept of the Zombi in Jean Rhys\u2019s Short Fiction.\u201d <em>Rhys Matters: New Critical Perspectives.<\/em> Ed. Kerry Johnson and Mary Wilson. New York: Palgrave Macmillan, 2013.<\/p>\n<p>Philippov, Renata. \u201cFragmenta\u00e7\u00e3o e Ins\u00f3lito em Charles Baudelaire: alguns apontamentos.\u201d <em>Pelas Veredas do Fant\u00e1stico, do M\u00edtico e do Maravilhoso<\/em>. Ed. Maria Celeste Tommasello Ramos, Maria Claudia Rodrigues Alves, and Alvaro Luiz Hattnher. S\u00e3o Paulo: Cultura Acad\u00eamica Editora, 2013. 309-319.<br \/>\n&#8212;. \u201cFragmenta\u00e7\u00e3o, Aniquila\u00e7\u00e3o e Queda em Contos de Edgar Allan Poe e Poemas em Prosa de Charles Baudelaire.\u201d\u00a0<em>Anais do <\/em><em>\u00a0IV Simp\u00f3sio Internacional de Letras e Lingu\u00edstica<\/em>. 2013. 1-7.<\/p>\n<p>Prutsch, Ursula and Enrique Rodrigues-Moura. <em>Brasilien: Eine Kulturgeschichte<\/em>. Bielefeld: Transcript Verlag, 2013.<br \/>\n&#8212; and Enrique Rodrigues-Moura, eds. <em>Dossier Brasilien.<\/em> Salzburg: Otto M\u00fcller Verlag, 2013. 24-78.<br \/>\n&#8212;. \u201cR\u00fcckzug und Rampenlicht &#8211; Leopold von Andrian und Paul Frischauer im brasilianischen Exil.\u201c <em>Zwischenwelt. Literatur\/Widerstand\/Exil<\/em> 30, 3-4, 2013. 42-45.<br \/>\n&#8212;. \u201cAufbr\u00fcche und Grenz\u00fcberschreitungen. Brasilien im 21. Jahrhundert.\u201d <em>Literatur + Kritik.<\/em> Salzburg: Otto M\u00fcller Verlag, 2013. 71-78.<br \/>\n&#8212;. \u201cVon Indigenen, Europ\u00e4ern und Japanern: die Globalisierung Paran\u00e1s im fr\u00fchen 20. Jahrhundert.\u201d <em>Brasilien in der Welt. Region, Nation und Globalisierung<\/em>. Ed. Fischer, Peters, Rinke, Schulze. Frankfurt a.M.: Campus 2013. 139-163.<br \/>\n&#8212;. \u201cExil.\u201d <em>Das Lateinamerika Handbuch<\/em>. Ed. Silke Hensel and Barbara Potthast. Bielefeld: Peter Hammer Verlag, 2013. 100-102.<br \/>\n&#8212;. \u201cInter-American Affairs.\u201d <em>USA-Lexikon, Schl\u00fcsselbegriffe zu Politik, Wirtschaft, Gesellschaft, Kultur, Geschichte und zu den deutsch-amerikanischen Beziehungen<\/em>. New edition. Ed. R\u00fcdiger Wersich and Christof Mauch. Berlin: Erich Schmidt Verlag, 2013. 569-575.<\/p>\n<p>Raab, Josef. \u201cBearing Witness to Mexican America: A Conversation with Ana Castillo.\u201d <em>Interculturalism in North America: Canada, the United States, Mexico, and Beyond<\/em>. Inter-American Studies | Estudios interamericanos 8. Ed. Josef Raab and Alexander Greiffenstern. Trier: WVT &amp; Tempe, AZ: Bilingual Press, 2013. 239-250.<\/p>\n<p>&#8212;, and Alexander Greiffenstern, eds. <em>Interculturalism in North America: Canada, the United States, Mexico, and Beyond.\u00a0<\/em>Inter-American Studies | Estudios interamericanos 8. Trier: WVT &amp; Tempe, AZ: Bilingual Press, 2013.<\/p>\n<p>Roth, Julia.\u00a0<em>Entangled Inequalities as Intersectionalities: Towards an Epistemic Sensibilization<\/em>. Berlin: desiguALdades.net: Research Network on Interdependent Inequalities in Latin America. desiguALdades.net Working Paper series. No. 43. 2013.<br \/>\n&#8212;. \u201cNuevos medios, desigualdades persistentes? Pol\u00edticas interseccionales de \u2018raza\u2019 y g\u00e9nero en el ciberespacio.\u201d <em>Espacios de g\u00e9nero<\/em>. Ed. Str\u00f6bele-Gregor Juliana and Wollrad D\u00f6rte. Buenos Aires: ADLAF &#8211; Friedrich-Ebert-Stiftung, Fundaci\u00f3n Foro Nueva Sociedad, 2013. 108\u2013124.<br \/>\n&#8212;. \u201c\u2018A legible face\u2019 auf Facebook?: Politiken von Gender und De\/Kolonialit\u00e4t im Netz.\u201d <em>Kollektivit\u00e4t nach d<\/em><em>er Subjektkritik. Geschlechtertheoretische Positionen<\/em>. Ed. Gabriele J\u00e4hnert, Karin Aleksander, and Marianne Kriszio. Bielefeld: transcript, 2013. 335-355.<\/p>\n<p>Schemien, Alexia. \u201cHybrid Spiritualites in Ana Castillo\u2019s The Guardians.\u201d <em>Forum for Inter-American Research<\/em>. 6.1. (2013). <a href=\"http:\/\/interamericaonline.org\/volume-6-1\/schemien\/\">http:\/\/interamericaonline.org\/volume-6-1\/schemien\/<\/a><\/p>\n<p>Raussert, Wilfried. \u201cFronteras, heterotop\u00eda y comunidades translocales en la pel\u00edcula <em>R\u00edo<\/em><em>Helado de Courtney Hunt<\/em>.\u201d <em>Cine y frontera. Territorios ilimitados de la mirada<\/em>. Ed. Juan Carlos Vargas and Graciela Mart\u00ednze-Zalce. 2013. 45-59.<br \/>\n&#8212;., and Claudius Clairborne. <em>Transcultural Mobility: A Celebration of African American Cultural Production.<\/em> Exhibition catalogue. Houston: CB Press, 2013.<\/p>\n<p>&nbsp;<\/p>\n","protected":false},"excerpt":{"rendered":"<p>Altmann, Philipp. Die Indigenenbewegung in Ecuador. Diskurs und Dekolonialit\u00e4t. Bielefeld: transcript, 2013. &#8212;. \u201cGemeinschaft und Gemeinsinn als Grundlage politischer Forderungen. Staat und Gesellschaft in der Vision der ecuadorianischen Indigenenbewegung.\u201d GemeinSinn. &#8230;<\/p>\n","protected":false},"author":1,"featured_media":0,"parent":38,"menu_order":3,"comment_status":"closed","ping_status":"closed","template":"","meta":{"footnotes":""},"class_list":["post-4875","page","type-page","status-publish","hentry"],"yoast_head":"<!-- This site is optimized with the Yoast SEO plugin v26.8 - https:\/\/yoast.com\/product\/yoast-seo-wordpress\/ -->\n<title>Members Bibliography 2013 - Inter-American Studies<\/title>\n<meta name=\"robots\" content=\"index, follow, max-snippet:-1, max-image-preview:large, max-video-preview:-1\" \/>\n<link rel=\"canonical\" href=\"http:\/\/www.interamericanstudies.net\/?page_id=4875\" \/>\n<meta property=\"og:locale\" content=\"en_US\" \/>\n<meta property=\"og:type\" content=\"article\" \/>\n<meta property=\"og:title\" content=\"Members Bibliography 2013 - Inter-American Studies\" \/>\n<meta property=\"og:description\" content=\"Altmann, Philipp. Die Indigenenbewegung in Ecuador. Diskurs und Dekolonialit\u00e4t. Bielefeld: transcript, 2013. &#8212;. \u201cGemeinschaft und Gemeinsinn als Grundlage politischer Forderungen. Staat und Gesellschaft in der Vision der ecuadorianischen Indigenenbewegung.\u201d GemeinSinn. ...\" \/>\n<meta property=\"og:url\" content=\"http:\/\/www.interamericanstudies.net\/?page_id=4875\" \/>\n<meta property=\"og:site_name\" content=\"Inter-American Studies\" \/>\n<meta property=\"article:publisher\" content=\"https:\/\/www.facebook.com\/interamericanstudies2009\" \/>\n<meta property=\"article:modified_time\" content=\"2014-03-18T13:31:43+00:00\" \/>\n<meta name=\"twitter:card\" content=\"summary_large_image\" \/>\n<meta name=\"twitter:label1\" content=\"Est. reading time\" \/>\n\t<meta name=\"twitter:data1\" content=\"6 minutes\" \/>\n<script type=\"application\/ld+json\" class=\"yoast-schema-graph\">{\"@context\":\"https:\/\/schema.org\",\"@graph\":[{\"@type\":\"WebPage\",\"@id\":\"http:\/\/www.interamericanstudies.net\/?page_id=4875\",\"url\":\"http:\/\/www.interamericanstudies.net\/?page_id=4875\",\"name\":\"Members Bibliography 2013 - Inter-American Studies\",\"isPartOf\":{\"@id\":\"https:\/\/www.interamericanstudies.net\/#website\"},\"datePublished\":\"2014-03-09T10:12:23+00:00\",\"dateModified\":\"2014-03-18T13:31:43+00:00\",\"breadcrumb\":{\"@id\":\"http:\/\/www.interamericanstudies.net\/?page_id=4875#breadcrumb\"},\"inLanguage\":\"en-US\",\"potentialAction\":[{\"@type\":\"ReadAction\",\"target\":[\"http:\/\/www.interamericanstudies.net\/?page_id=4875\"]}]},{\"@type\":\"BreadcrumbList\",\"@id\":\"http:\/\/www.interamericanstudies.net\/?page_id=4875#breadcrumb\",\"itemListElement\":[{\"@type\":\"ListItem\",\"position\":1,\"name\":\"Home\",\"item\":\"https:\/\/www.interamericanstudies.net\/\"},{\"@type\":\"ListItem\",\"position\":2,\"name\":\"Resources\",\"item\":\"https:\/\/www.interamericanstudies.net\/?page_id=38\"},{\"@type\":\"ListItem\",\"position\":3,\"name\":\"Members Bibliography 2013\"}]},{\"@type\":\"WebSite\",\"@id\":\"https:\/\/www.interamericanstudies.net\/#website\",\"url\":\"https:\/\/www.interamericanstudies.net\/\",\"name\":\"Inter-American Studies\",\"description\":\"International Association of Inter-American Studies\",\"publisher\":{\"@id\":\"https:\/\/www.interamericanstudies.net\/#organization\"},\"potentialAction\":[{\"@type\":\"SearchAction\",\"target\":{\"@type\":\"EntryPoint\",\"urlTemplate\":\"https:\/\/www.interamericanstudies.net\/?s={search_term_string}\"},\"query-input\":{\"@type\":\"PropertyValueSpecification\",\"valueRequired\":true,\"valueName\":\"search_term_string\"}}],\"inLanguage\":\"en-US\"},{\"@type\":\"Organization\",\"@id\":\"https:\/\/www.interamericanstudies.net\/#organization\",\"name\":\"Inter-American Studies\",\"url\":\"https:\/\/www.interamericanstudies.net\/\",\"logo\":{\"@type\":\"ImageObject\",\"inLanguage\":\"en-US\",\"@id\":\"https:\/\/www.interamericanstudies.net\/#\/schema\/logo\/image\/\",\"url\":\"http:\/\/www.interamericanstudies.net\/wp-content\/uploads\/2024\/09\/ias_logo_ohne_kleiner.png\",\"contentUrl\":\"http:\/\/www.interamericanstudies.net\/wp-content\/uploads\/2024\/09\/ias_logo_ohne_kleiner.png\",\"width\":850,\"height\":155,\"caption\":\"Inter-American Studies\"},\"image\":{\"@id\":\"https:\/\/www.interamericanstudies.net\/#\/schema\/logo\/image\/\"},\"sameAs\":[\"https:\/\/www.facebook.com\/interamericanstudies2009\"]}]}<\/script>\n<!-- \/ Yoast SEO plugin. -->","yoast_head_json":{"title":"Members Bibliography 2013 - Inter-American Studies","robots":{"index":"index","follow":"follow","max-snippet":"max-snippet:-1","max-image-preview":"max-image-preview:large","max-video-preview":"max-video-preview:-1"},"canonical":"http:\/\/www.interamericanstudies.net\/?page_id=4875","og_locale":"en_US","og_type":"article","og_title":"Members Bibliography 2013 - Inter-American Studies","og_description":"Altmann, Philipp. Die Indigenenbewegung in Ecuador. Diskurs und Dekolonialit\u00e4t. Bielefeld: transcript, 2013. &#8212;. \u201cGemeinschaft und Gemeinsinn als Grundlage politischer Forderungen. Staat und Gesellschaft in der Vision der ecuadorianischen Indigenenbewegung.\u201d GemeinSinn. ...","og_url":"http:\/\/www.interamericanstudies.net\/?page_id=4875","og_site_name":"Inter-American Studies","article_publisher":"https:\/\/www.facebook.com\/interamericanstudies2009","article_modified_time":"2014-03-18T13:31:43+00:00","twitter_card":"summary_large_image","twitter_misc":{"Est. reading time":"6 minutes"},"schema":{"@context":"https:\/\/schema.org","@graph":[{"@type":"WebPage","@id":"http:\/\/www.interamericanstudies.net\/?page_id=4875","url":"http:\/\/www.interamericanstudies.net\/?page_id=4875","name":"Members Bibliography 2013 - Inter-American Studies","isPartOf":{"@id":"https:\/\/www.interamericanstudies.net\/#website"},"datePublished":"2014-03-09T10:12:23+00:00","dateModified":"2014-03-18T13:31:43+00:00","breadcrumb":{"@id":"http:\/\/www.interamericanstudies.net\/?page_id=4875#breadcrumb"},"inLanguage":"en-US","potentialAction":[{"@type":"ReadAction","target":["http:\/\/www.interamericanstudies.net\/?page_id=4875"]}]},{"@type":"BreadcrumbList","@id":"http:\/\/www.interamericanstudies.net\/?page_id=4875#breadcrumb","itemListElement":[{"@type":"ListItem","position":1,"name":"Home","item":"https:\/\/www.interamericanstudies.net\/"},{"@type":"ListItem","position":2,"name":"Resources","item":"https:\/\/www.interamericanstudies.net\/?page_id=38"},{"@type":"ListItem","position":3,"name":"Members Bibliography 2013"}]},{"@type":"WebSite","@id":"https:\/\/www.interamericanstudies.net\/#website","url":"https:\/\/www.interamericanstudies.net\/","name":"Inter-American Studies","description":"International Association of Inter-American Studies","publisher":{"@id":"https:\/\/www.interamericanstudies.net\/#organization"},"potentialAction":[{"@type":"SearchAction","target":{"@type":"EntryPoint","urlTemplate":"https:\/\/www.interamericanstudies.net\/?s={search_term_string}"},"query-input":{"@type":"PropertyValueSpecification","valueRequired":true,"valueName":"search_term_string"}}],"inLanguage":"en-US"},{"@type":"Organization","@id":"https:\/\/www.interamericanstudies.net\/#organization","name":"Inter-American Studies","url":"https:\/\/www.interamericanstudies.net\/","logo":{"@type":"ImageObject","inLanguage":"en-US","@id":"https:\/\/www.interamericanstudies.net\/#\/schema\/logo\/image\/","url":"http:\/\/www.interamericanstudies.net\/wp-content\/uploads\/2024\/09\/ias_logo_ohne_kleiner.png","contentUrl":"http:\/\/www.interamericanstudies.net\/wp-content\/uploads\/2024\/09\/ias_logo_ohne_kleiner.png","width":850,"height":155,"caption":"Inter-American Studies"},"image":{"@id":"https:\/\/www.interamericanstudies.net\/#\/schema\/logo\/image\/"},"sameAs":["https:\/\/www.facebook.com\/interamericanstudies2009"]}]}},"_links":{"self":[{"href":"https:\/\/www.interamericanstudies.net\/index.php?rest_route=\/wp\/v2\/pages\/4875","targetHints":{"allow":["GET"]}}],"collection":[{"href":"https:\/\/www.interamericanstudies.net\/index.php?rest_route=\/wp\/v2\/pages"}],"about":[{"href":"https:\/\/www.interamericanstudies.net\/index.php?rest_route=\/wp\/v2\/types\/page"}],"author":[{"embeddable":true,"href":"https:\/\/www.interamericanstudies.net\/index.php?rest_route=\/wp\/v2\/users\/1"}],"replies":[{"embeddable":true,"href":"https:\/\/www.interamericanstudies.net\/index.php?rest_route=%2Fwp%2Fv2%2Fcomments&post=4875"}],"version-history":[{"count":11,"href":"https:\/\/www.interamericanstudies.net\/index.php?rest_route=\/wp\/v2\/pages\/4875\/revisions"}],"predecessor-version":[{"id":4917,"href":"https:\/\/www.interamericanstudies.net\/index.php?rest_route=\/wp\/v2\/pages\/4875\/revisions\/4917"}],"up":[{"embeddable":true,"href":"https:\/\/www.interamericanstudies.net\/index.php?rest_route=\/wp\/v2\/pages\/38"}],"wp:attachment":[{"href":"https:\/\/www.interamericanstudies.net\/index.php?rest_route=%2Fwp%2Fv2%2Fmedia&parent=4875"}],"curies":[{"name":"wp","href":"https:\/\/api.w.org\/{rel}","templated":true}]}}