{"id":5827,"date":"2015-04-25T16:08:00","date_gmt":"2015-04-25T16:08:00","guid":{"rendered":"http:\/\/www.interamericanstudies.net\/?page_id=5827"},"modified":"2015-04-25T16:08:00","modified_gmt":"2015-04-25T16:08:00","slug":"members-bibliography-2014","status":"publish","type":"page","link":"https:\/\/www.interamericanstudies.net\/?page_id=5827","title":{"rendered":"Members Bibliography 2014"},"content":{"rendered":"<p>Almeida, Diana V. and Margarida de Gato. \u00a0\u201cDislocation and Repossession in\u00a0O Navio dos Negros, Jorge Silva Melo\u2019s Theatrical Reading of Benito Cereno\u201d. \u00a0IJPDS \u2013 <em>International Journal of Portuguese Diaspora Studies<\/em> 2, 2014.<\/p>\n<p>Altmann, Philipp. \u201cEl Sumak Kawsay y el Patrimonio ecuatoriano\u201d. <em>HISTOIRE(S) de l\u2019Am\u00e9rique latine 10<\/em>, 2014.<\/p>\n<p>&#8212;\u00a0 \u201cIntercambios discursivos. Historia migratoria de los conceptos del movimiento ind\u00edgena ecuatoriano\u201d. <em>Ecuador Debate<\/em>\u00a092, 2014: 165-176.<\/p>\n<p>&#8212;\u00a0 \u201cStrategischer Essentialismus als Wiederaneignung von Geschichte. Die Ethnisierung der Indigenenbewegung in Ecuador als Prozess der Subjektwerdung\u201c. <em>Nebulosa<\/em>\u00a05, 2014: 89-104.<\/p>\n<p>&#8212;\u00a0 \u201cInterculturalidad y Plurinacionalidad como conceptos decoloniales \u2013 Colonialidad y discurso ind\u00edgena en el Ecuador\u201d.\u00a0<em>forum for inter-american research <\/em>7.1,\u00a02014.<\/p>\n<p>Barrenechea, Antonio. \u201cIdeas of the Decade: American Literature.\u201d\u00a0<em>Report on the State of the Discipline of Comparative\u00a0Literature<\/em>.<em>\u00a0<\/em>Eds. Eric Hayot and Barbara Harlow, 2014-2015.<\/p>\n<p>Ertler, Klaus-Dieter.<strong> <\/strong><em>La mise en fiction de la ville dans le roman quebecois du XXIe siecle &#8211; Litteratures quebecoise et acadienne contemporaines.<\/em> Ed. Anne-Yvonne Julien. Rennes: Presses universitaires de Rennes, 2014\u00a0: 403-414.<\/p>\n<p>Fitz, Earl E.\u00a0 &#8220;Lima Barreto and Gender:\u00a0 An Inter-American Perspective.&#8221;\u00a0 <em>LIMA BARRETO:\u00a0 NEW CRITICAL PERSPECTIVES.<\/em> \u00a0 Eds. Lamonte Aidoo and Daniel F. Silva. Lanham, MD:\u00a0 Lexington Books, 2014, 9-25.<\/p>\n<p>Fuchs, Rebecca.\u00a0<em>Caribbeanness as a Global Phenomenon: Junot D\u00edaz, Edwidge Danticat, and Cristina Garc\u00eda<\/em>. Trier; Tempe (Arizona, USA): Wissenschaftlicher Verlag Trier; Bilingual Review Press (<em>Inter-American Studies \/ Estudios<\/em><em>\u00a0<\/em>Interamericanos), 2014.<\/p>\n<p>&#8212;\u00a0 \u201cDecolonizing the Plantation Machine as the Curse of Coloniality in Caribbean Theory and Fiction\u201d in\u00a0<em>FIAR (Forum for Interamerican Research)<\/em>\u00a07.3 \u201eSpecial Issue: Theorizing InterAmerican Studies\u201c, 2014.<\/p>\n<p>&#8212; \u00a0\u201cJenseits der Grenzen des epistemischen Ungehorsams. Kommentar zu Tom Waibels\u201a Praktiken des Ungehorsams\u201c.\u00a0<em>ZfK Zeitschrift f\u00fcr Kulturwissenschaften<\/em>\u00a01, 2014.<\/p>\n<p>Graziadei, Daniel. \u201cSapho&#8217;s Blaff de poisson Followed by Flan au coco and a Bit of Slaver&#8217;s Rum. The Fierce Questioning of the Purpose and Power of Fictional Caribbean Communion in \u00c9douard Glissant&#8217;s Ormerod and Fortun\u00e9 Chalumeau&#8217;s D\u00e9sirade, \u00f4 Serpente!\u201d. <em>Caribbean food cultures: Culinary practices and consumption in the Caribbean and its diasporas.<\/em> Eds. Wiebke Beushausen, et al. Bielefeld: Transcript-Verl, 2014.<\/p>\n<p>&#8212; \u00a0\u201cSuperh\u00e9roes y Nazis &#8216;latinoamericanos&#8217;.\u201d <em>Culto del mal, cultura del mal: Realidad, virtualidad, representaci\u00f3n.<\/em> Ed. Susanne Hartwig. Ediciones de Iberoamericana 72, 2014: 169\u201382.<\/p>\n<p>Haas, Astrid, Ed.\u00a0<em>The Harlem Renaissance from an\u00a0Inter-American\u00a0Perspective<\/em>. Special Issue of\u00a0<em>FIAR: Forum for Inter-American Research\u00a0<\/em>7.2, 2014.<\/p>\n<p>Haas, Astrid.\u00a0\u201cA Changing Game: Ethnicity, Gender, and Nation in the U.S. American Soccer Film.\u201d\u00a0<em>Comparative American Studies<\/em>\u00a012.4, 2014: 301-15.<\/p>\n<p>&#8212; \u00a0\u201cIntroduction.\u201d\u00a0<em>The Harlem Renaissance from an\u00a0Inter-American\u00a0Perspective<\/em>. Ed. Astrid Haas.\u00a0<em>FIAR: Forum for Inter-American Research<\/em>\u00a07.2, 2014: 4-9.<\/p>\n<p>&#8212; \u00a0\u201cUn continente \u2018de color\u2019: Langston Hughes y Am\u00e9rica Latina.\u201d\u00a0<em>The Harlem Renaissance from an\u00a0Inter-American\u00a0Perspective<\/em>. Ed. Astrid Haas.\u00a0<em>FIAR: Forum for Inter-American Research<\/em>\u00a07.2, 2014:\u00a036-54.<\/p>\n<p>&#8212; \u00a0\u201cUnited on the Playing Field? Ethnic and Race Relations in U.S. American Youth Team Sports Films.\u201d\u00a0<em>New World Colors: Ethnicity, Belonging, and Difference in the Americas<\/em>. Ed. Josef Raab. Inter-American Studies \/ Estudios interamericanos 9. Trier: WVT; Tempe, AZ: Bilingual Press, 2014: 247-65.<\/p>\n<p>Kaltmeier, Olaf, Sebastian Thies, and Josef Raab. \u201cMulticulturalism and Beyond: The New Dynamics of Identity Politics in the Americas.\u201d <em>The New Dynamics of Identity Politics in the Americas: Multiculturalism and Beyond<\/em>. Eds. Kaltmeier, Thies, and Raab. London &amp; New York: Routledge, 2014: 1-12.<\/p>\n<p>Keller, Gary Francisco. <em>Papa Francisco y San Francisco.<\/em>\u00a0\u00a0Documentary,DVD Video. Tempe, Arizona: Hispanic Research Center, Bilingual Press, 2014.<\/p>\n<p>Kriebernegg, Ulla, Roberta Maierhofer and Hermine Penz, Eds. <strong><em>\u00a0<\/em><\/strong><em>Intercultural<strong> <\/strong>Encounters in Education. <\/em><em>Interkulturelle P\u00e4dagogik<\/em> 13. Wien: LIT, 2014.<\/p>\n<p>Kriebernegg, Ulla, Roberta Maierhofer and Barbara Ratzenb\u00f6ck, Eds.<strong> <\/strong><em>Alive and<strong> <\/strong>Kicking at All Ages: Cultural Constructions of Health and Life Course Identity. Aging Studies<\/em> IV. Bielefeld: transcript, 2014.<\/p>\n<p>Kriebernegg, Ulla.<strong> \u201c<\/strong>Defeating the Nursing Home Specter? Celebrations of Life in the Canadian Short Film \u2018Rhonda\u2019s Party\u2019\u201d.<em> Crossroads in American Studies: Transnational and Biocultural Encounters. American Studies Monograph Series.<\/em> Eds. Frederike Offizier, Marc Priewe, and Ariane Schroder. Heidelberg: Winter, 2014.<\/p>\n<p>Kriebernegg, Ulla, Roberta Maierhofer and Hermine Penz. \u201cIntercultural Encounters<strong> <\/strong>in Education: Introduction\u201d.<strong> <\/strong><em>Intercultural Encounters in Education<\/em>.<strong> <\/strong>Eds. Ulla Kriebernegg, Roberta Maierhofer<strong> <\/strong>and Hermine Penz. Wien: LIT, 2014.<\/p>\n<p>Kriebernegg, Ulla, Roberta Maierhofer and Barbara Ratzenb\u00f6ck<strong>. <\/strong>\u201cRe-Thinking<strong> <\/strong>Material Realities and Cultural Representations<strong> <\/strong>of Age and Aging\u201d. <em>Alive and Kicking<strong> <\/strong>at All Ages: Cultural Constructions of<strong> <\/strong>Health and Life Course Identity. <\/em><em>Aging Studies<\/em> V. Eds. Ulla Kriebernegg, Roberta<strong> <\/strong>Maierhofer and Barbara Ratzenb\u00f6ck.<strong> <\/strong>Bielefeld : transcript, 2014: 9-17.<\/p>\n<p>Maierhofer Roberta.<strong> <\/strong>\u201cAging as Continuity and Change: Age as Personal and Social Transformation\u201d. <em>Identities on the Move<\/em>. Ed. Flocel Sabate. Frankfurt am Main: Peter Lang, 2014: 387-402.<\/p>\n<p>Manthorne, Katherine. \u201cCurating the Nation &amp; the Hemisphere: Mexico and Brazil at the US Centennial\u201d. <em>Journal of Curatorial Studies<\/em> v. 3, 2014: 174-193.<\/p>\n<p>&#8212; \u00a0\u201cHumboldt as Pictorial Muse for Artists in the United States\u201d. <em>The Unity of Nature. Alexander von Humboldt in the Americas.<\/em> NY: Americas Society, 2014.<\/p>\n<p>Philippov, Renata.\u00a0\u201cEdgar Allan Poe e Charles Baudelaire: Di\u00e1logos Intersemi\u00f3ticos e Polissist\u00eamicos.\u201d\u00a0<em>Revista Todas as Letras<\/em><em>\u00a0<\/em>16, 2014: 74-82.<\/p>\n<p>&#8212;\u00a0\u00a0 \u201c\u00a0Poe in Brazil: the Case of \u2018The Fall of the House of Usher\u2019&#8221;.\u00a0<em>Translated Poe.<\/em>\u00a0Ed. Emron Esplin and Margarida Vale de Gato. Bethlehem: Lehigh University Press, 2014: 241-250.<\/p>\n<p>Raab, Josef, Ed. <em>New World Colors: Ethnicity, Belonging, and Difference in the Americas<\/em>. Tempe: Bilingual Press &amp; Trier: Wissenschaftlicher Verlag Trier, 2014.<\/p>\n<p>Kaltmeier, Olaf, Sebastian Thies, and Josef Raab, Eds. <em>The New Dynamics of Identity Politics in the Americas: Multiculturalism and Beyond<\/em>. London &amp; New York: Routledge, 2014.<\/p>\n<p>Raab, Josef \u201cIntroduction: Contested Americas.\u201d <em>New World Colors: Ethnicity, Belonging, and Difference in the Americas<\/em>. Ed. Josef Raab. Tempe: Bilingual Press &amp; Trier: Wissenschaftlicher Verlag Trier, 2014: 1-32.<\/p>\n<p>&#8212;\u00a0 \u201cFrom Spic to Spice: Latinas and Latinos on U.S. Television.\u201d <em>New World Colors: Ethnicity, Belonging, and Difference in the Americas<\/em>. Ed. Josef Raab. Tempe: Bilingual Press &amp; Trier: Wissenschaftlicher Verlag Trier, 2014: 49-116.<\/p>\n<p>&#8212;\u00a0 \u201cInter-American Studies: Why and Whither?\u201d <em>FIAR: Forum for Inter-American Research<\/em> 7.3, 2014.<\/p>\n<p>Raussert, Wilfried. \u201cFronteras, heterotop\u00eda y comunidades translocales en la pel\u00edcula R\u00edo helado, de Courtney Hunt.\u00a0<em>Cine y frontera. Territorios ilimitados de la Mirada.\u00a0<\/em>Eds. Carlos Vargas et al.<em>\u00a0<\/em>M\u00e9xico, D.F.: Bonilla Artigas, 2014: 133-56.<\/p>\n<p>Raussert, Wilfried and Caludius Clairborne. <em>Transcultural Literacy and Mobility<\/em>. Houston: Eastborne, 2014.<\/p>\n<p>Raussert, Wilfried, Ed<em>.\u00a0 fiar forum for inter-american research<\/em>\u00a07.3: Theorizing Hemispheric American Studies, 2014.<\/p>\n<p>Raussert, Wilfried.<strong> <\/strong>\u201cNarrating African American Migrations: Mobile Literary Voices and Shifting Narrative Strategies.\u201d\u00a0<em>Verbum et Lingua<\/em>, 3, 2014: 8-21.<\/p>\n<p>&#8212;\u00a0 \u201cMobilizing America\/Am\u00e9rica: Toward Entangled Americas and a Blueprint for Inter-American Area Studies.\u201c fiar 7.3., 2014: 59-98.<\/p>\n<p>Str\u00f6bele-Gregor, Juliana. &#8220;Litio y desigualdad de conocimiento en Bolivia\u201d. <em>Extractivismo minero en Colombia y Am\u00e9rica Latina.<\/em> &#8220;. Eds. Barbara G\u00f6beland Astrid Ulloa, Astrid. Berlin: Ibero-Amerikanisches Institut\/ Bogot\u00e1: Universidad Nacional de Colombia, 2014: 137-166.<\/p>\n<p>Welskopp, Thomas. \u201cAnti-Saloon League und Ku Kux Klan: Ressourcenmobilisierung durch \u2018charismatische Verb\u00e4nde\u2018\u201c. <em>Theoretische Ans\u00e4tze und Konzepte der Forschung \u00fcber soziale Bewegungen in der Geschichtswissenschaft<\/em>, Eds. J\u00fcrgen Mittag and Helke Stadtlandt. Essen 2014: 241-268.<\/p>\n<p>Wieser, Bernhard, Angelika Brechelmacher and Georg Schendl.<strong><em> <\/em><\/strong>\u201cIdentitaten<strong> <\/strong>und Rollen in inter- und transdisziplinarer<strong> <\/strong>Forschung und Lehre finden \u2013 Interdisziplinar<strong> <\/strong>und transdisziplinar forschen<strong> <\/strong>&#8211; Praktiken und Methoden\u201c. <em>Science Studies<\/em>. Eds. Gert Dressel, Wilhelm Berger,<strong> <\/strong>Katharina Heimerl, and Verena Winiwarter. Bielefeld: transcript, 2014\u00a0: 151-164.<\/p>\n<p>&nbsp;<\/p>\n","protected":false},"excerpt":{"rendered":"<p>Almeida, Diana V. and Margarida de Gato. \u00a0\u201cDislocation and Repossession in\u00a0O Navio dos Negros, Jorge Silva Melo\u2019s Theatrical Reading of Benito Cereno\u201d. \u00a0IJPDS \u2013 International Journal of Portuguese Diaspora Studies &#8230;<\/p>\n","protected":false},"author":1,"featured_media":0,"parent":38,"menu_order":2,"comment_status":"closed","ping_status":"closed","template":"","meta":{"footnotes":""},"class_list":["post-5827","page","type-page","status-publish","hentry"],"yoast_head":"<!-- This site is optimized with the Yoast SEO plugin v26.8 - https:\/\/yoast.com\/product\/yoast-seo-wordpress\/ -->\n<title>Members Bibliography 2014 - Inter-American Studies<\/title>\n<meta name=\"robots\" content=\"index, follow, max-snippet:-1, max-image-preview:large, max-video-preview:-1\" \/>\n<link rel=\"canonical\" href=\"https:\/\/www.interamericanstudies.net\/?page_id=5827\" \/>\n<meta property=\"og:locale\" content=\"en_US\" \/>\n<meta property=\"og:type\" content=\"article\" \/>\n<meta property=\"og:title\" content=\"Members Bibliography 2014 - Inter-American Studies\" \/>\n<meta property=\"og:description\" content=\"Almeida, Diana V. and Margarida de Gato. \u00a0\u201cDislocation and Repossession in\u00a0O Navio dos Negros, Jorge Silva Melo\u2019s Theatrical Reading of Benito Cereno\u201d. \u00a0IJPDS \u2013 International Journal of Portuguese Diaspora Studies ...\" \/>\n<meta property=\"og:url\" content=\"https:\/\/www.interamericanstudies.net\/?page_id=5827\" \/>\n<meta property=\"og:site_name\" content=\"Inter-American Studies\" \/>\n<meta property=\"article:publisher\" content=\"https:\/\/www.facebook.com\/interamericanstudies2009\" \/>\n<meta name=\"twitter:card\" content=\"summary_large_image\" \/>\n<meta name=\"twitter:label1\" content=\"Est. reading time\" \/>\n\t<meta name=\"twitter:data1\" content=\"6 minutes\" \/>\n<script type=\"application\/ld+json\" class=\"yoast-schema-graph\">{\"@context\":\"https:\/\/schema.org\",\"@graph\":[{\"@type\":\"WebPage\",\"@id\":\"https:\/\/www.interamericanstudies.net\/?page_id=5827\",\"url\":\"https:\/\/www.interamericanstudies.net\/?page_id=5827\",\"name\":\"Members Bibliography 2014 - Inter-American Studies\",\"isPartOf\":{\"@id\":\"https:\/\/www.interamericanstudies.net\/#website\"},\"datePublished\":\"2015-04-25T16:08:00+00:00\",\"breadcrumb\":{\"@id\":\"https:\/\/www.interamericanstudies.net\/?page_id=5827#breadcrumb\"},\"inLanguage\":\"en-US\",\"potentialAction\":[{\"@type\":\"ReadAction\",\"target\":[\"https:\/\/www.interamericanstudies.net\/?page_id=5827\"]}]},{\"@type\":\"BreadcrumbList\",\"@id\":\"https:\/\/www.interamericanstudies.net\/?page_id=5827#breadcrumb\",\"itemListElement\":[{\"@type\":\"ListItem\",\"position\":1,\"name\":\"Home\",\"item\":\"https:\/\/www.interamericanstudies.net\/\"},{\"@type\":\"ListItem\",\"position\":2,\"name\":\"Resources\",\"item\":\"https:\/\/www.interamericanstudies.net\/?page_id=38\"},{\"@type\":\"ListItem\",\"position\":3,\"name\":\"Members Bibliography 2014\"}]},{\"@type\":\"WebSite\",\"@id\":\"https:\/\/www.interamericanstudies.net\/#website\",\"url\":\"https:\/\/www.interamericanstudies.net\/\",\"name\":\"Inter-American Studies\",\"description\":\"International Association of Inter-American Studies\",\"publisher\":{\"@id\":\"https:\/\/www.interamericanstudies.net\/#organization\"},\"potentialAction\":[{\"@type\":\"SearchAction\",\"target\":{\"@type\":\"EntryPoint\",\"urlTemplate\":\"https:\/\/www.interamericanstudies.net\/?s={search_term_string}\"},\"query-input\":{\"@type\":\"PropertyValueSpecification\",\"valueRequired\":true,\"valueName\":\"search_term_string\"}}],\"inLanguage\":\"en-US\"},{\"@type\":\"Organization\",\"@id\":\"https:\/\/www.interamericanstudies.net\/#organization\",\"name\":\"Inter-American Studies\",\"url\":\"https:\/\/www.interamericanstudies.net\/\",\"logo\":{\"@type\":\"ImageObject\",\"inLanguage\":\"en-US\",\"@id\":\"https:\/\/www.interamericanstudies.net\/#\/schema\/logo\/image\/\",\"url\":\"http:\/\/www.interamericanstudies.net\/wp-content\/uploads\/2024\/09\/ias_logo_ohne_kleiner.png\",\"contentUrl\":\"http:\/\/www.interamericanstudies.net\/wp-content\/uploads\/2024\/09\/ias_logo_ohne_kleiner.png\",\"width\":850,\"height\":155,\"caption\":\"Inter-American Studies\"},\"image\":{\"@id\":\"https:\/\/www.interamericanstudies.net\/#\/schema\/logo\/image\/\"},\"sameAs\":[\"https:\/\/www.facebook.com\/interamericanstudies2009\"]}]}<\/script>\n<!-- \/ Yoast SEO plugin. -->","yoast_head_json":{"title":"Members Bibliography 2014 - Inter-American Studies","robots":{"index":"index","follow":"follow","max-snippet":"max-snippet:-1","max-image-preview":"max-image-preview:large","max-video-preview":"max-video-preview:-1"},"canonical":"https:\/\/www.interamericanstudies.net\/?page_id=5827","og_locale":"en_US","og_type":"article","og_title":"Members Bibliography 2014 - Inter-American Studies","og_description":"Almeida, Diana V. and Margarida de Gato. \u00a0\u201cDislocation and Repossession in\u00a0O Navio dos Negros, Jorge Silva Melo\u2019s Theatrical Reading of Benito Cereno\u201d. \u00a0IJPDS \u2013 International Journal of Portuguese Diaspora Studies ...","og_url":"https:\/\/www.interamericanstudies.net\/?page_id=5827","og_site_name":"Inter-American Studies","article_publisher":"https:\/\/www.facebook.com\/interamericanstudies2009","twitter_card":"summary_large_image","twitter_misc":{"Est. reading time":"6 minutes"},"schema":{"@context":"https:\/\/schema.org","@graph":[{"@type":"WebPage","@id":"https:\/\/www.interamericanstudies.net\/?page_id=5827","url":"https:\/\/www.interamericanstudies.net\/?page_id=5827","name":"Members Bibliography 2014 - Inter-American Studies","isPartOf":{"@id":"https:\/\/www.interamericanstudies.net\/#website"},"datePublished":"2015-04-25T16:08:00+00:00","breadcrumb":{"@id":"https:\/\/www.interamericanstudies.net\/?page_id=5827#breadcrumb"},"inLanguage":"en-US","potentialAction":[{"@type":"ReadAction","target":["https:\/\/www.interamericanstudies.net\/?page_id=5827"]}]},{"@type":"BreadcrumbList","@id":"https:\/\/www.interamericanstudies.net\/?page_id=5827#breadcrumb","itemListElement":[{"@type":"ListItem","position":1,"name":"Home","item":"https:\/\/www.interamericanstudies.net\/"},{"@type":"ListItem","position":2,"name":"Resources","item":"https:\/\/www.interamericanstudies.net\/?page_id=38"},{"@type":"ListItem","position":3,"name":"Members Bibliography 2014"}]},{"@type":"WebSite","@id":"https:\/\/www.interamericanstudies.net\/#website","url":"https:\/\/www.interamericanstudies.net\/","name":"Inter-American Studies","description":"International Association of Inter-American Studies","publisher":{"@id":"https:\/\/www.interamericanstudies.net\/#organization"},"potentialAction":[{"@type":"SearchAction","target":{"@type":"EntryPoint","urlTemplate":"https:\/\/www.interamericanstudies.net\/?s={search_term_string}"},"query-input":{"@type":"PropertyValueSpecification","valueRequired":true,"valueName":"search_term_string"}}],"inLanguage":"en-US"},{"@type":"Organization","@id":"https:\/\/www.interamericanstudies.net\/#organization","name":"Inter-American Studies","url":"https:\/\/www.interamericanstudies.net\/","logo":{"@type":"ImageObject","inLanguage":"en-US","@id":"https:\/\/www.interamericanstudies.net\/#\/schema\/logo\/image\/","url":"http:\/\/www.interamericanstudies.net\/wp-content\/uploads\/2024\/09\/ias_logo_ohne_kleiner.png","contentUrl":"http:\/\/www.interamericanstudies.net\/wp-content\/uploads\/2024\/09\/ias_logo_ohne_kleiner.png","width":850,"height":155,"caption":"Inter-American Studies"},"image":{"@id":"https:\/\/www.interamericanstudies.net\/#\/schema\/logo\/image\/"},"sameAs":["https:\/\/www.facebook.com\/interamericanstudies2009"]}]}},"_links":{"self":[{"href":"https:\/\/www.interamericanstudies.net\/index.php?rest_route=\/wp\/v2\/pages\/5827","targetHints":{"allow":["GET"]}}],"collection":[{"href":"https:\/\/www.interamericanstudies.net\/index.php?rest_route=\/wp\/v2\/pages"}],"about":[{"href":"https:\/\/www.interamericanstudies.net\/index.php?rest_route=\/wp\/v2\/types\/page"}],"author":[{"embeddable":true,"href":"https:\/\/www.interamericanstudies.net\/index.php?rest_route=\/wp\/v2\/users\/1"}],"replies":[{"embeddable":true,"href":"https:\/\/www.interamericanstudies.net\/index.php?rest_route=%2Fwp%2Fv2%2Fcomments&post=5827"}],"version-history":[{"count":1,"href":"https:\/\/www.interamericanstudies.net\/index.php?rest_route=\/wp\/v2\/pages\/5827\/revisions"}],"predecessor-version":[{"id":5828,"href":"https:\/\/www.interamericanstudies.net\/index.php?rest_route=\/wp\/v2\/pages\/5827\/revisions\/5828"}],"up":[{"embeddable":true,"href":"https:\/\/www.interamericanstudies.net\/index.php?rest_route=\/wp\/v2\/pages\/38"}],"wp:attachment":[{"href":"https:\/\/www.interamericanstudies.net\/index.php?rest_route=%2Fwp%2Fv2%2Fmedia&parent=5827"}],"curies":[{"name":"wp","href":"https:\/\/api.w.org\/{rel}","templated":true}]}}