{"id":6151,"date":"2016-10-02T18:15:56","date_gmt":"2016-10-02T18:15:56","guid":{"rendered":"http:\/\/www.interamericanstudies.net\/?page_id=6151"},"modified":"2016-10-02T18:18:45","modified_gmt":"2016-10-02T18:18:45","slug":"members-bibliography-2015","status":"publish","type":"page","link":"https:\/\/www.interamericanstudies.net\/?page_id=6151","title":{"rendered":"Members Bibliography 2015"},"content":{"rendered":"<p>Altmann, Philipp. \u201c(Wie) Korrumpiert Macht Politische Begriffe? Die Karriere Des \u2018Guten Lebens\u2019 in Ecuador.\u201d Zeitschrift F\u00fcr Politikwissenschaft (2015). 73-92. <\/p>\n<p>&#8212;. \u201cEl movimiento ind\u00edgena ecuatoriano &#8211; educaci\u00f3n como estrategia, interculturalidad como fin.\u201d Ed. Rainer Gehrig and Pr\u00e1xedes Mu\u00f1oz. Educaci\u00f3n, Identidad y Derechos como estrategias de desarrollo de los Pueblos Ind\u00edgenas. Murcia: Fundaci\u00f3n Universitaria San Antonio, 2015. 57-79.<\/p>\n<p>&#8212;. \u201cStudying Discourse Innovations: The Case of the Indigenous Movement in Ecuador.\u201d Historical Social Research \/ Historische Sozialforschung 40 (3) (2015). 161-184.<\/p>\n<p>Alcalde, M. Cristina. \u201cTransformative Journeys: The Impact of First-Time Motherhood on Mexican Women\u2019s Migration Experiences in the US South.\u201d Chicana\/Latina Studies 14.2 (2015). 64-101.<br \/>\nBordo, Susan, M. Cristina Alcalde, and Ellen Rosenman. Provocations: A Transnational Reader in the History of Feminist Thought. Berkeley: University of California Press, 2015.<\/p>\n<p>Andres, Julia. \u00a1Cu\u00e9ntame algo!- Chicana Narrative Beyond the Borderlands. Trier\/Tempe: Wissenschaftlicher Verlag Trier\/Bilingual Press, 2015.<\/p>\n<p>Bellin, Greicy P. \u201cThe quest for national identity in Edgar Allan Poe and Machado de Assis.\u201d International Journal of Language and Literature. V. 3, N. 1. (2015). 143-147. <\/p>\n<p>&#8212;. \u201cModern experience in Poe, Baudelaire and Machado de Assis.\u201d Atiner&#8217;s Conference Paper Series (2015). 3-13. <\/p>\n<p>&#8212;. \u201cEdgar Allan Poe and Machado de Assis: An Overview.\u201d International Journal of Language, Literature and Culture. V. 2. N. 1. (2015). 1-5.  <\/p>\n<p>Barrenechea, Antonio. America Unbound: Encyclopedic Literature and Hemispheric Studies. Albuquerque: University of New Mexico Press, 2016.<\/p>\n<p>&#8212;. \u201cIdeas of the Decade: American Literature.\u201d Ed. Eric Hayot and Barbara Harlow. Report on the State of the Discipline of Comparative Literature. (2014-2015).<\/p>\n<p>Canelo, Maria Jos\u00e9. \u201cProducing Good Neighbors: Carmen Miranda\u2019s body as spectacular pan-Americanism.\u201d R\u00e9vue Fran\u00e7aise d\u00b4Etudes Americaines 2014\/2 (2015). 60-76.<\/p>\n<p>Esplin, Emron. \u201cFaulkner and Latin America; Latin America in Faulkner.\u201d William Faulkner in Context. Ed. John T. Matthews. Cambridge: Cambridge UP, 2015. 270-78. <\/p>\n<p>&#8212;. \u201cJorge Luis Borges\u2019s References to Edgar Allan Poe: An Annotated Bibliography, Section 1.\u201d Poe Studies: History, Theory, Interpretation 48 (2015): 120-60. <\/p>\n<p>Esplin, Emron, and Margarida Vale de Gato. \u201cExcerpt from Translated Poe.\u201d Journal of Transnational American Studies 6.1 (2015): xi- xxi, 329-33.<\/p>\n<p>Fellner, Astrid M. \u201cChicano\/a Poetry: Rodolfo \u201cGorky\u201d Gonzales and Lorna Dee Cervantes.\u201d Ed. Oliver Scheiding, Ren\u00e9 Dietrich, and Clemens Spahr. A History of American Poetry: Contexts \u2013 Developments \u2013 Readings. Trier: WVT \u2013 Handb\u00fccher zum literaturwissenschaftlichen Studium, Band 19, 2015. 427-441.<\/p>\n<p>Fulger, Diana. \u201cInventos: Cuban Rap in a Transnational, Diasporic Context.\u201d Ed. Wilfried Raussert et al. Cruzando Fronteras en las Am\u00e9ricas. Las Din\u00e1micas del Cambio en la Pol\u00edtica, la cultura y los medios. Guadalajara, UdeG, 2015. 265-286.<\/p>\n<p>Graziadei, Daniel. \u201c38. Nissopoiesis: Wie Robinsone ihre Inseln erz\u00e4hlen.\u201d Ed. J\u00f6rg D\u00fcnne and Andreas Mahler. Handbuch Literatur &#038; Raum. Berlin: de Gruyter, 2015. 421\u201330. <\/p>\n<p>Haas, Astrid. \u201cUn continente \u2018de color\u2019: Langston Hughes y Am\u00e9rica Latina.\u201d Ed. Wilfried Raussert et al. Key Tropes in Inter-American Studies: Perspectives from The Forum of Inter-American Research. Inter-American Studies \/ Estudios interamericanos 17. Trier: WVT; Tempe, AZ: Bilingual, Press, 2015. 265-80.<\/p>\n<p>Heide, Markus. \u201cNarcocorridos: Ethnic Tradition, Local Knowledge, and Commercialization.\u201d Ed. Gabriele Pisarz-Ramirez et al. Selling Ethnicity and Race. Trier: Wissenschaftlicher Verlag Trier, 2015. 197-211.<\/p>\n<p>Messmer, Marietta and Armin Paul Frank, eds. The International Turn in American Studies. Frankfurt\/M. and New York: Peter Lang, 2015.<\/p>\n<p>Messmer, Marietta. \u201cIntroduction: Transcending Borders: The International Turn in American Studies.\u201d Ed. Marietta Messmer and Armin Paul Frank. The International Turn in American Studies. Frankfurt\/M. and New York: Peter Lang, 2015. 7-44.<\/p>\n<p>Pfau, Monique. \u201cTraduzir Huysmans: trazendo Paris da virada do s\u00e9culo XIX para leitores brasileiros do s\u00e9culo XXI.\u201d Revista Belas Infi\u00e9is, 3 1 (2015). 201-217.<br \/>\n&#8212;. \u201cTranslating Brazilian Human Sciences into a Lingua Franca.\u201d And Translation Changed the World (and the World Changed Translation). Newcastle: Cambridge Scholars Publishing, 2015. 91-104. <\/p>\n<p>Philippov, Renata. \u201cBlurring Borders: the self, the wanderer and the observer in Edgar Allan Poe, Charles Baudelaire and Machado de Assis.\u201d AmeriQuests 12 (2015). 1-9. <\/p>\n<p>&#8212;. \u201cO jogo intertextual em \u2018S\u00f3\u2019 de Machado de Assis: solid\u00e3o, ins\u00f3lito e (auto)isolamento na metr\u00f3pole.\u201d Ed.  Flavio Garc\u00eda and Marisa Martins Gama-Khalil. Vertentes do Ins\u00f3lito Ficcional &#8211; Ensaios I. Rio de Janeiro: Dialogarts Publica\u00e7\u00f5es, 2015. 244-260.<\/p>\n<p>Prutsch, Ursula. Eva Per\u00f3n. Leben und Sterben einer Legende. M\u00fcnchen. C.H. Beck, 2015.<\/p>\n<p>Raussert, Wilfried et al. (ed.). Key Tropes in Inter-American Studies. Tempe: Bilingual Press, Trier: WVT, 2015. <\/p>\n<p>Raussert, Wilfried et al. (ed.). Cruzando Fronteras en las Am\u00e9ricas. Las Din\u00e1micas del Cambio en la Pol\u00edtica, la cultura y los medios. Guadalajara, UdeG, 2015.<\/p>\n<p>Wilfried Raussert. \u201cSelected Key Tropes in Inter-American Studies.\u201d Key Tropes in Inter-American Studies. Tempe: Bilingual Press, Trier: WVT, 2015. 1-11. <\/p>\n<p>&#8212;. \u201cSonic Cosmopolitics From Above and Below: Entangled Music and Politics from The Jazz Ambassadors to Contemporary Grassroots Movements.\u201d Cruzando Fronteras en las Am\u00e9ricas. Las Din\u00e1micas del Cambio en la Pol\u00edtica, la cultura y los medios. Guadalajara, UdeG, 2015. 287-314.<\/p>\n<p>&#8212;. \u201cPlaying the Social, Dancing the Social, Singing the Social: From &#8216;Say It Loud (I&#8217;m Black and I&#8217;m Proud)&#8217; to Fandango Sin Fronteras.\u201d Musica Oral del Sur 12 (2015). 91-307.<\/p>\n<p>&#8212;. \u201cRegreso a la lentitud o c\u00f3mo narrar &#8216;historias m\u00ednimas&#8217; en la Am\u00e9rica Postfordista.\u201d Ed. Alvara Fernandez and Nancy Berthier. La cultura de las Pantallas. El cine iberoamericano en el panorama audiovisual actual. Nuevo Texto Cr\u00edtico 28\/51 (2015). 219-231. <\/p>\n<p>&#8212;. \u201cNarrating &#8216;Entangled Americas&#8217;: Edwidge Danticat&#8217;s Brother I&#8217;m Dying as Transnational Memoir (2007).\u201d A.r.t.e.s area studies and diversity. Cologne: Graduate School for the Humanities, 2015. 52-60.<\/p>\n<p>Rinke, Stefan. Am\u00e9rica Latina y Estados Unidos: Una historia entre espacios desde la \u00e9poca colonial hasta hoy. Madrid\/M\u00e9xico: Marcial Pons\/El Colegio de M\u00e9xico, 2015.<br \/>\n&#8212;. Am\u00e9rica Latina e Estados Unidos: Uma hist\u00f3ria entre espa\u00e7os \u2013 do per\u00edodo colonial aos d\u00edas atuais. Rio de Janeiro: Autograf\u00eda\/Edupe, 2015.<\/p>\n<p>&#8212;. \u201cNeutrality under Pressure: Latin America, 1914-1917.\u201d Ed. Jos\u00e9-Leonardo Ruiz S\u00e1nchez, Inmaculada Cordero Olivero and Carolina Garc\u00eda Sanz. Shaping Neutrality throughout the First World War. Sevilla: Universidad de Sevilla, 2015. 331-360.<\/p>\n<p>&#8212;. \u201cLa independencia de Brasil: Movimientos entre espacios y el contexto de las revoluciones atl\u00e1nticas, 1808-1831.\u201d Ed. Wilfried Raussert et al. Key Tropes in Inter-American Studies: Perspectives from the Forum of Inter-American Research. Trier: WVT\/Tempe: Bilingual, Press, 2015. 91-118.<\/p>\n<p>&#8212;. \u201cConstructions of Femininity and the &#8216;American Way of Life&#8217; in Latin America in the Early 20th Century.\u201d Ed. Sebastian Thies, Gabriele Pisarz-Ram\u00edrez and Luzelena Guti\u00e9rrez de Velasco. Of Fatherlands and Motherlands: Gender and Nation in the Americas &#8211; De Patrias y Matrias: G\u00e9nero y naci\u00f3n en las Americas. Trier: Wissenschaftlicher Verlag, 2015. 75-87.<\/p>\n<p>&#8212;. \u201cNordamerikanisierung Lateinamerikas.\u201d Ed. Hermann Hiery. Lexikon zur \u00dcberseegeschichte. Stuttgart: Steiner, 2015. 594-595.<\/p>\n<p>Roth, Julia (ed.). Lateinamerikas koloniales Ged\u00e4chtnis: Vom Ende der Ressourcen, so wie wir sie kennen, Zentrum + Peripherie. Baden Baden: Nomos, 2015. <\/p>\n<p>&#8211;. \u201cTracing Intersectionality Back to Its Radical Roots: Las Krudas Cubensis\u2019 Queer Diaspora Hip Hop as \u2018Nu Caribbean Feminism\u2019.\u201d Ed. Martina Urioste-Buschmann.   e-journal EnterText, special issue Crossing Thresholds: Decoloniality and Gender in Caribbean Knowledge (2015).<\/p>\n<p>&#8212;. \u201cBeyond Global Inequalities. Toward a Politics of Trans-Americanity.\u201d Ed. Frederike Offizier, Marc Priewe and Ariane Schr\u00f6der. Crossroads in American Studies: Transnational and Biocultural Encounters. Heidelberg: Winter Verlag, 2015. <\/p>\n<p>Roth, Julia and Maja B\u00e4chler. \u201cBlicke auf den Film \u2018Concerning Violence\u2019 aus dekolonialer Perspektive: Concerning Violence \u2013 Nine Scenes from the Anti-Imperalistic Self-Defence.\u201d Bundeszentrale f\u00fcr politische Bildung (bpb) (2015).<\/p>\n<p>Rozema, Brian et al. (ed.). Key Tropes in Inter-American Studies. Tempe: Bilingual Press, Trier: WVT, 2015. <\/p>\n<p>Sawhney, Minni. \u201cEl narco mundo en las novelas transnacionales de Elmer Mendoza y Don Winslow.\u201d Ed. Cecilia L\u00f3pez B\u00e1dano. Periferias de la Narcocracia, Ensayos sobre Narrativas Contempor\u00e1neas. Buenos Aires: Corregidor, 2015.<\/p>\n<p>&#8212;. \u201cThe Relevance of Gender in the Narco Corrido\/Narco Novel.\u201d Ed. Mukherjee, Bhaduri et.al. Transcultural Negotiations of Gender: Studies in (Be) Longing. New Delhi: Springer, 2015.<br \/>\n&#8212;. \u201cOctavio Paz, Claude Levi Strauss y la India.\u201d Papeles de la India, Vol.44, N\u00famero 1 (2015). 64-76. <\/p>\n<p>Vilalta, Maria Jos\u00e9. \u201cMuerte en los Andes. Sociedad colonial y mortalidad en las haciendas andinas (Ecuador, 1743-1857).\u201d Revista Brasileira de Estudos de Popula\u00e7\u00e3o, 32. 1 (2015). 73-100. <\/p>\n","protected":false},"excerpt":{"rendered":"<p>Altmann, Philipp. \u201c(Wie) Korrumpiert Macht Politische Begriffe? Die Karriere Des \u2018Guten Lebens\u2019 in Ecuador.\u201d Zeitschrift F\u00fcr Politikwissenschaft (2015). 73-92. &#8212;. \u201cEl movimiento ind\u00edgena ecuatoriano &#8211; educaci\u00f3n como estrategia, interculturalidad como &#8230;<\/p>\n","protected":false},"author":1,"featured_media":0,"parent":38,"menu_order":1,"comment_status":"closed","ping_status":"closed","template":"","meta":{"footnotes":""},"class_list":["post-6151","page","type-page","status-publish","hentry"],"yoast_head":"<!-- This site is optimized with the Yoast SEO plugin v26.8 - https:\/\/yoast.com\/product\/yoast-seo-wordpress\/ -->\n<title>Members Bibliography 2015 - Inter-American Studies<\/title>\n<meta name=\"robots\" content=\"index, follow, max-snippet:-1, max-image-preview:large, max-video-preview:-1\" \/>\n<link rel=\"canonical\" href=\"https:\/\/www.interamericanstudies.net\/?page_id=6151\" \/>\n<meta property=\"og:locale\" content=\"en_US\" \/>\n<meta property=\"og:type\" content=\"article\" \/>\n<meta property=\"og:title\" content=\"Members Bibliography 2015 - Inter-American Studies\" \/>\n<meta property=\"og:description\" content=\"Altmann, Philipp. \u201c(Wie) Korrumpiert Macht Politische Begriffe? Die Karriere Des \u2018Guten Lebens\u2019 in Ecuador.\u201d Zeitschrift F\u00fcr Politikwissenschaft (2015). 73-92. &#8212;. \u201cEl movimiento ind\u00edgena ecuatoriano &#8211; educaci\u00f3n como estrategia, interculturalidad como ...\" \/>\n<meta property=\"og:url\" content=\"https:\/\/www.interamericanstudies.net\/?page_id=6151\" \/>\n<meta property=\"og:site_name\" content=\"Inter-American Studies\" \/>\n<meta property=\"article:publisher\" content=\"https:\/\/www.facebook.com\/interamericanstudies2009\" \/>\n<meta property=\"article:modified_time\" content=\"2016-10-02T18:18:45+00:00\" \/>\n<meta name=\"twitter:card\" content=\"summary_large_image\" \/>\n<meta name=\"twitter:label1\" content=\"Est. reading time\" \/>\n\t<meta name=\"twitter:data1\" content=\"6 minutes\" \/>\n<script type=\"application\/ld+json\" class=\"yoast-schema-graph\">{\"@context\":\"https:\/\/schema.org\",\"@graph\":[{\"@type\":\"WebPage\",\"@id\":\"https:\/\/www.interamericanstudies.net\/?page_id=6151\",\"url\":\"https:\/\/www.interamericanstudies.net\/?page_id=6151\",\"name\":\"Members Bibliography 2015 - Inter-American Studies\",\"isPartOf\":{\"@id\":\"http:\/\/www.interamericanstudies.net\/#website\"},\"datePublished\":\"2016-10-02T18:15:56+00:00\",\"dateModified\":\"2016-10-02T18:18:45+00:00\",\"breadcrumb\":{\"@id\":\"https:\/\/www.interamericanstudies.net\/?page_id=6151#breadcrumb\"},\"inLanguage\":\"en-US\",\"potentialAction\":[{\"@type\":\"ReadAction\",\"target\":[\"https:\/\/www.interamericanstudies.net\/?page_id=6151\"]}]},{\"@type\":\"BreadcrumbList\",\"@id\":\"https:\/\/www.interamericanstudies.net\/?page_id=6151#breadcrumb\",\"itemListElement\":[{\"@type\":\"ListItem\",\"position\":1,\"name\":\"Home\",\"item\":\"http:\/\/www.interamericanstudies.net\/\"},{\"@type\":\"ListItem\",\"position\":2,\"name\":\"Resources\",\"item\":\"https:\/\/www.interamericanstudies.net\/?page_id=38\"},{\"@type\":\"ListItem\",\"position\":3,\"name\":\"Members Bibliography 2015\"}]},{\"@type\":\"WebSite\",\"@id\":\"http:\/\/www.interamericanstudies.net\/#website\",\"url\":\"http:\/\/www.interamericanstudies.net\/\",\"name\":\"Inter-American Studies\",\"description\":\"International Association of Inter-American Studies\",\"publisher\":{\"@id\":\"http:\/\/www.interamericanstudies.net\/#organization\"},\"potentialAction\":[{\"@type\":\"SearchAction\",\"target\":{\"@type\":\"EntryPoint\",\"urlTemplate\":\"http:\/\/www.interamericanstudies.net\/?s={search_term_string}\"},\"query-input\":{\"@type\":\"PropertyValueSpecification\",\"valueRequired\":true,\"valueName\":\"search_term_string\"}}],\"inLanguage\":\"en-US\"},{\"@type\":\"Organization\",\"@id\":\"http:\/\/www.interamericanstudies.net\/#organization\",\"name\":\"Inter-American Studies\",\"url\":\"http:\/\/www.interamericanstudies.net\/\",\"logo\":{\"@type\":\"ImageObject\",\"inLanguage\":\"en-US\",\"@id\":\"http:\/\/www.interamericanstudies.net\/#\/schema\/logo\/image\/\",\"url\":\"http:\/\/www.interamericanstudies.net\/wp-content\/uploads\/2024\/09\/ias_logo_ohne_kleiner.png\",\"contentUrl\":\"http:\/\/www.interamericanstudies.net\/wp-content\/uploads\/2024\/09\/ias_logo_ohne_kleiner.png\",\"width\":850,\"height\":155,\"caption\":\"Inter-American Studies\"},\"image\":{\"@id\":\"http:\/\/www.interamericanstudies.net\/#\/schema\/logo\/image\/\"},\"sameAs\":[\"https:\/\/www.facebook.com\/interamericanstudies2009\"]}]}<\/script>\n<!-- \/ Yoast SEO plugin. -->","yoast_head_json":{"title":"Members Bibliography 2015 - Inter-American Studies","robots":{"index":"index","follow":"follow","max-snippet":"max-snippet:-1","max-image-preview":"max-image-preview:large","max-video-preview":"max-video-preview:-1"},"canonical":"https:\/\/www.interamericanstudies.net\/?page_id=6151","og_locale":"en_US","og_type":"article","og_title":"Members Bibliography 2015 - Inter-American Studies","og_description":"Altmann, Philipp. \u201c(Wie) Korrumpiert Macht Politische Begriffe? Die Karriere Des \u2018Guten Lebens\u2019 in Ecuador.\u201d Zeitschrift F\u00fcr Politikwissenschaft (2015). 73-92. &#8212;. \u201cEl movimiento ind\u00edgena ecuatoriano &#8211; educaci\u00f3n como estrategia, interculturalidad como ...","og_url":"https:\/\/www.interamericanstudies.net\/?page_id=6151","og_site_name":"Inter-American Studies","article_publisher":"https:\/\/www.facebook.com\/interamericanstudies2009","article_modified_time":"2016-10-02T18:18:45+00:00","twitter_card":"summary_large_image","twitter_misc":{"Est. reading time":"6 minutes"},"schema":{"@context":"https:\/\/schema.org","@graph":[{"@type":"WebPage","@id":"https:\/\/www.interamericanstudies.net\/?page_id=6151","url":"https:\/\/www.interamericanstudies.net\/?page_id=6151","name":"Members Bibliography 2015 - Inter-American Studies","isPartOf":{"@id":"http:\/\/www.interamericanstudies.net\/#website"},"datePublished":"2016-10-02T18:15:56+00:00","dateModified":"2016-10-02T18:18:45+00:00","breadcrumb":{"@id":"https:\/\/www.interamericanstudies.net\/?page_id=6151#breadcrumb"},"inLanguage":"en-US","potentialAction":[{"@type":"ReadAction","target":["https:\/\/www.interamericanstudies.net\/?page_id=6151"]}]},{"@type":"BreadcrumbList","@id":"https:\/\/www.interamericanstudies.net\/?page_id=6151#breadcrumb","itemListElement":[{"@type":"ListItem","position":1,"name":"Home","item":"http:\/\/www.interamericanstudies.net\/"},{"@type":"ListItem","position":2,"name":"Resources","item":"https:\/\/www.interamericanstudies.net\/?page_id=38"},{"@type":"ListItem","position":3,"name":"Members Bibliography 2015"}]},{"@type":"WebSite","@id":"http:\/\/www.interamericanstudies.net\/#website","url":"http:\/\/www.interamericanstudies.net\/","name":"Inter-American Studies","description":"International Association of Inter-American Studies","publisher":{"@id":"http:\/\/www.interamericanstudies.net\/#organization"},"potentialAction":[{"@type":"SearchAction","target":{"@type":"EntryPoint","urlTemplate":"http:\/\/www.interamericanstudies.net\/?s={search_term_string}"},"query-input":{"@type":"PropertyValueSpecification","valueRequired":true,"valueName":"search_term_string"}}],"inLanguage":"en-US"},{"@type":"Organization","@id":"http:\/\/www.interamericanstudies.net\/#organization","name":"Inter-American Studies","url":"http:\/\/www.interamericanstudies.net\/","logo":{"@type":"ImageObject","inLanguage":"en-US","@id":"http:\/\/www.interamericanstudies.net\/#\/schema\/logo\/image\/","url":"http:\/\/www.interamericanstudies.net\/wp-content\/uploads\/2024\/09\/ias_logo_ohne_kleiner.png","contentUrl":"http:\/\/www.interamericanstudies.net\/wp-content\/uploads\/2024\/09\/ias_logo_ohne_kleiner.png","width":850,"height":155,"caption":"Inter-American Studies"},"image":{"@id":"http:\/\/www.interamericanstudies.net\/#\/schema\/logo\/image\/"},"sameAs":["https:\/\/www.facebook.com\/interamericanstudies2009"]}]}},"_links":{"self":[{"href":"https:\/\/www.interamericanstudies.net\/index.php?rest_route=\/wp\/v2\/pages\/6151","targetHints":{"allow":["GET"]}}],"collection":[{"href":"https:\/\/www.interamericanstudies.net\/index.php?rest_route=\/wp\/v2\/pages"}],"about":[{"href":"https:\/\/www.interamericanstudies.net\/index.php?rest_route=\/wp\/v2\/types\/page"}],"author":[{"embeddable":true,"href":"https:\/\/www.interamericanstudies.net\/index.php?rest_route=\/wp\/v2\/users\/1"}],"replies":[{"embeddable":true,"href":"https:\/\/www.interamericanstudies.net\/index.php?rest_route=%2Fwp%2Fv2%2Fcomments&post=6151"}],"version-history":[{"count":3,"href":"https:\/\/www.interamericanstudies.net\/index.php?rest_route=\/wp\/v2\/pages\/6151\/revisions"}],"predecessor-version":[{"id":6153,"href":"https:\/\/www.interamericanstudies.net\/index.php?rest_route=\/wp\/v2\/pages\/6151\/revisions\/6153"}],"up":[{"embeddable":true,"href":"https:\/\/www.interamericanstudies.net\/index.php?rest_route=\/wp\/v2\/pages\/38"}],"wp:attachment":[{"href":"https:\/\/www.interamericanstudies.net\/index.php?rest_route=%2Fwp%2Fv2%2Fmedia&parent=6151"}],"curies":[{"name":"wp","href":"https:\/\/api.w.org\/{rel}","templated":true}]}}